{"id":776233,"date":"2025-09-23T10:48:07","date_gmt":"2025-09-23T07:48:07","guid":{"rendered":"https:\/\/roveyayinevi.com.tr\/index.php\/urun\/evimiz\/"},"modified":"2026-04-15T03:34:01","modified_gmt":"2026-04-15T00:34:01","slug":"evimiz","status":"publish","type":"product","link":"https:\/\/roveyayinevi.com.tr\/index.php\/urun\/evimiz\/","title":{"rendered":"Evimiz"},"content":{"rendered":"<p>Evler hakk\u0131nda merak ettikleriniz bu kitapta. Ge\u00e7mi\u015ften g\u00fcn\u00fcm\u00fcze, yak\u0131n \u00e7evreden d\u00fcnyan\u0131n di\u011fer ucuna uzanan bar\u0131nma bi\u00e7imleri hakk\u0131nda bilgi veren Evimiz, farkl\u0131 evlerin nas\u0131l in\u015fa edildi\u011fini, bir evde yer alan odalar\u0131 ve hayvanlar\u0131n nas\u0131l ya\u015fad\u0131\u011f\u0131n\u0131 anlat\u0131yor. Yumu\u015fac\u0131k ve a\u00e7\u0131klay\u0131c\u0131 \u00e7izimleri, yanlara a\u00e7\u0131lan geni\u015f sayfalar\u0131 ve soru-cevaplar\u0131yla merakl\u0131 \u00e7ocuklar\u0131n zihninde yepyeni kap\u0131lar aral\u0131yor.Bar\u0131nma bi\u00e7imleri \u00fczerine e\u011flenceli ve bilgilendirici bir resimli kitap.<\/p>\n","protected":false},"excerpt":{"rendered":"<p>Evler hakk\u0131nda merak ettikleriniz bu kitapta. Ge\u00e7mi\u015ften g\u00fcn\u00fcm\u00fcze, yak\u0131n \u00e7evreden d\u00fcnyan\u0131n di\u011fer ucuna uzanan bar\u0131nma bi\u00e7imleri hakk\u0131nda bilgi veren Evimiz, farkl\u0131 evlerin nas\u0131l in\u015fa edildi\u011fini, bir<span class=\"excerpt-hellip\"> [\u2026]<\/span><\/p>\n","protected":false},"featured_media":0,"template":"","meta":{"_monsterinsights_skip_tracking":false,"_monsterinsights_sitenote_active":false,"_monsterinsights_sitenote_note":"","_monsterinsights_sitenote_category":0},"product_brand":[],"product_cat":[12274,12284],"product_tag":[],"class_list":{"0":"post-776233","1":"product","2":"type-product","3":"status-publish","5":"product_cat-cocuk-ve-genclik-kitaplari","6":"product_cat-hikayeler","7":"pa_cilt-ciltsiz","8":"pa_tur-kitap","9":"pa_yayinevi-meav-yayincilik","10":"pa_yazar-isabelle-de-ridder","12":"first","13":"instock","14":"sale","15":"shipping-taxable","16":"purchasable","17":"product-type-simple"},"_links":{"self":[{"href":"https:\/\/roveyayinevi.com.tr\/index.php\/wp-json\/wp\/v2\/product\/776233","targetHints":{"allow":["GET"]}}],"collection":[{"href":"https:\/\/roveyayinevi.com.tr\/index.php\/wp-json\/wp\/v2\/product"}],"about":[{"href":"https:\/\/roveyayinevi.com.tr\/index.php\/wp-json\/wp\/v2\/types\/product"}],"wp:attachment":[{"href":"https:\/\/roveyayinevi.com.tr\/index.php\/wp-json\/wp\/v2\/media?parent=776233"}],"wp:term":[{"taxonomy":"product_brand","embeddable":true,"href":"https:\/\/roveyayinevi.com.tr\/index.php\/wp-json\/wp\/v2\/product_brand?post=776233"},{"taxonomy":"product_cat","embeddable":true,"href":"https:\/\/roveyayinevi.com.tr\/index.php\/wp-json\/wp\/v2\/product_cat?post=776233"},{"taxonomy":"product_tag","embeddable":true,"href":"https:\/\/roveyayinevi.com.tr\/index.php\/wp-json\/wp\/v2\/product_tag?post=776233"}],"curies":[{"name":"wp","href":"https:\/\/api.w.org\/{rel}","templated":true}]}}