{"id":776231,"date":"2025-09-23T10:34:10","date_gmt":"2025-09-23T07:34:10","guid":{"rendered":"https:\/\/roveyayinevi.com.tr\/index.php\/urun\/beklemeye-deger\/"},"modified":"2026-04-08T03:28:27","modified_gmt":"2026-04-08T00:28:27","slug":"beklemeye-deger","status":"publish","type":"product","link":"https:\/\/roveyayinevi.com.tr\/index.php\/urun\/beklemeye-deger\/","title":{"rendered":"Beklemeye De\u011fer&#8230;"},"content":{"rendered":"<p>HER S\u0327EYI\u0307N BI\u0307R MEVSI\u0307MI\u0307 VARDIR. Bir DAKI\u0307KACIKTAN koca bir YU\u0308ZYILA; kalpler atar, ag\u0306ac\u0327lar c\u0327ic\u0327ek ac\u0327ar ve insan bir O\u0308MU\u0308R gec\u0327irir. Bu kitapta bitkilerin, ag\u0306ac\u0327lar\u0131n, hayvanlar\u0131n ve insanlar\u0131n yas\u0327am do\u0308ngu\u0308lerine tan\u0131k olurken gu\u0308zel s\u0327eylerin beklemeye deg\u0306er oldug\u0306unu kes\u0327fedeceksin<\/p>\n","protected":false},"excerpt":{"rendered":"<p>HER S\u0327EYI\u0307N BI\u0307R MEVSI\u0307MI\u0307 VARDIR. Bir DAKI\u0307KACIKTAN koca bir YU\u0308ZYILA; kalpler atar, ag\u0306ac\u0327lar c\u0327ic\u0327ek ac\u0327ar ve insan bir O\u0308MU\u0308R gec\u0327irir. Bu kitapta bitkilerin, ag\u0306ac\u0327lar\u0131n, hayvanlar\u0131n ve<span class=\"excerpt-hellip\"> [\u2026]<\/span><\/p>\n","protected":false},"featured_media":0,"template":"","meta":{"_monsterinsights_skip_tracking":false,"_monsterinsights_sitenote_active":false,"_monsterinsights_sitenote_note":"","_monsterinsights_sitenote_category":0},"product_brand":[],"product_cat":[12274],"product_tag":[],"class_list":{"0":"post-776231","1":"product","2":"type-product","3":"status-publish","5":"product_cat-cocuk-ve-genclik-kitaplari","6":"pa_cilt-ciltsiz","7":"pa_tur-kitap","8":"pa_yayinevi-meav-yayincilik","9":"pa_yazar-rachel-williams","11":"first","12":"instock","13":"sale","14":"shipping-taxable","15":"purchasable","16":"product-type-simple"},"_links":{"self":[{"href":"https:\/\/roveyayinevi.com.tr\/index.php\/wp-json\/wp\/v2\/product\/776231","targetHints":{"allow":["GET"]}}],"collection":[{"href":"https:\/\/roveyayinevi.com.tr\/index.php\/wp-json\/wp\/v2\/product"}],"about":[{"href":"https:\/\/roveyayinevi.com.tr\/index.php\/wp-json\/wp\/v2\/types\/product"}],"wp:attachment":[{"href":"https:\/\/roveyayinevi.com.tr\/index.php\/wp-json\/wp\/v2\/media?parent=776231"}],"wp:term":[{"taxonomy":"product_brand","embeddable":true,"href":"https:\/\/roveyayinevi.com.tr\/index.php\/wp-json\/wp\/v2\/product_brand?post=776231"},{"taxonomy":"product_cat","embeddable":true,"href":"https:\/\/roveyayinevi.com.tr\/index.php\/wp-json\/wp\/v2\/product_cat?post=776231"},{"taxonomy":"product_tag","embeddable":true,"href":"https:\/\/roveyayinevi.com.tr\/index.php\/wp-json\/wp\/v2\/product_tag?post=776231"}],"curies":[{"name":"wp","href":"https:\/\/api.w.org\/{rel}","templated":true}]}}