{"id":776230,"date":"2025-09-23T10:25:39","date_gmt":"2025-09-23T07:25:39","guid":{"rendered":"https:\/\/roveyayinevi.com.tr\/index.php\/urun\/arkadasim-andy-ciltli\/"},"modified":"2026-04-15T03:30:26","modified_gmt":"2026-04-15T00:30:26","slug":"arkadasim-andy-ciltli","status":"publish","type":"product","link":"https:\/\/roveyayinevi.com.tr\/index.php\/urun\/arkadasim-andy-ciltli\/","title":{"rendered":"Arkada\u015f\u0131m Andy (Ciltli)"},"content":{"rendered":"<p>Hi\u00e7 kimse, \u015fehirde kaybolan k\u00fc\u00e7\u00fck k\u00f6pe\u011fi g\u00f6rm\u00fcyor gibiydi&#8230; Andy d\u0131\u015f\u0131nda hi\u00e7 kimse!Emma Chinnery&#8217;nin iki k\u00f6pe\u011fin dostlu\u011funu anlatt\u0131\u011f\u0131 bu dokunakl\u0131 ve \u00f6zenle kurgulanm\u0131\u015f hik\u00e2ye, evsizli\u011fe dair d\u00fc\u015f\u00fcnceleri yeniden \u015fekillendiriyor. <\/p>\n","protected":false},"excerpt":{"rendered":"<p>Hi\u00e7 kimse, \u015fehirde kaybolan k\u00fc\u00e7\u00fck k\u00f6pe\u011fi g\u00f6rm\u00fcyor gibiydi&#8230; Andy d\u0131\u015f\u0131nda hi\u00e7 kimse!Emma Chinnery&#8217;nin iki k\u00f6pe\u011fin dostlu\u011funu anlatt\u0131\u011f\u0131 bu dokunakl\u0131 ve \u00f6zenle kurgulanm\u0131\u015f hik\u00e2ye, evsizli\u011fe dair d\u00fc\u015f\u00fcnceleri<span class=\"excerpt-hellip\"> [\u2026]<\/span><\/p>\n","protected":false},"featured_media":0,"template":"","meta":{"_monsterinsights_skip_tracking":false,"_monsterinsights_sitenote_active":false,"_monsterinsights_sitenote_note":"","_monsterinsights_sitenote_category":0},"product_brand":[],"product_cat":[12274,12284],"product_tag":[],"class_list":{"0":"post-776230","1":"product","2":"type-product","3":"status-publish","5":"product_cat-cocuk-ve-genclik-kitaplari","6":"product_cat-hikayeler","7":"pa_cilt-ciltli","8":"pa_tur-kitap","9":"pa_yayinevi-meav-yayincilik","10":"pa_yazar-emma-chinnery","12":"first","13":"instock","14":"sale","15":"shipping-taxable","16":"purchasable","17":"product-type-simple"},"_links":{"self":[{"href":"https:\/\/roveyayinevi.com.tr\/index.php\/wp-json\/wp\/v2\/product\/776230","targetHints":{"allow":["GET"]}}],"collection":[{"href":"https:\/\/roveyayinevi.com.tr\/index.php\/wp-json\/wp\/v2\/product"}],"about":[{"href":"https:\/\/roveyayinevi.com.tr\/index.php\/wp-json\/wp\/v2\/types\/product"}],"wp:attachment":[{"href":"https:\/\/roveyayinevi.com.tr\/index.php\/wp-json\/wp\/v2\/media?parent=776230"}],"wp:term":[{"taxonomy":"product_brand","embeddable":true,"href":"https:\/\/roveyayinevi.com.tr\/index.php\/wp-json\/wp\/v2\/product_brand?post=776230"},{"taxonomy":"product_cat","embeddable":true,"href":"https:\/\/roveyayinevi.com.tr\/index.php\/wp-json\/wp\/v2\/product_cat?post=776230"},{"taxonomy":"product_tag","embeddable":true,"href":"https:\/\/roveyayinevi.com.tr\/index.php\/wp-json\/wp\/v2\/product_tag?post=776230"}],"curies":[{"name":"wp","href":"https:\/\/api.w.org\/{rel}","templated":true}]}}