{"id":776229,"date":"2025-09-23T10:00:19","date_gmt":"2025-09-23T07:00:19","guid":{"rendered":"https:\/\/roveyayinevi.com.tr\/index.php\/urun\/sapinuvaya-adanmis-hayatlar-ciltli\/"},"modified":"2026-04-16T03:13:38","modified_gmt":"2026-04-16T00:13:38","slug":"sapinuvaya-adanmis-hayatlar-ciltli","status":"publish","type":"product","link":"https:\/\/roveyayinevi.com.tr\/index.php\/urun\/sapinuvaya-adanmis-hayatlar-ciltli\/","title":{"rendered":"\u015eapinuva\u2019ya Adanm\u0131\u015f Hayatlar (Ciltli)"},"content":{"rendered":"<p>\u00c7ok eski zamanlarda k\u00e2hinler her \u015fehre bir \u2018t\u0131ls\u0131m\u2019 yaparm\u0131\u015f. \u00c7\u00fcnk\u00fc kentlerin bir ruhu oldu\u011funa inan\u0131l\u0131rm\u0131\u015f. Kent, tar\u0131m \u015fehriyse t\u0131ls\u0131m topra\u011fa; su \u015fehriyse suya, bozk\u0131rsa r\u00fczg\u00e2ra yap\u0131l\u0131rm\u0131\u015f&#8230; T\u0131ls\u0131m bozuluncaya kadar o kent ya\u015farm\u0131\u015f\u2026Anlat\u0131ya g\u00f6re zaman\u0131n birinde, Akdeniz\u2019in g\u00f6z bebe\u011fi Kartaca\u2019ya da t\u0131ls\u0131m yap\u0131lm\u0131\u015f. \u00d6nce tun\u00e7tan sabana ba\u011flanan iki beyaz \u00f6k\u00fcz, \u015fehir i\u00e7in se\u00e7ilmi\u015f bir mek\u00e2nda i\u00e7ten d\u0131\u015fa do\u011fru dola\u015ft\u0131r\u0131larak kutsal bir \u00e7ember olu\u015fturulmu\u015f ard\u0131ndan bu \u00e7embere \u015fehrin surlar\u0131 in\u015fa edilmi\u015f. Romal\u0131lar, Kartaca\u2019y\u0131 ele ge\u00e7irdiklerinde ilk i\u015f olarak ne yapm\u0131\u015f? Yak\u0131p y\u0131kt\u0131klar\u0131 kentin \u00fczerinde saban\u0131 ters y\u00f6nde s\u00fcrerek t\u0131ls\u0131m\u0131 bozmak\u2026 T\u0131ls\u0131m bozulmu\u015f, \u015fehrin ruhu \u00f6lm\u00fc\u015f ve Kartaca bir daha geri gelmeyecek \u015fekilde tarihten silinmi\u015f.\u201d \u015eehir, mimari midir yoksa bir naz\u0131m plan\u0131 m\u0131? Evlerin, tap\u0131naklar\u0131n, saraylar\u0131n genel toplam\u0131 m\u0131? Nedir \u015fehir? Neresidir? \u015eehir, mimari dokusu, politik tercihleri sosyal ve k\u00fclt\u00fcrel \u00f6r\u00fcnt\u00fcleriyle ait oldu\u011fu toplulu\u011fa ayna tutan bir kimlik; ya\u015fayan, \u00f6lm\u00fc\u015f ve ileride do\u011facak olan ku\u015faklar aras\u0131nda bir k\u00f6pr\u00fc; kollektif haf\u0131zan\u0131n merkezi, insani bir tasar\u0131md\u0131r\u2026 Sava\u015flar, g\u00f6\u00e7ler, seller, yang\u0131nlar, y\u00f6netsel kararlar, g\u00fcndelik hayatlar k\u0131sacas\u0131 ge\u00e7mi\u015fe ait ne varsa \u015fehrin farkl\u0131 katmanlar\u0131na k\u00f6k salar. Bu izleri tespit etmek, anlamland\u0131rmak insan\u0131 kavramakla e\u015f de\u011ferdir. Hele ki bu izler, binlerce y\u0131l boyunca toprak alt\u0131nda suskun bekleyi\u015fini s\u00fcrd\u00fcren \u015fehirlerin yap\u0131 ta\u015flar\u0131na kaz\u0131nm\u0131\u015fsa\u2026 Bir antik \u015fehri g\u00fcn y\u00fcz\u00fcne \u00e7\u0131karmak, \u00e7a\u011f\u0131ndaki ad\u0131n\u0131 tespit etmek arkeolojik ve filolojik bir proje midir? Bir \u015fehri \u015fehir yapan tarihin sihirli g\u00fcc\u00fc, tarih ise bir zamanlar ya\u015fanm\u0131\u015f olan\u0131n haf\u0131zas\u0131ysa \u2026Tarihi olmayan ya da hat\u0131rlanmayan \u015fehirlerin haf\u0131zas\u0131n\u0131 yitirmi\u015f insanlardan fark\u0131 nedir? \u201cHaf\u0131za-i be\u015fer nisyan ile maluld\u00fcr\u201d; yani insan unutur\u2026. Tarihe, arkeolojiye, \u201c\u00f6l\u00fc\u201d zannedilen dillere g\u00f6n\u00fcl verenler bu y\u00fczden vard\u0131r. \u0130nsan unutur, onlar hat\u0131rlat\u0131r\u2026<\/p>\n","protected":false},"excerpt":{"rendered":"<p>\u00c7ok eski zamanlarda k\u00e2hinler her \u015fehre bir \u2018t\u0131ls\u0131m\u2019 yaparm\u0131\u015f. \u00c7\u00fcnk\u00fc kentlerin bir ruhu oldu\u011funa inan\u0131l\u0131rm\u0131\u015f. Kent, tar\u0131m \u015fehriyse t\u0131ls\u0131m topra\u011fa; su \u015fehriyse suya, bozk\u0131rsa r\u00fczg\u00e2ra yap\u0131l\u0131rm\u0131\u015f&#8230;<span class=\"excerpt-hellip\"> [\u2026]<\/span><\/p>\n","protected":false},"featured_media":0,"template":"","meta":{"_monsterinsights_skip_tracking":false,"_monsterinsights_sitenote_active":false,"_monsterinsights_sitenote_note":"","_monsterinsights_sitenote_category":0},"product_brand":[],"product_cat":[52477,52478],"product_tag":[],"class_list":{"0":"post-776229","1":"product","2":"type-product","3":"status-publish","5":"product_cat-arastirma","6":"product_cat-arkeoloji","7":"pa_cilt-ciltli","8":"pa_tur-kitap","9":"pa_yayinevi-bilgin-kultur-sanat","10":"pa_yazar-kolektif","12":"first","13":"instock","14":"sale","15":"shipping-taxable","16":"purchasable","17":"product-type-simple"},"_links":{"self":[{"href":"https:\/\/roveyayinevi.com.tr\/index.php\/wp-json\/wp\/v2\/product\/776229","targetHints":{"allow":["GET"]}}],"collection":[{"href":"https:\/\/roveyayinevi.com.tr\/index.php\/wp-json\/wp\/v2\/product"}],"about":[{"href":"https:\/\/roveyayinevi.com.tr\/index.php\/wp-json\/wp\/v2\/types\/product"}],"wp:attachment":[{"href":"https:\/\/roveyayinevi.com.tr\/index.php\/wp-json\/wp\/v2\/media?parent=776229"}],"wp:term":[{"taxonomy":"product_brand","embeddable":true,"href":"https:\/\/roveyayinevi.com.tr\/index.php\/wp-json\/wp\/v2\/product_brand?post=776229"},{"taxonomy":"product_cat","embeddable":true,"href":"https:\/\/roveyayinevi.com.tr\/index.php\/wp-json\/wp\/v2\/product_cat?post=776229"},{"taxonomy":"product_tag","embeddable":true,"href":"https:\/\/roveyayinevi.com.tr\/index.php\/wp-json\/wp\/v2\/product_tag?post=776229"}],"curies":[{"name":"wp","href":"https:\/\/api.w.org\/{rel}","templated":true}]}}