{"id":776224,"date":"2025-09-23T06:22:08","date_gmt":"2025-09-23T03:22:08","guid":{"rendered":"https:\/\/roveyayinevi.com.tr\/index.php\/urun\/fare-ile-kostebekin-mutlu-gunleri\/"},"modified":"2026-04-16T02:36:38","modified_gmt":"2026-04-15T23:36:38","slug":"fare-ile-kostebekin-mutlu-gunleri","status":"publish","type":"product","link":"https:\/\/roveyayinevi.com.tr\/index.php\/urun\/fare-ile-kostebekin-mutlu-gunleri\/","title":{"rendered":"Fare ile K\u00f6stebek&#8217;in Mutlu G\u00fcnleri"},"content":{"rendered":"<p>\u201cBak, Fare karde\u015f!\u201d diye ba\u011f\u0131rd\u0131. \u201cBak ne var elimde! Pe\u015finden ko\u015ftu\u011fum yaprak bu de\u011fildi ama gene de d\u00fc\u015fen bir yaprak.\u201d \u201cHa bu yaprak olmu\u015f ha bir ba\u015fkas\u0131, hi\u00e7 fark etmez, eminim\u201d dedi Fare. Kendi yapra\u011f\u0131n\u0131 yere b\u0131rakt\u0131. \u201cHadi, \u015fu \u00e7al\u0131l\u0131ktan \u00e7\u0131kman i\u00e7in sana yard\u0131m edeyim.\u201d \u201cYa sen Fare karde\u015f? Herhangi bir yaprak yakalayabildin mi?\u201d \u201cHay\u0131r, K\u00f6stebek karde\u015f, yakalayamad\u0131m. Senin gibi yaprak dans\u0131 edemiyorum ben.\u201d \u201cAaah\u201d diye inledi K\u00f6stebek. \u201cHer taraf\u0131m yara bere i\u00e7inde.\u201d \u201c\u00d6nemi yok\u201d dedi Fare. \u201cBilimsel bakan bir k\u00f6stebek oldu\u011funu kan\u0131tlad\u0131n sen.\u201d \u201c\u00d6yle\u201d dedi K\u00f6stebek. \u201cVe y\u0131l\u0131n kalan\u0131 boyunca \u015fansl\u0131 olacaks\u0131n\u201d diye ekledi Fare. \u201c\u00d6yle\u201d dedi K\u00f6stebek. \u201cVe gelecek y\u0131l, senin i\u00e7in bir yaprak yakalayaca\u011f\u0131m.\u201d   *** Fare ile K\u00f6stebek\u2019in her g\u00fcn\u00fc \u00f6yle s\u0131cak, \u00f6yle i\u00e7ten anlarla dolu ki\u2026 Fare ne\u015feli ve pratik, K\u00f6stebek ise heyecanl\u0131 ve duygusal. \u0130ki dostun birbirini anlayan, tamamlayan, hayat\u0131 birlikte tadan e\u011flenceli halleri ve sohbetleri hepimizi g\u00fcl\u00fcmsetecek. Belki kendi i\u00e7ten dostlar\u0131m\u0131z akl\u0131m\u0131za gelecek, ne \u015fansl\u0131 oldu\u011fumuzu bir kez daha hat\u0131rlayaca\u011f\u0131z. Bir de \u00fcst\u00fcne tad\u0131na doyamayaca\u011f\u0131m\u0131z \u00e7izimler gelip bize s\u0131ms\u0131k\u0131 sar\u0131lacak. Oh, kestane kebap! \u00dcnl\u00fc yazar ve \u00e7izer Joyce Dunbar-James Mayhew ekibinden, \u00f6d\u00fcll\u00fc bir \u00e7izgi film olarak da kar\u015f\u0131m\u0131za \u00e7\u0131kan ve zaman\u0131m\u0131z\u0131n klasiklerinden say\u0131lan bu yumu\u015fac\u0131k, mizahi \u00f6yk\u00fcler, iyi g\u00fcnde k\u00f6t\u00fc g\u00fcnde yan yana duran t\u00fcm dostlar i\u00e7in. *** K\u00f6stebek, Fare\u2019yi tats\u0131z bir d\u00fc\u015f\u00fc\u015ften nas\u0131l kurtaracak? Fare kurdu\u011fu hamakta tatl\u0131 d\u00fc\u015flere dalabilecek mi? K\u00f6stebek\u2019in her \u015feye farkl\u0131 bir g\u00f6zle bakmas\u0131n\u0131 sa\u011flayan ne? D\u00fc\u015fen bir yapra\u011f\u0131 havada yakalaman\u0131n yollar\u0131 neler?   Haydi tatl\u0131 okur, kitab\u0131 a\u00e7 da ke\u015ffedilmeyi bekleyen g\u00fczelliklerin, bulunmay\u0131 bekleyen \u00f6zel g\u00f6zl\u00fcklerin, dans eden reng\u00e2renk yapraklar\u0131n bu muzip bekleyi\u015fi son bulsun.   \u201cS\u0131cac\u0131k, esprili \u00e7izimler\u2026 Tam da serin bir \u00f6\u011fleden sonra i\u00e7imizi \u0131s\u0131tmak i\u00e7in.\u201d Practical Parenting   \u201c\u00c7ocuklar, bu s\u0131rad\u0131\u015f\u0131 iki arkada\u015f\u0131n yal\u0131n ser\u00fcvenlerine bay\u0131lacaklar.\u201d The School Librarian   \u201cYa\u015famlar\u0131n\u0131 birlikte s\u00fcrd\u00fcren bu iki karakter, \u00e7ocuk edebiyat\u0131n\u0131n en b\u00fcy\u00fckleri aras\u0131nda yer al\u0131yor.\u201d Sunday Times <\/p>\n","protected":false},"excerpt":{"rendered":"<p>\u201cBak, Fare karde\u015f!\u201d diye ba\u011f\u0131rd\u0131. \u201cBak ne var elimde! Pe\u015finden ko\u015ftu\u011fum yaprak bu de\u011fildi ama gene de d\u00fc\u015fen bir yaprak.\u201d \u201cHa bu yaprak olmu\u015f ha bir<span class=\"excerpt-hellip\"> [\u2026]<\/span><\/p>\n","protected":false},"featured_media":0,"template":"","meta":{"_monsterinsights_skip_tracking":false,"_monsterinsights_sitenote_active":false,"_monsterinsights_sitenote_note":"","_monsterinsights_sitenote_category":0},"product_brand":[],"product_cat":[12274,12284],"product_tag":[],"class_list":{"0":"post-776224","1":"product","2":"type-product","3":"status-publish","5":"product_cat-cocuk-ve-genclik-kitaplari","6":"product_cat-hikayeler","7":"pa_cilt-ciltsiz","8":"pa_tur-kitap","9":"pa_yayinevi-elma-cocuk","10":"pa_yazar-joyce-dunbar-james-mayhew","12":"first","13":"instock","14":"sale","15":"shipping-taxable","16":"purchasable","17":"product-type-simple"},"_links":{"self":[{"href":"https:\/\/roveyayinevi.com.tr\/index.php\/wp-json\/wp\/v2\/product\/776224","targetHints":{"allow":["GET"]}}],"collection":[{"href":"https:\/\/roveyayinevi.com.tr\/index.php\/wp-json\/wp\/v2\/product"}],"about":[{"href":"https:\/\/roveyayinevi.com.tr\/index.php\/wp-json\/wp\/v2\/types\/product"}],"wp:attachment":[{"href":"https:\/\/roveyayinevi.com.tr\/index.php\/wp-json\/wp\/v2\/media?parent=776224"}],"wp:term":[{"taxonomy":"product_brand","embeddable":true,"href":"https:\/\/roveyayinevi.com.tr\/index.php\/wp-json\/wp\/v2\/product_brand?post=776224"},{"taxonomy":"product_cat","embeddable":true,"href":"https:\/\/roveyayinevi.com.tr\/index.php\/wp-json\/wp\/v2\/product_cat?post=776224"},{"taxonomy":"product_tag","embeddable":true,"href":"https:\/\/roveyayinevi.com.tr\/index.php\/wp-json\/wp\/v2\/product_tag?post=776224"}],"curies":[{"name":"wp","href":"https:\/\/api.w.org\/{rel}","templated":true}]}}