{"id":776223,"date":"2025-09-23T04:31:36","date_gmt":"2025-09-23T01:31:36","guid":{"rendered":"https:\/\/roveyayinevi.com.tr\/index.php\/urun\/bitcoin-devrimi\/"},"modified":"2025-09-24T11:15:13","modified_gmt":"2025-09-24T08:15:13","slug":"bitcoin-devrimi","status":"publish","type":"product","link":"https:\/\/roveyayinevi.com.tr\/index.php\/urun\/bitcoin-devrimi\/","title":{"rendered":"Bitcoin Devrimi"},"content":{"rendered":"<p>De\u011fi\u015fen D\u00fcnya Ekonomisinde Kripto Para Sistemi, Blockchain, Altcoinler Elma Yay\u0131nevi, g\u00fcn\u00fcm\u00fcz\u00fcn en pop\u00fcler konular\u0131ndan biri olan Bitcoin hakk\u0131nda yaz\u0131lm\u0131\u015f yepyeni bir kitapla, Bitcoin Devrimi ile okuyucular\u0131n\u0131n kar\u015f\u0131s\u0131nda. Hakk\u0131nda \u00e7ok \u015fey yaz\u0131lan, konu\u015fulan bu yeni kavram hayat\u0131m\u0131za girdi\u011finden beri tart\u0131\u015f\u0131l\u0131yor. Bu kitapta \u0130nci ve Uluda\u011f S\u00f6zl\u00fck\u2019\u00fcn kurucular\u0131 Serkan \u0130nci ve \u0130smail Alpen\u2019in Bitcoin hakk\u0131nda yazd\u0131klar\u0131n\u0131 okuyacaks\u0131n\u0131z. Bitcoin d\u00fcnya ekonomisini etkileyecek, bilinen her \u015feyi yerle bir edecek bir ger\u00e7ek mi, yoksa bir internet efsanesi mi? Bitcoin, Altcoin nedir? Kripto para sistemi ne demek? Bitcoin madencili\u011fi nas\u0131l yap\u0131l\u0131r? Merak m\u0131 ediyorsunuz?  \u0130\u015fte konuyla ilgili bilmek istedi\u011finiz her \u015fey bu kitapta\u2026 <\/p>\n","protected":false},"excerpt":{"rendered":"<p>De\u011fi\u015fen D\u00fcnya Ekonomisinde Kripto Para Sistemi, Blockchain, Altcoinler Elma Yay\u0131nevi, g\u00fcn\u00fcm\u00fcz\u00fcn en pop\u00fcler konular\u0131ndan biri olan Bitcoin hakk\u0131nda yaz\u0131lm\u0131\u015f yepyeni bir kitapla, Bitcoin Devrimi ile okuyucular\u0131n\u0131n<span class=\"excerpt-hellip\"> [\u2026]<\/span><\/p>\n","protected":false},"featured_media":0,"template":"","meta":{"_monsterinsights_skip_tracking":false,"_monsterinsights_sitenote_active":false,"_monsterinsights_sitenote_note":"","_monsterinsights_sitenote_category":0},"product_brand":[],"product_cat":[13043,17647],"product_tag":[],"class_list":{"0":"post-776223","1":"product","2":"type-product","3":"status-publish","5":"product_cat-ekonomi","6":"product_cat-is-dunyasi","7":"pa_cilt-ciltsiz","8":"pa_tur-kitap","9":"pa_yayinevi-elma-yayinevi","10":"pa_yazar-serkan-inci-ismail-alpen","12":"first","13":"instock","14":"sale","15":"shipping-taxable","16":"purchasable","17":"product-type-simple"},"_links":{"self":[{"href":"https:\/\/roveyayinevi.com.tr\/index.php\/wp-json\/wp\/v2\/product\/776223","targetHints":{"allow":["GET"]}}],"collection":[{"href":"https:\/\/roveyayinevi.com.tr\/index.php\/wp-json\/wp\/v2\/product"}],"about":[{"href":"https:\/\/roveyayinevi.com.tr\/index.php\/wp-json\/wp\/v2\/types\/product"}],"wp:attachment":[{"href":"https:\/\/roveyayinevi.com.tr\/index.php\/wp-json\/wp\/v2\/media?parent=776223"}],"wp:term":[{"taxonomy":"product_brand","embeddable":true,"href":"https:\/\/roveyayinevi.com.tr\/index.php\/wp-json\/wp\/v2\/product_brand?post=776223"},{"taxonomy":"product_cat","embeddable":true,"href":"https:\/\/roveyayinevi.com.tr\/index.php\/wp-json\/wp\/v2\/product_cat?post=776223"},{"taxonomy":"product_tag","embeddable":true,"href":"https:\/\/roveyayinevi.com.tr\/index.php\/wp-json\/wp\/v2\/product_tag?post=776223"}],"curies":[{"name":"wp","href":"https:\/\/api.w.org\/{rel}","templated":true}]}}