{"id":776222,"date":"2025-09-23T04:09:59","date_gmt":"2025-09-23T01:09:59","guid":{"rendered":"https:\/\/roveyayinevi.com.tr\/index.php\/urun\/bitki-yapisi-ve-gelisimine-giris-yirmi-birinci-yuzyilin-bitki-anatomisi\/"},"modified":"2025-09-24T10:54:05","modified_gmt":"2025-09-24T07:54:05","slug":"bitki-yapisi-ve-gelisimine-giris-yirmi-birinci-yuzyilin-bitki-anatomisi","status":"publish","type":"product","link":"https:\/\/roveyayinevi.com.tr\/index.php\/urun\/bitki-yapisi-ve-gelisimine-giris-yirmi-birinci-yuzyilin-bitki-anatomisi\/","title":{"rendered":"Bitki Yap\u0131s\u0131 ve Geli\u015fimine Giri\u015f &#8211; Yirmi Birinci Y\u00fczy\u0131l\u0131n Bitki Anatomisi"},"content":{"rendered":"<p>Bitki Yap\u0131s\u0131 ve Geli\u015fimine Giri\u015f &#8211; Yirmi Birinci Y\u00fczy\u0131l\u0131n Bitki Anatomisi <\/p>\n","protected":false},"excerpt":{"rendered":"<p>Bitki Yap\u0131s\u0131 ve Geli\u015fimine Giri\u015f &#8211; Yirmi Birinci Y\u00fczy\u0131l\u0131n Bitki Anatomisi<\/p>\n","protected":false},"featured_media":0,"template":"","meta":{"_monsterinsights_skip_tracking":false,"_monsterinsights_sitenote_active":false,"_monsterinsights_sitenote_note":"","_monsterinsights_sitenote_category":0},"product_brand":[],"product_cat":[12573,12566],"product_tag":[],"class_list":{"0":"post-776222","1":"product","2":"type-product","3":"status-publish","5":"product_cat-akademik-kitaplar","6":"product_cat-egitim","7":"pa_cilt-ciltsiz","8":"pa_tur-kitap","9":"pa_yayinevi-nobel-akademik-yayincilik","10":"pa_yazar-charles-b-beck-hatice-demiray","12":"first","13":"instock","14":"sale","15":"shipping-taxable","16":"purchasable","17":"product-type-simple"},"_links":{"self":[{"href":"https:\/\/roveyayinevi.com.tr\/index.php\/wp-json\/wp\/v2\/product\/776222","targetHints":{"allow":["GET"]}}],"collection":[{"href":"https:\/\/roveyayinevi.com.tr\/index.php\/wp-json\/wp\/v2\/product"}],"about":[{"href":"https:\/\/roveyayinevi.com.tr\/index.php\/wp-json\/wp\/v2\/types\/product"}],"wp:attachment":[{"href":"https:\/\/roveyayinevi.com.tr\/index.php\/wp-json\/wp\/v2\/media?parent=776222"}],"wp:term":[{"taxonomy":"product_brand","embeddable":true,"href":"https:\/\/roveyayinevi.com.tr\/index.php\/wp-json\/wp\/v2\/product_brand?post=776222"},{"taxonomy":"product_cat","embeddable":true,"href":"https:\/\/roveyayinevi.com.tr\/index.php\/wp-json\/wp\/v2\/product_cat?post=776222"},{"taxonomy":"product_tag","embeddable":true,"href":"https:\/\/roveyayinevi.com.tr\/index.php\/wp-json\/wp\/v2\/product_tag?post=776222"}],"curies":[{"name":"wp","href":"https:\/\/api.w.org\/{rel}","templated":true}]}}