{"id":776221,"date":"2025-09-23T03:36:14","date_gmt":"2025-09-23T00:36:14","guid":{"rendered":"https:\/\/roveyayinevi.com.tr\/index.php\/urun\/hidir-kisisel-gelisiyor\/"},"modified":"2026-04-08T02:17:12","modified_gmt":"2026-04-07T23:17:12","slug":"hidir-kisisel-gelisiyor","status":"publish","type":"product","link":"https:\/\/roveyayinevi.com.tr\/index.php\/urun\/hidir-kisisel-gelisiyor\/","title":{"rendered":"H\u0131d\u0131r Ki\u015fisel Geli\u015fiyor"},"content":{"rendered":"<p>H\u0131d\u0131r, kendi halinde bir devlet memurudur. E\u015fi ve ak\u0131ll\u0131 k\u0131z\u0131 Nisan\u2019dan ba\u015fka sahip oldu\u011fu tek \u015fey g\u00f6z\u00fc gibi bakt\u0131\u011f\u0131 1991 model beyaz \u015eahin arabas\u0131d\u0131r. H\u0131d\u0131r bir g\u00fcn &#8220;Ferrari\u2019sini Satan Bilge&#8221; kitab\u0131n\u0131 ke\u015ffeder: &#8220;Karar\u0131 ver; Do\u011fu felsefesiyle, Amerikan i\u015f bitiricili\u011fini birle\u015ftir. Sonra gelsin ba\u015far\u0131 ve mutluluk.&#8221; B\u00f6ylece &#8220;ki\u015fisel gerilim&#8221; yolculu\u011funa ba\u015flar. Bir\u00e7ok Amerikal\u0131\u2019n\u0131n ve Amerikan vatanda\u015f\u0131 olmak i\u00e7in can verecek bir\u00e7ok T\u00fcrk\u2019\u00fcn &#8220;ki\u015fisel geli\u015fim&#8221; kitaplar\u0131n\u0131 okur. \u00c7o\u011fu \u00e7ok satan, Amerikan k\u00fclt\u00fcr\u00fcn\u00fc i\u015fleyen bu kitaplar\u0131 okuduk\u00e7a &#8220;geli\u015fim&#8221; g\u00f6sterir. Ses tonu, bak\u0131\u015flar\u0131, davran\u0131\u015flar\u0131, konu\u015fma tarz\u0131 yani &#8220;beden dili&#8221; h\u0131zla de\u011fi\u015fir. Bu de\u011fi\u015fim nedeniyle s\u00fcrekli komik duruma d\u00fc\u015fer.  H\u0131d\u0131r\u2019\u0131n ba\u015fl\u0131ca iste\u011fi ki\u015fisel geli\u015fimini tamamlad\u0131\u011f\u0131n\u0131 ispat edip terfi alarak \u015feflik makam\u0131na y\u00fckselmektir. Hak etti\u011fini d\u00fc\u015f\u00fcnd\u00fc\u011f\u00fc bu terfii \u00fcsleri ona kendiliklerinden bah\u015fetmeyince, H\u0131d\u0131r Genel M\u00fcd\u00fcr Yard\u0131mc\u0131s\u0131\u2019yla bizzat g\u00f6r\u00fc\u015ferek hakk\u0131n\u0131 aramaya \u00e7al\u0131\u015f\u0131r. Ancak kafas\u0131 okudu\u011fu kitaplardan ezberledi\u011fi c\u00fcmlelerle doludur; yapt\u0131\u011f\u0131 denemeler trajikomik durumlara yol a\u00e7ar. Ahmet \u015eerif \u0130zg\u00f6ren, H\u0131d\u0131r\u2019\u0131n ya\u015fad\u0131klar\u0131 \u00fczerinden, &#8220;ki\u015fisel geli\u015fim&#8221; ba\u015fl\u0131\u011f\u0131yla yay\u0131mlanan kitaplarla dalga ge\u00e7iyor. Bu kitaplar\u0131n insanlar\u0131 kendi benliklerinden uzakla\u015ft\u0131rd\u0131\u011f\u0131n\u0131, hayal k\u0131r\u0131kl\u0131\u011f\u0131na u\u011fratt\u0131\u011f\u0131n\u0131 mizahi bir dille anlat\u0131yor. Bireysel ba\u015far\u0131y\u0131 ve rekabeti temel alan bu zihniyeti, ki\u015fisel geli\u015fim uzman\u0131 denilen insanlar\u0131n kendi hayatlar\u0131ndaki ba\u015far\u0131s\u0131zl\u0131klar\u0131n\u0131 da vurgulayarak ele\u015ftiriyor: &#8220;Size kitap yazan adamlar\u0131n \u00e7o\u011fu sizin kadar mutlu de\u011fildir, ondan emin olun. Pozitif enerji deyip duranlar\u0131n belki y\u00fcz\u00fc hi\u00e7 g\u00fclm\u00fcyordur.&#8221; <\/p>\n","protected":false},"excerpt":{"rendered":"<p>H\u0131d\u0131r, kendi halinde bir devlet memurudur. E\u015fi ve ak\u0131ll\u0131 k\u0131z\u0131 Nisan\u2019dan ba\u015fka sahip oldu\u011fu tek \u015fey g\u00f6z\u00fc gibi bakt\u0131\u011f\u0131 1991 model beyaz \u015eahin arabas\u0131d\u0131r. H\u0131d\u0131r bir<span class=\"excerpt-hellip\"> [\u2026]<\/span><\/p>\n","protected":false},"featured_media":0,"template":"","meta":{"_monsterinsights_skip_tracking":false,"_monsterinsights_sitenote_active":false,"_monsterinsights_sitenote_note":"","_monsterinsights_sitenote_category":0},"product_brand":[],"product_cat":[12364,12376],"product_tag":[],"class_list":{"0":"post-776221","1":"product","2":"type-product","3":"status-publish","5":"product_cat-genel-konular","6":"product_cat-kisisel-gelisim","7":"pa_cilt-ciltsiz","8":"pa_tur-kitap","9":"pa_yayinevi-elma-yayinevi","10":"pa_yazar-ahmet-serif-izgoren","12":"first","13":"instock","14":"sale","15":"shipping-taxable","16":"purchasable","17":"product-type-simple"},"_links":{"self":[{"href":"https:\/\/roveyayinevi.com.tr\/index.php\/wp-json\/wp\/v2\/product\/776221","targetHints":{"allow":["GET"]}}],"collection":[{"href":"https:\/\/roveyayinevi.com.tr\/index.php\/wp-json\/wp\/v2\/product"}],"about":[{"href":"https:\/\/roveyayinevi.com.tr\/index.php\/wp-json\/wp\/v2\/types\/product"}],"wp:attachment":[{"href":"https:\/\/roveyayinevi.com.tr\/index.php\/wp-json\/wp\/v2\/media?parent=776221"}],"wp:term":[{"taxonomy":"product_brand","embeddable":true,"href":"https:\/\/roveyayinevi.com.tr\/index.php\/wp-json\/wp\/v2\/product_brand?post=776221"},{"taxonomy":"product_cat","embeddable":true,"href":"https:\/\/roveyayinevi.com.tr\/index.php\/wp-json\/wp\/v2\/product_cat?post=776221"},{"taxonomy":"product_tag","embeddable":true,"href":"https:\/\/roveyayinevi.com.tr\/index.php\/wp-json\/wp\/v2\/product_tag?post=776221"}],"curies":[{"name":"wp","href":"https:\/\/api.w.org\/{rel}","templated":true}]}}