{"id":776219,"date":"2025-09-23T02:44:25","date_gmt":"2025-09-22T23:44:25","guid":{"rendered":"https:\/\/roveyayinevi.com.tr\/index.php\/urun\/cocuklari-anlama-kilavuzu\/"},"modified":"2026-04-16T02:05:50","modified_gmt":"2026-04-15T23:05:50","slug":"cocuklari-anlama-kilavuzu","status":"publish","type":"product","link":"https:\/\/roveyayinevi.com.tr\/index.php\/urun\/cocuklari-anlama-kilavuzu\/","title":{"rendered":"\u00c7ocuklar\u0131 Anlama K\u0131lavuzu"},"content":{"rendered":"<p>Aile ve Evlilik Dan\u0131\u015fman\u0131 \u00d6zg\u00fcn K\u0131z\u0131lda\u011f&#8217;\u0131n kaleme ald\u0131\u011f\u0131 \u00c7ocuklar\u0131 Anlama K\u0131lavuzu, yaln\u0131zca anne-babalar i\u00e7in de\u011fil, bebeklikten ergenlik d\u00f6nemine kadar \u00e7ocuklarla ileti\u015fim i\u00e7inde olan, bir \u00e7ocu\u011fun geli\u015fim ser\u00fcvenini merak eden herkes i\u00e7in bir rehber niteli\u011fi ta\u015f\u0131yor. Her ailenin, \u00f6\u011fretmenin, psikolog ve psikolojik dan\u0131\u015fman\u0131n kar\u015f\u0131la\u015fabilece\u011fi durumlar\u0131 hayat\u0131n i\u00e7inden, ya\u015fanm\u0131\u015f \u00f6rneklerle sunan \u00c7ocuklar\u0131 Anlama K\u0131lavuzu, benzer bir olay ba\u015f\u0131m\u0131za geldi\u011finde nas\u0131l davranmam\u0131z gerekti\u011fini a\u00e7\u0131kl\u0131yor, i\u00e7inden \u00e7\u0131k\u0131lamayacak gibi g\u00f6r\u00fcnen baz\u0131 durumlar i\u00e7in i\u015flevsel \u00f6nerilerde bulunuyor.       \u00c7ocu\u011funuzla ilgili kafa kar\u0131\u015ft\u0131ran g\u00f6zlem ve tespitlerinize i\u00e7inizi rahatlatacak yakla\u015f\u0131mlarla yan\u0131t verirken, \u00e7ocuklar\u0131m\u0131zla birlikte b\u00fcy\u00fcyen bizler i\u00e7in olduk\u00e7a faydal\u0131 bilgiler i\u00e7eriyor. <\/p>\n","protected":false},"excerpt":{"rendered":"<p>Aile ve Evlilik Dan\u0131\u015fman\u0131 \u00d6zg\u00fcn K\u0131z\u0131lda\u011f&#8217;\u0131n kaleme ald\u0131\u011f\u0131 \u00c7ocuklar\u0131 Anlama K\u0131lavuzu, yaln\u0131zca anne-babalar i\u00e7in de\u011fil, bebeklikten ergenlik d\u00f6nemine kadar \u00e7ocuklarla ileti\u015fim i\u00e7inde olan, bir \u00e7ocu\u011fun geli\u015fim<span class=\"excerpt-hellip\"> [\u2026]<\/span><\/p>\n","protected":false},"featured_media":0,"template":"","meta":{"_monsterinsights_skip_tracking":false,"_monsterinsights_sitenote_active":false,"_monsterinsights_sitenote_note":"","_monsterinsights_sitenote_category":0},"product_brand":[],"product_cat":[12679,12357],"product_tag":[],"class_list":{"0":"post-776219","1":"product","2":"type-product","3":"status-publish","5":"product_cat-cocuk-psikolojisi","6":"product_cat-psikoloji","7":"pa_cilt-ciltsiz","8":"pa_tur-kitap","9":"pa_yayinevi-elma-yayinevi","10":"pa_yazar-ozgun-kizildag","12":"first","13":"instock","14":"sale","15":"shipping-taxable","16":"purchasable","17":"product-type-simple"},"_links":{"self":[{"href":"https:\/\/roveyayinevi.com.tr\/index.php\/wp-json\/wp\/v2\/product\/776219","targetHints":{"allow":["GET"]}}],"collection":[{"href":"https:\/\/roveyayinevi.com.tr\/index.php\/wp-json\/wp\/v2\/product"}],"about":[{"href":"https:\/\/roveyayinevi.com.tr\/index.php\/wp-json\/wp\/v2\/types\/product"}],"wp:attachment":[{"href":"https:\/\/roveyayinevi.com.tr\/index.php\/wp-json\/wp\/v2\/media?parent=776219"}],"wp:term":[{"taxonomy":"product_brand","embeddable":true,"href":"https:\/\/roveyayinevi.com.tr\/index.php\/wp-json\/wp\/v2\/product_brand?post=776219"},{"taxonomy":"product_cat","embeddable":true,"href":"https:\/\/roveyayinevi.com.tr\/index.php\/wp-json\/wp\/v2\/product_cat?post=776219"},{"taxonomy":"product_tag","embeddable":true,"href":"https:\/\/roveyayinevi.com.tr\/index.php\/wp-json\/wp\/v2\/product_tag?post=776219"}],"curies":[{"name":"wp","href":"https:\/\/api.w.org\/{rel}","templated":true}]}}