{"id":776217,"date":"2025-09-22T18:02:17","date_gmt":"2025-09-22T15:02:17","guid":{"rendered":"https:\/\/roveyayinevi.com.tr\/index.php\/urun\/bir-zamanlar\/"},"modified":"2026-04-15T03:42:35","modified_gmt":"2026-04-15T00:42:35","slug":"bir-zamanlar","status":"publish","type":"product","link":"https:\/\/roveyayinevi.com.tr\/index.php\/urun\/bir-zamanlar\/","title":{"rendered":"Bir Zamanlar"},"content":{"rendered":"<p>Bir Zamanlar, Hakan Eren\u2019in radyo program\u0131ndan yank\u0131lanan sesti ve \u015fimdi bu ses, elinizdeki kitab\u0131n ad\u0131na ve dinledi\u011fimiz \u015fark\u0131lar\u0131n hangi me\u015fakkatli yollar\u0131 a\u015ft\u0131\u011f\u0131na dair hik\u00e2yeye d\u00f6n\u00fc\u015f\u00fcyor.   Hakan Eren\u2019in hayat\u0131na dokunan kad\u0131n, m\u00fczik annesi Fikret \u015eene\u015f\u2019le ba\u015flayan yolculu\u011fu, titiz bir ar\u015fiv \u00e7al\u0131\u015fmas\u0131yla birlikte k\u0131ymetli an\u0131lar halinde g\u00fcn y\u00fcz\u00fcne \u00e7\u0131k\u0131yor. Yaln\u0131zca ki\u015fisel tarih anlat\u0131s\u0131 de\u011fil Bir Zamanlar; 60\u2019l\u0131, 70\u2019li, 80\u2019li y\u0131llara dair hem magazin hem m\u00fczik tarihi bilgisi sunuyor.   \u2022 Zeki M\u00fcren\u2019den \u00f6nce sahnelere makyajla ilk kim \u00e7\u0131kt\u0131? \u2022 Sezen Aksu, kendi kaleminden roman\u0131 S\u0131z\u0131\u2019da neler anlatt\u0131? \u2022 G\u00f6n\u00fcl Yazar\u2019\u0131 mahkemeye d\u00fc\u015f\u00fcren t\u00fcrk\u00fc neydi? \u2022 Soyunurken y\u00fcz\u00fc k\u0131zaran seks filmi y\u0131ld\u0131z\u0131 Seher \u015eeniz\u2019e ne oldu? \u2022 Ajda Pekkan\u2019\u0131n ilk Eurovision maceras\u0131nda ba\u015f\u0131na neler geldi?   Dahas\u0131 bu kitapla 45\u2019likleri, LP\u2019leri, Ye\u015fil\u00e7am\u2019\u0131n gazino maceralar\u0131n\u0131, plak yapan Ye\u015fil\u00e7am y\u0131ld\u0131zlar\u0131n\u0131, Unkapan\u0131\u2019n\u0131 kar\u0131\u015ft\u0131ran t\u00fcrk\u00fcy\u00fc, sahnelerdeki ilk transseks\u00fcel assolisti ve daha nice ayr\u0131nt\u0131y\u0131 \u00f6\u011frenirken ayn\u0131 zamanda, gazetelerin ve dergilerin hayat\u0131n ne kadar \u00f6nemli ve b\u00fcy\u00fck bir par\u00e7as\u0131n\u0131 olu\u015fturdu\u011funu g\u00f6r\u00fcyorsunuz.   \u015eimdilerde 90\u2019lara ilgi duyan yeni ku\u015fak, bu kitapla 90\u2019lar\u0131n temelinin nas\u0131l at\u0131ld\u0131\u011f\u0131n\u0131 ve bug\u00fcn bile \u00e7ok sevdikleri \u015fark\u0131lar\u0131n ve \u015fark\u0131c\u0131lar\u0131n sahnelere nas\u0131l \u00e7\u0131kt\u0131\u011f\u0131n\u0131, nelerle m\u00fccadele ettiklerini \u00f6\u011freniyor. Peki, bu kitap eski ku\u015fak i\u00e7in ne ifade ediyor?   Hakan Eren, kendisiyle birlikte ayn\u0131 y\u0131llara bakan, bir ucundan nostaljiye de\u011fenlere \u015fu soruyu soruyor: \u201cSanki daha m\u0131 cesur, daha m\u0131 samimi, daha m\u0131 do\u011fal, daha m\u0131 yarat\u0131c\u0131ym\u0131\u015f\u0131z o y\u0131llarda?\u201d <\/p>\n","protected":false},"excerpt":{"rendered":"<p>Bir Zamanlar, Hakan Eren\u2019in radyo program\u0131ndan yank\u0131lanan sesti ve \u015fimdi bu ses, elinizdeki kitab\u0131n ad\u0131na ve dinledi\u011fimiz \u015fark\u0131lar\u0131n hangi me\u015fakkatli yollar\u0131 a\u015ft\u0131\u011f\u0131na dair hik\u00e2yeye d\u00f6n\u00fc\u015f\u00fcyor. Hakan<span class=\"excerpt-hellip\"> [\u2026]<\/span><\/p>\n","protected":false},"featured_media":0,"template":"","meta":{"_monsterinsights_skip_tracking":false,"_monsterinsights_sitenote_active":false,"_monsterinsights_sitenote_note":"","_monsterinsights_sitenote_category":0},"product_brand":[],"product_cat":[141304],"product_tag":[],"class_list":{"0":"post-776217","1":"product","2":"type-product","3":"status-publish","5":"product_cat-yeni-cikanlar","6":"pa_cilt-ciltsiz","7":"pa_tur-kitap","8":"pa_yayinevi-masa-kitap","9":"pa_yazar-hakan-eren","11":"first","12":"instock","13":"sale","14":"shipping-taxable","15":"purchasable","16":"product-type-simple"},"_links":{"self":[{"href":"https:\/\/roveyayinevi.com.tr\/index.php\/wp-json\/wp\/v2\/product\/776217","targetHints":{"allow":["GET"]}}],"collection":[{"href":"https:\/\/roveyayinevi.com.tr\/index.php\/wp-json\/wp\/v2\/product"}],"about":[{"href":"https:\/\/roveyayinevi.com.tr\/index.php\/wp-json\/wp\/v2\/types\/product"}],"wp:attachment":[{"href":"https:\/\/roveyayinevi.com.tr\/index.php\/wp-json\/wp\/v2\/media?parent=776217"}],"wp:term":[{"taxonomy":"product_brand","embeddable":true,"href":"https:\/\/roveyayinevi.com.tr\/index.php\/wp-json\/wp\/v2\/product_brand?post=776217"},{"taxonomy":"product_cat","embeddable":true,"href":"https:\/\/roveyayinevi.com.tr\/index.php\/wp-json\/wp\/v2\/product_cat?post=776217"},{"taxonomy":"product_tag","embeddable":true,"href":"https:\/\/roveyayinevi.com.tr\/index.php\/wp-json\/wp\/v2\/product_tag?post=776217"}],"curies":[{"name":"wp","href":"https:\/\/api.w.org\/{rel}","templated":true}]}}