{"id":776212,"date":"2025-09-21T04:51:55","date_gmt":"2025-09-21T01:51:55","guid":{"rendered":"https:\/\/roveyayinevi.com.tr\/index.php\/urun\/tepedeki-ev-2\/"},"modified":"2026-04-16T02:23:51","modified_gmt":"2026-04-15T23:23:51","slug":"tepedeki-ev-2","status":"publish","type":"product","link":"https:\/\/roveyayinevi.com.tr\/index.php\/urun\/tepedeki-ev-2\/","title":{"rendered":"Tepedeki Ev"},"content":{"rendered":"<p>\u00c7a\u011fda\u015f edebiyat\u0131n en gizemli yazarlar\u0131ndan birinden, Shirley Jackson\u2019dan zamana meydan okuyan bir klasik: Tepedeki Ev. S\u0131radan hayatlar\u0131n \u00fcrk\u00fct\u00fcc\u00fc yanlar\u0131na y\u00f6nelik ilgisi, insan ruhunun kuytular\u0131na teklifsizce girebilmesi ve okurun zihnini kolayca y\u00f6nlendirebilmesiyle tan\u0131nan Jackson, bu romanda korkunun temeline iniyor, zihnin tekinsiz koridorlar\u0131nda y\u00fcr\u00fcyor. Y\u00fcrekteki karanl\u0131klar ile ve en ham haliyle duygular, Shirley Jackson\u2019\u0131n ustaca anlat\u0131m\u0131yla Tepedeki Ev\u2019in temellerini at\u0131yor ve insan psikolojisi, ba\u015fl\u0131 ba\u015f\u0131na bir deh\u015fet unsuruna d\u00f6n\u00fc\u015f\u00fcyor. Alg\u0131n\u0131n tuzaklar\u0131 haf\u0131zan\u0131n yan\u0131lt\u0131c\u0131l\u0131\u011f\u0131yla, ge\u00e7mi\u015fin g\u00f6lgeleriyle birle\u015fiyor ve Tepedeki Ev, bu usta yazar\u0131n kaleminde adeta diriliyor, okurunu kendi d\u00f6rt duvar\u0131 aras\u0131na \u00e7ekiyor. StephenKing\u2019denNeilGaiman\u2019a varan pek \u00e7ok yazara ilham veren Shirley Jackson\u2019\u0131n bug\u00fcn \u00e7a\u011fda\u015f edebiyat klasikleri aras\u0131nda an\u0131lan Tepedeki Ev\u2019i, deh\u015fet ve delili\u011fi anlat\u0131yor. \u201cTepedeki Ev\u2019e ad\u0131m atmak, bir delinin zihnine ad\u0131m atmak gibi\u2026 \u00dcrkmeye ba\u015fl\u0131yorsunuz.\u201d <\/p>\n","protected":false},"excerpt":{"rendered":"<p>\u00c7a\u011fda\u015f edebiyat\u0131n en gizemli yazarlar\u0131ndan birinden, Shirley Jackson\u2019dan zamana meydan okuyan bir klasik: Tepedeki Ev. S\u0131radan hayatlar\u0131n \u00fcrk\u00fct\u00fcc\u00fc yanlar\u0131na y\u00f6nelik ilgisi, insan ruhunun kuytular\u0131na teklifsizce girebilmesi<span class=\"excerpt-hellip\"> [\u2026]<\/span><\/p>\n","protected":false},"featured_media":0,"template":"","meta":{"_monsterinsights_skip_tracking":false,"_monsterinsights_sitenote_active":false,"_monsterinsights_sitenote_note":"","_monsterinsights_sitenote_category":0},"product_brand":[],"product_cat":[12291,17033],"product_tag":[],"class_list":{"0":"post-776212","1":"product","2":"type-product","3":"status-publish","5":"product_cat-edebiyat","6":"product_cat-korku-gerilim","7":"pa_cilt-ciltsiz","8":"pa_tur-kitap","9":"pa_yayinevi-siren-yayinlari","10":"pa_yazar-shirley-jakson","12":"first","13":"instock","14":"sale","15":"shipping-taxable","16":"purchasable","17":"product-type-simple"},"_links":{"self":[{"href":"https:\/\/roveyayinevi.com.tr\/index.php\/wp-json\/wp\/v2\/product\/776212","targetHints":{"allow":["GET"]}}],"collection":[{"href":"https:\/\/roveyayinevi.com.tr\/index.php\/wp-json\/wp\/v2\/product"}],"about":[{"href":"https:\/\/roveyayinevi.com.tr\/index.php\/wp-json\/wp\/v2\/types\/product"}],"wp:attachment":[{"href":"https:\/\/roveyayinevi.com.tr\/index.php\/wp-json\/wp\/v2\/media?parent=776212"}],"wp:term":[{"taxonomy":"product_brand","embeddable":true,"href":"https:\/\/roveyayinevi.com.tr\/index.php\/wp-json\/wp\/v2\/product_brand?post=776212"},{"taxonomy":"product_cat","embeddable":true,"href":"https:\/\/roveyayinevi.com.tr\/index.php\/wp-json\/wp\/v2\/product_cat?post=776212"},{"taxonomy":"product_tag","embeddable":true,"href":"https:\/\/roveyayinevi.com.tr\/index.php\/wp-json\/wp\/v2\/product_tag?post=776212"}],"curies":[{"name":"wp","href":"https:\/\/api.w.org\/{rel}","templated":true}]}}