{"id":776207,"date":"2025-09-21T04:19:13","date_gmt":"2025-09-21T01:19:13","guid":{"rendered":"https:\/\/roveyayinevi.com.tr\/index.php\/urun\/limon-ile-zeytin-okul-yollari\/"},"modified":"2025-09-22T10:52:53","modified_gmt":"2025-09-22T07:52:53","slug":"limon-ile-zeytin-okul-yollari","status":"publish","type":"product","link":"https:\/\/roveyayinevi.com.tr\/index.php\/urun\/limon-ile-zeytin-okul-yollari\/","title":{"rendered":"Limon ile Zeytin Okul Yollar\u0131"},"content":{"rendered":"<p>Okul Yollar\u0131 Limon ile Zeytin\u2019le Daha E\u011flenceli Ge\u00e7ecek!T\u00fcrkiye\u2019nin en sevilen yerli \u00e7izgi ailesi Limon ile Zeytin\u2019in okul temal\u0131 yeni kitab\u0131 \u2018Okul Yollar\u0131\u2019 raflarda sizleri bekliyor!&#8230;Okul heyecan\u0131n\u0131za ortak olacak yepyeni ve \u00e7ok e\u011flenceli bir kitap; &#8220;Okul Yollar\u0131&#8221;. Limon&#8217;un \u00e7al\u0131\u015fkanl\u0131\u011f\u0131 ve Zeytin&#8217;in yaramazl\u0131klar\u0131yla dolu bu kitab\u0131 \u00e7ok seveceksiniz.Limon ile Zeytin e\u011flenceli \u00e7izimlere sahip bu kitab\u0131yla okul yollar\u0131nda en yak\u0131n arkada\u015f\u0131n\u0131z olacak.Sizinkiler karikat\u00fcr kitaplar\u0131 ile hayat\u0131m\u0131za giren, Limon ile Zeytin animasyon serisi ile Disney Junior\u2019da tam 111 \u00fclkede, Netflix\u2019te ise t\u00fcm d\u00fcnyada g\u00f6sterilmekte olan Sizinkiler ailesinin hikaye kitab\u0131 yeni serisiyle art\u0131k raflarda! <\/p>\n","protected":false},"excerpt":{"rendered":"<p>Okul Yollar\u0131 Limon ile Zeytin\u2019le Daha E\u011flenceli Ge\u00e7ecek!T\u00fcrkiye\u2019nin en sevilen yerli \u00e7izgi ailesi Limon ile Zeytin\u2019in okul temal\u0131 yeni kitab\u0131 \u2018Okul Yollar\u0131\u2019 raflarda sizleri bekliyor!&#8230;Okul heyecan\u0131n\u0131za<span class=\"excerpt-hellip\"> [\u2026]<\/span><\/p>\n","protected":false},"featured_media":0,"template":"","meta":{"_monsterinsights_skip_tracking":false,"_monsterinsights_sitenote_active":false,"_monsterinsights_sitenote_note":"","_monsterinsights_sitenote_category":0},"product_brand":[],"product_cat":[12689,12274],"product_tag":[],"class_list":{"0":"post-776207","1":"product","2":"type-product","3":"status-publish","5":"product_cat-cizgi-roman-cocuk-ve-genclik-kitaplari","6":"product_cat-cocuk-ve-genclik-kitaplari","7":"pa_cilt-ciltsiz","8":"pa_tur-kitap","9":"pa_yayinevi-mart-yayinlari","10":"pa_yazar-kolektif","12":"first","13":"instock","14":"sale","15":"shipping-taxable","16":"purchasable","17":"product-type-simple"},"_links":{"self":[{"href":"https:\/\/roveyayinevi.com.tr\/index.php\/wp-json\/wp\/v2\/product\/776207","targetHints":{"allow":["GET"]}}],"collection":[{"href":"https:\/\/roveyayinevi.com.tr\/index.php\/wp-json\/wp\/v2\/product"}],"about":[{"href":"https:\/\/roveyayinevi.com.tr\/index.php\/wp-json\/wp\/v2\/types\/product"}],"wp:attachment":[{"href":"https:\/\/roveyayinevi.com.tr\/index.php\/wp-json\/wp\/v2\/media?parent=776207"}],"wp:term":[{"taxonomy":"product_brand","embeddable":true,"href":"https:\/\/roveyayinevi.com.tr\/index.php\/wp-json\/wp\/v2\/product_brand?post=776207"},{"taxonomy":"product_cat","embeddable":true,"href":"https:\/\/roveyayinevi.com.tr\/index.php\/wp-json\/wp\/v2\/product_cat?post=776207"},{"taxonomy":"product_tag","embeddable":true,"href":"https:\/\/roveyayinevi.com.tr\/index.php\/wp-json\/wp\/v2\/product_tag?post=776207"}],"curies":[{"name":"wp","href":"https:\/\/api.w.org\/{rel}","templated":true}]}}