{"id":776201,"date":"2025-09-21T03:19:55","date_gmt":"2025-09-21T00:19:55","guid":{"rendered":"https:\/\/roveyayinevi.com.tr\/index.php\/urun\/neden-formda-kalmaliyim\/"},"modified":"2025-09-22T09:55:02","modified_gmt":"2025-09-22T06:55:02","slug":"neden-formda-kalmaliyim","status":"publish","type":"product","link":"https:\/\/roveyayinevi.com.tr\/index.php\/urun\/neden-formda-kalmaliyim\/","title":{"rendered":"Neden Formda Kalmal\u0131y\u0131m?"},"content":{"rendered":"<p>Spor yapmay\u0131 sevmiyor musun? Hangi sporu yapaca\u011f\u0131na bir t\u00fcrl\u00fc karar veremiyor musun? Ba\u015flad\u0131\u011f\u0131n bir spora azimle devam edemiyor musun? Bu kitapla, formda kalma ve spor yapma konusundaki t\u00fcm tutum ve fikirlerin de\u011fi\u015fecek. <\/p>\n","protected":false},"excerpt":{"rendered":"<p>Spor yapmay\u0131 sevmiyor musun? Hangi sporu yapaca\u011f\u0131na bir t\u00fcrl\u00fc karar veremiyor musun? Ba\u015flad\u0131\u011f\u0131n bir spora azimle devam edemiyor musun? Bu kitapla, formda kalma ve spor yapma<span class=\"excerpt-hellip\"> [\u2026]<\/span><\/p>\n","protected":false},"featured_media":0,"template":"","meta":{"_monsterinsights_skip_tracking":false,"_monsterinsights_sitenote_active":false,"_monsterinsights_sitenote_note":"","_monsterinsights_sitenote_category":0},"product_brand":[],"product_cat":[13829,12274],"product_tag":[],"class_list":{"0":"post-776201","1":"product","2":"type-product","3":"status-publish","5":"product_cat-bilimsel-kitaplar","6":"product_cat-cocuk-ve-genclik-kitaplari","7":"pa_tur-kitap","8":"pa_yayinevi-tubitak-yayinlari","9":"pa_yazar-susan-meredith","11":"first","12":"instock","13":"sale","14":"shipping-taxable","15":"purchasable","16":"product-type-simple"},"_links":{"self":[{"href":"https:\/\/roveyayinevi.com.tr\/index.php\/wp-json\/wp\/v2\/product\/776201","targetHints":{"allow":["GET"]}}],"collection":[{"href":"https:\/\/roveyayinevi.com.tr\/index.php\/wp-json\/wp\/v2\/product"}],"about":[{"href":"https:\/\/roveyayinevi.com.tr\/index.php\/wp-json\/wp\/v2\/types\/product"}],"wp:attachment":[{"href":"https:\/\/roveyayinevi.com.tr\/index.php\/wp-json\/wp\/v2\/media?parent=776201"}],"wp:term":[{"taxonomy":"product_brand","embeddable":true,"href":"https:\/\/roveyayinevi.com.tr\/index.php\/wp-json\/wp\/v2\/product_brand?post=776201"},{"taxonomy":"product_cat","embeddable":true,"href":"https:\/\/roveyayinevi.com.tr\/index.php\/wp-json\/wp\/v2\/product_cat?post=776201"},{"taxonomy":"product_tag","embeddable":true,"href":"https:\/\/roveyayinevi.com.tr\/index.php\/wp-json\/wp\/v2\/product_tag?post=776201"}],"curies":[{"name":"wp","href":"https:\/\/api.w.org\/{rel}","templated":true}]}}