{"id":776198,"date":"2025-09-21T03:10:21","date_gmt":"2025-09-21T00:10:21","guid":{"rendered":"https:\/\/roveyayinevi.com.tr\/index.php\/urun\/zengin-baba-yoksul-baba\/"},"modified":"2026-03-19T02:14:53","modified_gmt":"2026-03-18T23:14:53","slug":"zengin-baba-yoksul-baba","status":"publish","type":"product","link":"https:\/\/roveyayinevi.com.tr\/index.php\/urun\/zengin-baba-yoksul-baba\/","title":{"rendered":"Zengin Baba Yoksul Baba"},"content":{"rendered":"<p>\u00d6zellikle teknolojinin, robotlar\u0131n ve global bir ekonominin kurallar\u0131 de\u011fi\u015ftirdi\u011fi bir d\u00fcnyada, zengin olmak i\u00e7in y\u00fcksek gelirinizin olmas\u0131 gerekti\u011fi efsanesini \u00e7\u00fcr\u00fct\u00fcr. Aktif yat\u0131r\u0131mlar edinmenin ve olu\u015fturman\u0131n neden y\u00fckl\u00fc bir maa\u015ftan daha \u00f6nemli olabilece\u011fini, i\u015fletme sahiplerinin ve yat\u0131r\u0131mc\u0131lar\u0131n keyfini s\u00fcrd\u00fc\u011f\u00fc vergi avantajlar\u0131n\u0131 \u00f6\u011fretir. Evinizin aktif bir yat\u0131r\u0131m oldu\u011funa kar\u015f\u0131 meydan okur; emlak balonu patlad\u0131\u011f\u0131nda ve y\u00fcksek faizli mortgage fiyaskosu \u015fiddetlendi\u011fi zaman milyonlarca insan\u0131n do\u011frudan \u00f6\u011frendi\u011fi gibi. Bize okul sistemlerinin parayla ilgili \u00f6\u011frettiklerine neden g\u00fcvenmememiz gerekti\u011fini hat\u0131rlat\u0131r ve bu \u00f6nemli yetene\u011fin neden bug\u00fcn hi\u00e7 olmad\u0131\u011f\u0131 kadar \u00f6nemli oldu\u011funu a\u00e7\u0131klar.\u00c7ocuklar\u0131n\u0131za paraya dair neler \u00f6\u011fretmeniz gerekti\u011fini a\u00e7\u0131klar, b\u00f6ylece onlar da g\u00fcn\u00fcm\u00fcz d\u00fcnyas\u0131n\u0131n zorluklar\u0131na ve f\u0131rsatlar\u0131na kendilerini haz\u0131rlayabilir ve hak ettikleri zengin ya\u015fam\u0131 s\u00fcrebilir. \u201cZengin Baba Yoksul Baba, finansal geleceklerinin kontrol\u00fcn\u00fc eline almak isteyenler i\u00e7in bir ba\u015flang\u0131\u00e7 noktas\u0131d\u0131r.\u201d USA TODAY Bu kitap Zengin Baba felsefesinin bir par\u00e7as\u0131d\u0131r: oku, tart\u0131\u015f, \u00e7al\u0131\u015f\u2026 ve tekrar tart\u0131\u015f.  Bu 20. y\u0131la \u00f6zel bask\u0131, okuyup, tekrar okuyup tart\u0131\u015f\u0131rken ve arkada\u015flar\u0131n\u0131zla ya da ailenizle bu kitab\u0131 incelerken size rehberlik etsin diye 9 Yeni \u00c7al\u0131\u015fma Oturumu B\u00f6l\u00fcm\u00fc i\u00e7erir.  \u201c\u0130nsanlar\u0131n maddi olarak s\u0131k\u0131nt\u0131 \u00e7ekmesinin ba\u015fl\u0131ca nedeni, y\u0131llar\u0131n\u0131 okulda ge\u00e7irip parayla alakal\u0131 hi\u00e7bir \u015fey \u00f6\u011frenememeleridir. Sonu\u00e7 olarak bu insanlar para i\u00e7in \u00e7al\u0131\u015fmay\u0131 \u00f6\u011frenirler, ama asla paray\u0131 kendileri i\u00e7in \u00e7al\u0131\u015ft\u0131rmay\u0131 \u00f6\u011frenemezler.\u201dRobert Kiyosaki Robert Kiyosaki d\u00fcnya genelinde milyonlarca insan\u0131n parayla ilgili d\u00fc\u015f\u00fcnme \u015fekillerine meydan okudu ve onlar\u0131 de\u011fi\u015ftirdi. Genel inan\u0131\u015fa ters d\u00fc\u015fen bak\u0131\u015f a\u00e7\u0131s\u0131yla Kiyosaki, dobra konu\u015fmas\u0131 ve cesaretiyle \u00fcn kazand\u0131. D\u00fcnya \u00e7ap\u0131nda finansal e\u011fitimin s\u0131k\u0131 destek\u00e7isi olarak kabul edildi. <\/p>\n","protected":false},"excerpt":{"rendered":"<p>\u00d6zellikle teknolojinin, robotlar\u0131n ve global bir ekonominin kurallar\u0131 de\u011fi\u015ftirdi\u011fi bir d\u00fcnyada, zengin olmak i\u00e7in y\u00fcksek gelirinizin olmas\u0131 gerekti\u011fi efsanesini \u00e7\u00fcr\u00fct\u00fcr. Aktif yat\u0131r\u0131mlar edinmenin ve olu\u015fturman\u0131n neden<span class=\"excerpt-hellip\"> [\u2026]<\/span><\/p>\n","protected":false},"featured_media":0,"template":"","meta":{"_monsterinsights_skip_tracking":false,"_monsterinsights_sitenote_active":false,"_monsterinsights_sitenote_note":"","_monsterinsights_sitenote_category":0},"product_brand":[],"product_cat":[17249,13043],"product_tag":[],"class_list":{"0":"post-776198","1":"product","2":"type-product","3":"status-publish","5":"product_cat-borsa-finans","6":"product_cat-ekonomi","7":"pa_cilt-ciltsiz","8":"pa_tur-kitap","9":"pa_yayinevi-alfa-yayinlari","10":"pa_yazar-robert-t-kiyosaki","12":"first","13":"instock","14":"sale","15":"shipping-taxable","16":"purchasable","17":"product-type-simple"},"_links":{"self":[{"href":"https:\/\/roveyayinevi.com.tr\/index.php\/wp-json\/wp\/v2\/product\/776198","targetHints":{"allow":["GET"]}}],"collection":[{"href":"https:\/\/roveyayinevi.com.tr\/index.php\/wp-json\/wp\/v2\/product"}],"about":[{"href":"https:\/\/roveyayinevi.com.tr\/index.php\/wp-json\/wp\/v2\/types\/product"}],"wp:attachment":[{"href":"https:\/\/roveyayinevi.com.tr\/index.php\/wp-json\/wp\/v2\/media?parent=776198"}],"wp:term":[{"taxonomy":"product_brand","embeddable":true,"href":"https:\/\/roveyayinevi.com.tr\/index.php\/wp-json\/wp\/v2\/product_brand?post=776198"},{"taxonomy":"product_cat","embeddable":true,"href":"https:\/\/roveyayinevi.com.tr\/index.php\/wp-json\/wp\/v2\/product_cat?post=776198"},{"taxonomy":"product_tag","embeddable":true,"href":"https:\/\/roveyayinevi.com.tr\/index.php\/wp-json\/wp\/v2\/product_tag?post=776198"}],"curies":[{"name":"wp","href":"https:\/\/api.w.org\/{rel}","templated":true}]}}