{"id":776197,"date":"2025-09-21T02:58:52","date_gmt":"2025-09-20T23:58:52","guid":{"rendered":"https:\/\/roveyayinevi.com.tr\/index.php\/urun\/kolay-piyano-1\/"},"modified":"2026-04-16T02:07:58","modified_gmt":"2026-04-15T23:07:58","slug":"kolay-piyano-1","status":"publish","type":"product","link":"https:\/\/roveyayinevi.com.tr\/index.php\/urun\/kolay-piyano-1\/","title":{"rendered":"Kolay Piyano 1"},"content":{"rendered":"<p>\u00c7alg\u0131 e\u011fitimi \u00e7ocu\u011funuzu ya\u015fam\u0131 boyunca olumlu etkileyecek ba\u015fta akademik ve sosyal alanlarda olmak \u00fczere bir\u00e7ok disiplinde ba\u015far\u0131l\u0131 olmas\u0131n\u0131 sa\u011flayacak bir s\u00fcre\u00e7tir. Zihinsel kapasitede art\u0131\u015f, ritim duygusu ve reflekslerde geli\u015fme, sab\u0131r, yo\u011funla\u015fabilmede kolayl\u0131k, disiplinli \u00e7al\u0131\u015fma al\u0131\u015fkanl\u0131\u011f\u0131, birlikte i\u015f yapabilme yetene\u011fi gibi konularda, ilerleyen y\u0131llarda ya\u015fam\u0131n\u0131 kolayla\u015ft\u0131racak de\u011ferler kazand\u0131r\u0131r. Bu kitap, piyanoya yeni ba\u015flayacak olanlar i\u00e7in birinci basamaktan itibaren teorik, pratik ve repertuara y\u00f6nelik olarak d\u00fc\u015f\u00fcn\u00fclm\u00fc\u015ft\u00fcr. G\u00f6rsel a\u00e7\u0131dan k\u00fc\u00e7\u00fck ya\u015f gruplar\u0131na seslense de farkl\u0131 ya\u015f gruplar\u0131ndan yeni ba\u015flayan her \u00f6\u011frencinin temel piyano tekniklerini ve nota bilgisini almak i\u00e7in yararlanabilece\u011fi, farkl\u0131 \u00fclkelerin, farkl\u0131 co\u011frafyalar\u0131n \u00e7ocuk ve halk m\u00fczikleri ile senfonik m\u00fcziklerden olu\u015fmu\u015f bir i\u00e7erikle haz\u0131rlanm\u0131\u015ft\u0131r. \ufffcNas\u0131l oturmal\u0131y\u0131z, ellerimizi nas\u0131l tutmal\u0131y\u0131z Sa\u011f ve sol elin parmak numaralar\u0131 Piyanoda a\u015fa\u011f\u0131 ve yukar\u0131, sus ailesi Hangisi e\u015fit hangisi de\u011fil, noktalar\u0131 birle\u015ftirelim Yeni notalar, yeni renkler, nota ailesi Her ad\u0131mda bir nota, piyanoda tu\u015flar M\u00fczi\u011fin temeli matematiktir.<\/p>\n","protected":false},"excerpt":{"rendered":"<p>\u00c7alg\u0131 e\u011fitimi \u00e7ocu\u011funuzu ya\u015fam\u0131 boyunca olumlu etkileyecek ba\u015fta akademik ve sosyal alanlarda olmak \u00fczere bir\u00e7ok disiplinde ba\u015far\u0131l\u0131 olmas\u0131n\u0131 sa\u011flayacak bir s\u00fcre\u00e7tir. Zihinsel kapasitede art\u0131\u015f, ritim duygusu<span class=\"excerpt-hellip\"> [\u2026]<\/span><\/p>\n","protected":false},"featured_media":0,"template":"","meta":{"_monsterinsights_skip_tracking":false,"_monsterinsights_sitenote_active":false,"_monsterinsights_sitenote_note":"","_monsterinsights_sitenote_category":0},"product_brand":[],"product_cat":[12274,12649],"product_tag":[],"class_list":{"0":"post-776197","1":"product","2":"type-product","3":"status-publish","5":"product_cat-cocuk-ve-genclik-kitaplari","6":"product_cat-hobi-muzik","7":"pa_cilt-ciltsiz","8":"pa_tur-kitap","9":"pa_yayinevi-alfa-yayinlari","10":"pa_yazar-sevinc-ereren","12":"first","13":"instock","14":"sale","15":"shipping-taxable","16":"purchasable","17":"product-type-simple"},"_links":{"self":[{"href":"https:\/\/roveyayinevi.com.tr\/index.php\/wp-json\/wp\/v2\/product\/776197","targetHints":{"allow":["GET"]}}],"collection":[{"href":"https:\/\/roveyayinevi.com.tr\/index.php\/wp-json\/wp\/v2\/product"}],"about":[{"href":"https:\/\/roveyayinevi.com.tr\/index.php\/wp-json\/wp\/v2\/types\/product"}],"wp:attachment":[{"href":"https:\/\/roveyayinevi.com.tr\/index.php\/wp-json\/wp\/v2\/media?parent=776197"}],"wp:term":[{"taxonomy":"product_brand","embeddable":true,"href":"https:\/\/roveyayinevi.com.tr\/index.php\/wp-json\/wp\/v2\/product_brand?post=776197"},{"taxonomy":"product_cat","embeddable":true,"href":"https:\/\/roveyayinevi.com.tr\/index.php\/wp-json\/wp\/v2\/product_cat?post=776197"},{"taxonomy":"product_tag","embeddable":true,"href":"https:\/\/roveyayinevi.com.tr\/index.php\/wp-json\/wp\/v2\/product_tag?post=776197"}],"curies":[{"name":"wp","href":"https:\/\/api.w.org\/{rel}","templated":true}]}}