{"id":776195,"date":"2025-09-21T02:44:38","date_gmt":"2025-09-20T23:44:38","guid":{"rendered":"https:\/\/roveyayinevi.com.tr\/index.php\/urun\/el-kizi\/"},"modified":"2026-04-14T02:07:45","modified_gmt":"2026-04-13T23:07:45","slug":"el-kizi","status":"publish","type":"product","link":"https:\/\/roveyayinevi.com.tr\/index.php\/urun\/el-kizi\/","title":{"rendered":"El K\u0131z\u0131"},"content":{"rendered":"<p>Toplumsal alanda bireyin t\u00fcm y\u00f6nlerini ustal\u0131kla dile getiren Orhan Kemal, yaln\u0131zca sokaklarda ekmek kavgas\u0131 veren insanlar\u0131 de\u011fil, evlerin i\u00e7inde s\u00fcren aile \u00e7eki\u015fmelerini de en iyi anlatan yazarlardan biridir. Orhan Kemal&#8217;in ev i\u00e7i ya\u015famlara ili\u015fkin yazd\u0131\u011f\u0131 en yetkin kitaplardan biri olan El K\u0131z\u0131, toplumun aile i\u00e7indeki yans\u0131y\u0131\u015f\u0131n\u0131 da m\u00fckemmel bi\u00e7imde ele al\u0131r. Orhan Kemal&#8217;in kitaplar\u0131 bir okurun hayatta rastlayabilece\u011fi o \u00e7ok nadir hazineler aras\u0131nda yer al\u0131r. \u00c7ok az yazar okurunun d\u00fcnyas\u0131nda onun kadar iz b\u0131rak\u0131r, okurunu onun kadar bi\u00e7imlendirir. Orhan Kemal umudu ve ayd\u0131nl\u0131\u011f\u0131 yeniden kazanmam\u0131z i\u00e7in yol g\u00f6sterir bize. Edebiyat\u0131m\u0131z\u0131n en de\u011ferli ustalar\u0131ndan biri olan Orhan Kemal&#8217;in kitaplar\u0131n\u0131 yay\u0131mlamaktan onur duyuyoruz.<\/p>\n","protected":false},"excerpt":{"rendered":"<p>Toplumsal alanda bireyin t\u00fcm y\u00f6nlerini ustal\u0131kla dile getiren Orhan Kemal, yaln\u0131zca sokaklarda ekmek kavgas\u0131 veren insanlar\u0131 de\u011fil, evlerin i\u00e7inde s\u00fcren aile \u00e7eki\u015fmelerini de en iyi anlatan<span class=\"excerpt-hellip\"> [\u2026]<\/span><\/p>\n","protected":false},"featured_media":0,"template":"","meta":{"_monsterinsights_skip_tracking":false,"_monsterinsights_sitenote_active":false,"_monsterinsights_sitenote_note":"","_monsterinsights_sitenote_category":0},"product_brand":[],"product_cat":[12291,12711],"product_tag":[],"class_list":{"0":"post-776195","1":"product","2":"type-product","3":"status-publish","5":"product_cat-edebiyat","6":"product_cat-roman-oyku","7":"pa_cilt-ciltsiz","8":"pa_tur-kitap","9":"pa_yayinevi-everest-yayinlari","10":"pa_yazar-orhan-kemal","12":"first","13":"instock","14":"sale","15":"shipping-taxable","16":"purchasable","17":"product-type-simple"},"_links":{"self":[{"href":"https:\/\/roveyayinevi.com.tr\/index.php\/wp-json\/wp\/v2\/product\/776195","targetHints":{"allow":["GET"]}}],"collection":[{"href":"https:\/\/roveyayinevi.com.tr\/index.php\/wp-json\/wp\/v2\/product"}],"about":[{"href":"https:\/\/roveyayinevi.com.tr\/index.php\/wp-json\/wp\/v2\/types\/product"}],"wp:attachment":[{"href":"https:\/\/roveyayinevi.com.tr\/index.php\/wp-json\/wp\/v2\/media?parent=776195"}],"wp:term":[{"taxonomy":"product_brand","embeddable":true,"href":"https:\/\/roveyayinevi.com.tr\/index.php\/wp-json\/wp\/v2\/product_brand?post=776195"},{"taxonomy":"product_cat","embeddable":true,"href":"https:\/\/roveyayinevi.com.tr\/index.php\/wp-json\/wp\/v2\/product_cat?post=776195"},{"taxonomy":"product_tag","embeddable":true,"href":"https:\/\/roveyayinevi.com.tr\/index.php\/wp-json\/wp\/v2\/product_tag?post=776195"}],"curies":[{"name":"wp","href":"https:\/\/api.w.org\/{rel}","templated":true}]}}