{"id":776193,"date":"2025-09-21T02:21:57","date_gmt":"2025-09-20T23:21:57","guid":{"rendered":"https:\/\/roveyayinevi.com.tr\/index.php\/urun\/mitten-yaziya-veya-gizli-dede-korkut\/"},"modified":"2026-04-16T02:02:11","modified_gmt":"2026-04-15T23:02:11","slug":"mitten-yaziya-veya-gizli-dede-korkut","status":"publish","type":"product","link":"https:\/\/roveyayinevi.com.tr\/index.php\/urun\/mitten-yaziya-veya-gizli-dede-korkut\/","title":{"rendered":"Mitten Yaz\u0131ya veya Gizli Dede Korkut"},"content":{"rendered":"<p>Gizli Dede Korkut adl\u0131 \u00e7al\u0131\u015fmas\u0131 yay\u0131mland\u0131\u011f\u0131nda Azerbaycan\u2019da geni\u015f ilgi uyand\u0131ran Prof. Dr. Kamal Abdulla, 1950 y\u0131l\u0131nda Bak\u00fb\u2019da do\u011fmu\u015f, 1973\u2019te Azerbaycan Devlet \u00dcniversitesi Filoloji Fak\u00fcltesi\u2019nden mezun olmu\u015ftur. Moskova\u2019da \u0130limler Akademisi Dil Bilimi Enstit\u00fcs\u00fc\u2019nde Dede Korkut Destanlar\u0131nda Sentaktik Paralelizm konulu \u00e7al\u0131\u015fmas\u0131n\u0131 tamamlad\u0131ktan sonra 1977\u2019de Azerbaycan\u2019a d\u00f6nen ara\u015ft\u0131rmac\u0131, burada Azerbaycan \u0130limler Akademisi Nesim\u00ee Dil Bilimi Enstit\u00fcs\u00fc\u2019nde \u00e7al\u0131\u015fmaya ba\u015flam\u0131\u015ft\u0131r. 1983\u2019te Azerbaycan Dili Sentaks\u0131n\u0131n Nazar\u00ee Problemleri adl\u0131 \u00e7al\u0131\u015fmas\u0131yla doktor olan Abdulla, 1984\u2019ten itibaren Yabanc\u0131 Diller \u00dcniversitesi Genel Dil Bilimi ve Azerbaycan Dil Bilimi b\u00f6l\u00fcmlerinin ba\u015fkanl\u0131klar\u0131n\u0131 y\u00fcr\u00fctm\u00fc\u015f olup halen Bak\u0131 Slavyan \u00dcniversitesi Rekt\u00f6r\u00fc olarak g\u00f6rev yapmaktad\u0131r. \u00c7e\u015fitli makaleleri ve kitaplar\u0131 olan ara\u015ft\u0131rmac\u0131n\u0131n bilim adaml\u0131\u011f\u0131 yan\u0131 s\u0131ra romanc\u0131l\u0131k, tiyatro yazarl\u0131\u011f\u0131 ve \u015fairlik y\u00f6n\u00fc de vard\u0131r. Kamal Abdulla\u2019n\u0131n Gizli Dede Korkut, Eksik El Yazmas\u0131, B\u00fcy\u00fcc\u00fcler Deresi gibi inceleme ve romanlar\u0131, bir\u00e7ok \u00fclkede yay\u0131mland\u0131\u011f\u0131 gibi T\u00fcrkiye\u2019de de yay\u0131mlanm\u0131\u015ft\u0131r. <\/p>\n","protected":false},"excerpt":{"rendered":"<p>Gizli Dede Korkut adl\u0131 \u00e7al\u0131\u015fmas\u0131 yay\u0131mland\u0131\u011f\u0131nda Azerbaycan\u2019da geni\u015f ilgi uyand\u0131ran Prof. Dr. Kamal Abdulla, 1950 y\u0131l\u0131nda Bak\u00fb\u2019da do\u011fmu\u015f, 1973\u2019te Azerbaycan Devlet \u00dcniversitesi Filoloji Fak\u00fcltesi\u2019nden mezun olmu\u015ftur.<span class=\"excerpt-hellip\"> [\u2026]<\/span><\/p>\n","protected":false},"featured_media":0,"template":"","meta":{"_monsterinsights_skip_tracking":false,"_monsterinsights_sitenote_active":false,"_monsterinsights_sitenote_note":"","_monsterinsights_sitenote_category":0},"product_brand":[],"product_cat":[12291,12711],"product_tag":[],"class_list":{"0":"post-776193","1":"product","2":"type-product","3":"status-publish","5":"product_cat-edebiyat","6":"product_cat-roman-oyku","7":"pa_cilt-ciltsiz","8":"pa_tur-kitap","9":"pa_yayinevi-otuken-nesriyat","10":"pa_yazar-kamal-abdulla","12":"first","13":"instock","14":"sale","15":"shipping-taxable","16":"purchasable","17":"product-type-simple"},"_links":{"self":[{"href":"https:\/\/roveyayinevi.com.tr\/index.php\/wp-json\/wp\/v2\/product\/776193","targetHints":{"allow":["GET"]}}],"collection":[{"href":"https:\/\/roveyayinevi.com.tr\/index.php\/wp-json\/wp\/v2\/product"}],"about":[{"href":"https:\/\/roveyayinevi.com.tr\/index.php\/wp-json\/wp\/v2\/types\/product"}],"wp:attachment":[{"href":"https:\/\/roveyayinevi.com.tr\/index.php\/wp-json\/wp\/v2\/media?parent=776193"}],"wp:term":[{"taxonomy":"product_brand","embeddable":true,"href":"https:\/\/roveyayinevi.com.tr\/index.php\/wp-json\/wp\/v2\/product_brand?post=776193"},{"taxonomy":"product_cat","embeddable":true,"href":"https:\/\/roveyayinevi.com.tr\/index.php\/wp-json\/wp\/v2\/product_cat?post=776193"},{"taxonomy":"product_tag","embeddable":true,"href":"https:\/\/roveyayinevi.com.tr\/index.php\/wp-json\/wp\/v2\/product_tag?post=776193"}],"curies":[{"name":"wp","href":"https:\/\/api.w.org\/{rel}","templated":true}]}}