{"id":776192,"date":"2025-09-21T02:13:54","date_gmt":"2025-09-20T23:13:54","guid":{"rendered":"https:\/\/roveyayinevi.com.tr\/index.php\/urun\/sizinkiler-tatilde\/"},"modified":"2025-09-22T08:47:52","modified_gmt":"2025-09-22T05:47:52","slug":"sizinkiler-tatilde","status":"publish","type":"product","link":"https:\/\/roveyayinevi.com.tr\/index.php\/urun\/sizinkiler-tatilde\/","title":{"rendered":"Sizinkiler Tatilde"},"content":{"rendered":"<p>\u015eimdi tatil zaman\u0131!!! Limon ve Zeytin\u2019in sizlere sundu\u011fu e\u011flenceli tatil se\u00e7enekleriyle, yeni yerler ke\u015ffedip, macera ve e\u011flence dolu ser\u00fcvenlere haz\u0131r m\u0131s\u0131n\u0131z? <\/p>\n","protected":false},"excerpt":{"rendered":"<p>\u015eimdi tatil zaman\u0131!!! Limon ve Zeytin\u2019in sizlere sundu\u011fu e\u011flenceli tatil se\u00e7enekleriyle, yeni yerler ke\u015ffedip, macera ve e\u011flence dolu ser\u00fcvenlere haz\u0131r m\u0131s\u0131n\u0131z?<\/p>\n","protected":false},"featured_media":0,"template":"","meta":{"_monsterinsights_skip_tracking":false,"_monsterinsights_sitenote_active":false,"_monsterinsights_sitenote_note":"","_monsterinsights_sitenote_category":0},"product_brand":[],"product_cat":[12477,12364],"product_tag":[],"class_list":{"0":"post-776192","1":"product","2":"type-product","3":"status-publish","5":"product_cat-eglence-mizah","6":"product_cat-genel-konular","7":"pa_tur-kitap","8":"pa_yayinevi-mart-yayinlari","9":"pa_yazar-salih-memecan","11":"first","12":"instock","13":"sale","14":"shipping-taxable","15":"purchasable","16":"product-type-simple"},"_links":{"self":[{"href":"https:\/\/roveyayinevi.com.tr\/index.php\/wp-json\/wp\/v2\/product\/776192","targetHints":{"allow":["GET"]}}],"collection":[{"href":"https:\/\/roveyayinevi.com.tr\/index.php\/wp-json\/wp\/v2\/product"}],"about":[{"href":"https:\/\/roveyayinevi.com.tr\/index.php\/wp-json\/wp\/v2\/types\/product"}],"wp:attachment":[{"href":"https:\/\/roveyayinevi.com.tr\/index.php\/wp-json\/wp\/v2\/media?parent=776192"}],"wp:term":[{"taxonomy":"product_brand","embeddable":true,"href":"https:\/\/roveyayinevi.com.tr\/index.php\/wp-json\/wp\/v2\/product_brand?post=776192"},{"taxonomy":"product_cat","embeddable":true,"href":"https:\/\/roveyayinevi.com.tr\/index.php\/wp-json\/wp\/v2\/product_cat?post=776192"},{"taxonomy":"product_tag","embeddable":true,"href":"https:\/\/roveyayinevi.com.tr\/index.php\/wp-json\/wp\/v2\/product_tag?post=776192"}],"curies":[{"name":"wp","href":"https:\/\/api.w.org\/{rel}","templated":true}]}}