{"id":776189,"date":"2025-09-21T02:06:47","date_gmt":"2025-09-20T23:06:47","guid":{"rendered":"https:\/\/roveyayinevi.com.tr\/index.php\/urun\/buyuk-atlas-2\/"},"modified":"2025-09-22T08:40:45","modified_gmt":"2025-09-22T05:40:45","slug":"buyuk-atlas-2","status":"publish","type":"product","link":"https:\/\/roveyayinevi.com.tr\/index.php\/urun\/buyuk-atlas-2\/","title":{"rendered":"B\u00fcy\u00fck Atlas"},"content":{"rendered":"<p>PLAN VE HAR\u0130TA \u2013 HAR\u0130TA \u00d6L\u00c7EKLER\u0130 HAR\u0130TA PROJEKS\u0130YONLARI G\u00dcNE\u015e S\u0130STEM\u0130 VE GEZEGENLER G\u00dcNE\u015e\u2019\u0130N VE D\u00dcNYA\u2019NIN KATMANLARI T\u00dcRK\u0130YE F\u0130Z\u0130K\u0130 HAR\u0130TASI T\u00dcRK\u0130YE S\u0130YAS\u0130 HAR\u0130TASI T\u00dcRK\u0130YE CO\u011eRAF\u0130 B\u00d6LGELER HAR\u0130TASI T\u00dcRK\u0130YE TEMAT\u0130K HAR\u0130TALARI T\u00dcRK\u0130YE DEPREM B\u00d6LGELER\u0130 HAR\u0130TASI MARMARA B\u00d6LGES\u0130 HAR\u0130TALARI EGE B\u00d6LGES\u0130 HAR\u0130TALARI AKDEN\u0130Z B\u00d6LGES\u0130 HAR\u0130TALARI \u0130\u00c7 ANADOLU B\u00d6LGES\u0130 HAR\u0130TALARI KARADEN\u0130Z B\u00d6LGES\u0130 HAR\u0130TALARI DO\u011eU ANADOLU B\u00d6LGES\u0130 HAR\u0130TALARI G\u00dcNEYDO\u011eU ANADOLU B\u00d6LGES\u0130 HAR\u0130TALARI T\u00dcRK D\u00dcNYASI HAR\u0130TASI D\u00dcNYA F\u0130Z\u0130K\u0130 HAR\u0130TASI D\u00dcNYA S\u0130YAS\u0130 HAR\u0130TASI D\u00dcNYA TEMAT\u0130K HAR\u0130TALARI<\/p>\n","protected":false},"excerpt":{"rendered":"<p>PLAN VE HAR\u0130TA \u2013 HAR\u0130TA \u00d6L\u00c7EKLER\u0130 HAR\u0130TA PROJEKS\u0130YONLARI G\u00dcNE\u015e S\u0130STEM\u0130 VE GEZEGENLER G\u00dcNE\u015e\u2019\u0130N VE D\u00dcNYA\u2019NIN KATMANLARI T\u00dcRK\u0130YE F\u0130Z\u0130K\u0130 HAR\u0130TASI T\u00dcRK\u0130YE S\u0130YAS\u0130 HAR\u0130TASI T\u00dcRK\u0130YE CO\u011eRAF\u0130 B\u00d6LGELER HAR\u0130TASI<span class=\"excerpt-hellip\"> [\u2026]<\/span><\/p>\n","protected":false},"featured_media":0,"template":"","meta":{"_monsterinsights_skip_tracking":false,"_monsterinsights_sitenote_active":false,"_monsterinsights_sitenote_note":"","_monsterinsights_sitenote_category":0},"product_brand":[],"product_cat":[12567,12566],"product_tag":[],"class_list":{"0":"post-776189","1":"product","2":"type-product","3":"status-publish","5":"product_cat-diger-egitim","6":"product_cat-egitim","7":"pa_cilt-ciltsiz","8":"pa_tur-kitap","9":"pa_yayinevi-ozyurek-yayinlari","10":"pa_yazar-kolektif","12":"first","13":"instock","14":"sale","15":"shipping-taxable","16":"purchasable","17":"product-type-simple"},"_links":{"self":[{"href":"https:\/\/roveyayinevi.com.tr\/index.php\/wp-json\/wp\/v2\/product\/776189","targetHints":{"allow":["GET"]}}],"collection":[{"href":"https:\/\/roveyayinevi.com.tr\/index.php\/wp-json\/wp\/v2\/product"}],"about":[{"href":"https:\/\/roveyayinevi.com.tr\/index.php\/wp-json\/wp\/v2\/types\/product"}],"wp:attachment":[{"href":"https:\/\/roveyayinevi.com.tr\/index.php\/wp-json\/wp\/v2\/media?parent=776189"}],"wp:term":[{"taxonomy":"product_brand","embeddable":true,"href":"https:\/\/roveyayinevi.com.tr\/index.php\/wp-json\/wp\/v2\/product_brand?post=776189"},{"taxonomy":"product_cat","embeddable":true,"href":"https:\/\/roveyayinevi.com.tr\/index.php\/wp-json\/wp\/v2\/product_cat?post=776189"},{"taxonomy":"product_tag","embeddable":true,"href":"https:\/\/roveyayinevi.com.tr\/index.php\/wp-json\/wp\/v2\/product_tag?post=776189"}],"curies":[{"name":"wp","href":"https:\/\/api.w.org\/{rel}","templated":true}]}}