{"id":776185,"date":"2025-09-20T22:40:56","date_gmt":"2025-09-20T19:40:56","guid":{"rendered":"https:\/\/roveyayinevi.com.tr\/index.php\/urun\/neymis-bu-yapi\/"},"modified":"2026-04-15T03:42:37","modified_gmt":"2026-04-15T00:42:37","slug":"neymis-bu-yapi","status":"publish","type":"product","link":"https:\/\/roveyayinevi.com.tr\/index.php\/urun\/neymis-bu-yapi\/","title":{"rendered":"Neymi\u015f Bu Yap\u0131?"},"content":{"rendered":"<p>Uzun y\u0131llard\u0131r futbolu kemiren bir menfaat zinciri&#8230; \u201cKim bu Yap\u0131?\u201d diyenler oldu. Neymi\u015f bu Yap\u0131?\u201d diyenler oldu. Ben sadece not ald\u0131m.  Futbolun i\u00e7indeki garip olaylar\u0131 not ald\u0131m. Bu bir hat\u0131rlatma kitab\u0131. Zaman\u0131nda kritik g\u00f6revlerde bulunmu\u015f ki\u015filer, g\u00f6rev s\u00fcreleri bitti\u011finde bazen konu\u015fuyorlar. Kimi zamanda kendi divan kurullar\u0131nda veya se\u00e7im d\u00f6nemlerinde \u201cneler ba\u015fard\u0131klar\u0131n\u0131 anlatmak\u201d i\u00e7in konu\u015fuyorlar. \u201c\u0130T\u0130RAFLAR\u201d b\u00f6l\u00fcm\u00fcnde yap\u0131n\u0131n sil\u00fcet \u00e7\u0131k\u0131yor ortaya&#8230; Fenerbah\u00e7e Divan Kurullu \u00fcyesiyim. Yazd\u0131klar\u0131m\u0131 elbette Fenerbah\u00e7eli birinin g\u00f6z\u00fcnden okuyacaks\u0131n\u0131z. Eksi\u011fim olabilir ama yanl\u0131\u015f\u0131m oldu\u011funu sanm\u0131yorum. Bu kitap bir son de\u011fil ba\u015flang\u0131\u00e7 olsun. Eksiklerimi tamamlay\u0131n varsa yanl\u0131\u015f\u0131m d\u00fczeltin. Yeter ki bu menfaat zincirini birlikte k\u0131ral\u0131m. Ate\u015f Bakan <\/p>\n","protected":false},"excerpt":{"rendered":"<p>Uzun y\u0131llard\u0131r futbolu kemiren bir menfaat zinciri&#8230; \u201cKim bu Yap\u0131?\u201d diyenler oldu. Neymi\u015f bu Yap\u0131?\u201d diyenler oldu. Ben sadece not ald\u0131m. Futbolun i\u00e7indeki garip olaylar\u0131 not<span class=\"excerpt-hellip\"> [\u2026]<\/span><\/p>\n","protected":false},"featured_media":0,"template":"","meta":{"_monsterinsights_skip_tracking":false,"_monsterinsights_sitenote_active":false,"_monsterinsights_sitenote_note":"","_monsterinsights_sitenote_category":0},"product_brand":[],"product_cat":[13590,12337],"product_tag":[],"class_list":{"0":"post-776185","1":"product","2":"type-product","3":"status-publish","5":"product_cat-arastirma-inceleme-politika-siyaset","6":"product_cat-politika-siyaset","7":"pa_cilt-ciltsiz","8":"pa_tur-kitap","9":"pa_yayinevi-kirmizi-kedi-yayinevi","10":"pa_yazar-ates-bakan","12":"first","13":"instock","14":"sale","15":"shipping-taxable","16":"purchasable","17":"product-type-simple"},"_links":{"self":[{"href":"https:\/\/roveyayinevi.com.tr\/index.php\/wp-json\/wp\/v2\/product\/776185","targetHints":{"allow":["GET"]}}],"collection":[{"href":"https:\/\/roveyayinevi.com.tr\/index.php\/wp-json\/wp\/v2\/product"}],"about":[{"href":"https:\/\/roveyayinevi.com.tr\/index.php\/wp-json\/wp\/v2\/types\/product"}],"wp:attachment":[{"href":"https:\/\/roveyayinevi.com.tr\/index.php\/wp-json\/wp\/v2\/media?parent=776185"}],"wp:term":[{"taxonomy":"product_brand","embeddable":true,"href":"https:\/\/roveyayinevi.com.tr\/index.php\/wp-json\/wp\/v2\/product_brand?post=776185"},{"taxonomy":"product_cat","embeddable":true,"href":"https:\/\/roveyayinevi.com.tr\/index.php\/wp-json\/wp\/v2\/product_cat?post=776185"},{"taxonomy":"product_tag","embeddable":true,"href":"https:\/\/roveyayinevi.com.tr\/index.php\/wp-json\/wp\/v2\/product_tag?post=776185"}],"curies":[{"name":"wp","href":"https:\/\/api.w.org\/{rel}","templated":true}]}}