{"id":776180,"date":"2025-09-20T22:40:16","date_gmt":"2025-09-20T19:40:16","guid":{"rendered":"https:\/\/roveyayinevi.com.tr\/index.php\/urun\/cokbilmis-sifir-ve-pelin\/"},"modified":"2026-04-15T03:42:33","modified_gmt":"2026-04-15T00:42:33","slug":"cokbilmis-sifir-ve-pelin","status":"publish","type":"product","link":"https:\/\/roveyayinevi.com.tr\/index.php\/urun\/cokbilmis-sifir-ve-pelin\/","title":{"rendered":"\u00c7okbilmi\u015f S\u0131f\u0131r ve Pelin"},"content":{"rendered":"<p>Pelin\u2019in say\u0131larla aras\u0131 hi\u00e7 yoktu. Oysa say\u0131lar her yerdeydi: okulda, evde, sokakta, hatta oyunlar\u0131nda bile\u2026 Bir gece koyun sayarak uyumaya \u00e7al\u0131\u015f\u0131rken kendini bamba\u015fka bir yerde buldu: Say\u0131lar \u00dclkesi! Burada her rakam\u0131n ayr\u0131 bir ki\u015fili\u011fi vard\u0131: Huysuz 1, \u00c7okbilmi\u015f S\u0131f\u0131r, Koca Kafal\u0131 9\u2026 Pelin i\u00e7in ba\u015flayan bu d\u00fc\u015fsel yolculuk, say\u0131lar\u0131n gizemli ve e\u011flenceli d\u00fcnyas\u0131na a\u00e7\u0131lan kap\u0131yd\u0131. Siz de onunla birlikte bu ser\u00fcvene at\u0131l\u0131p say\u0131lar\u0131 ke\u015ffetmeye haz\u0131r m\u0131s\u0131n\u0131z? <\/p>\n","protected":false},"excerpt":{"rendered":"<p>Pelin\u2019in say\u0131larla aras\u0131 hi\u00e7 yoktu. Oysa say\u0131lar her yerdeydi: okulda, evde, sokakta, hatta oyunlar\u0131nda bile\u2026 Bir gece koyun sayarak uyumaya \u00e7al\u0131\u015f\u0131rken kendini bamba\u015fka bir yerde buldu:<span class=\"excerpt-hellip\"> [\u2026]<\/span><\/p>\n","protected":false},"featured_media":0,"template":"","meta":{"_monsterinsights_skip_tracking":false,"_monsterinsights_sitenote_active":false,"_monsterinsights_sitenote_note":"","_monsterinsights_sitenote_category":0},"product_brand":[],"product_cat":[12274,12284],"product_tag":[],"class_list":{"0":"post-776180","1":"product","2":"type-product","3":"status-publish","5":"product_cat-cocuk-ve-genclik-kitaplari","6":"product_cat-hikayeler","7":"pa_cilt-ciltsiz","8":"pa_tur-kitap","9":"pa_yayinevi-ithaki-yayinlari","10":"pa_yazar-feyza-hepcilingirler","12":"first","13":"instock","14":"sale","15":"shipping-taxable","16":"purchasable","17":"product-type-simple"},"_links":{"self":[{"href":"https:\/\/roveyayinevi.com.tr\/index.php\/wp-json\/wp\/v2\/product\/776180","targetHints":{"allow":["GET"]}}],"collection":[{"href":"https:\/\/roveyayinevi.com.tr\/index.php\/wp-json\/wp\/v2\/product"}],"about":[{"href":"https:\/\/roveyayinevi.com.tr\/index.php\/wp-json\/wp\/v2\/types\/product"}],"wp:attachment":[{"href":"https:\/\/roveyayinevi.com.tr\/index.php\/wp-json\/wp\/v2\/media?parent=776180"}],"wp:term":[{"taxonomy":"product_brand","embeddable":true,"href":"https:\/\/roveyayinevi.com.tr\/index.php\/wp-json\/wp\/v2\/product_brand?post=776180"},{"taxonomy":"product_cat","embeddable":true,"href":"https:\/\/roveyayinevi.com.tr\/index.php\/wp-json\/wp\/v2\/product_cat?post=776180"},{"taxonomy":"product_tag","embeddable":true,"href":"https:\/\/roveyayinevi.com.tr\/index.php\/wp-json\/wp\/v2\/product_tag?post=776180"}],"curies":[{"name":"wp","href":"https:\/\/api.w.org\/{rel}","templated":true}]}}