{"id":776179,"date":"2025-09-20T22:40:13","date_gmt":"2025-09-20T19:40:13","guid":{"rendered":"https:\/\/roveyayinevi.com.tr\/index.php\/urun\/hikarunun-veda-ettigi-yaz-2\/"},"modified":"2026-04-15T03:42:33","modified_gmt":"2026-04-15T00:42:33","slug":"hikarunun-veda-ettigi-yaz-2","status":"publish","type":"product","link":"https:\/\/roveyayinevi.com.tr\/index.php\/urun\/hikarunun-veda-ettigi-yaz-2\/","title":{"rendered":"Hikaru\u2019nun Veda Etti\u011fi Yaz 2"},"content":{"rendered":"<p>K\u00fc\u00e7\u00fck bir k\u00f6yde ya\u015fayan Yoshiki ve Hikaru birlikte b\u00fcy\u00fcm\u00fc\u015f, ya\u015f\u0131t iki arkada\u015ft\u0131r\u2026 Yoshiki, ba\u015fka bir \u201c\u015feye\u201d d\u00f6n\u00fc\u015fm\u00fc\u015f olsa da g\u00f6r\u00fcn\u00fc\u015f\u00fc ayn\u0131 kalan Hikaru ile arkada\u015fl\u0131\u011f\u0131n\u0131 s\u00fcrd\u00fcr\u00fcr. Her ne kadar yanl\u0131\u015f bir \u015fey yokmu\u015f gibi davransa da ger\u00e7e\u011fi g\u00f6rmezden gelmesi m\u00fcmk\u00fcn de\u011fildir. Hikaru&#8217;ya yard\u0131m etmek ister ancak su\u00e7luluk hissini de \u00f6nleyemez. K\u00f6ydeki de\u011fi\u015fimi fark eden ki\u015filer Yoshiki\u2019yi uyarmaya ve kendilerini korumak i\u00e7in \u00f6nlem almaya ba\u015flar. Hikaru ne kadar tehlikeli g\u00f6r\u00fcnse de Yoshiki\u2019yi korumak isteyen bir arkada\u015f\u0131 gibidir h\u00e2l\u00e2, en az\u0131ndan \u015fimdilik\u2026 Kitab\u0131n sonunda, art\u0131k \u201cHikaru\u201d olmayan varl\u0131\u011f\u0131n zihnine k\u0131sa bir bak\u0131\u015f atmam\u0131z\u0131 sa\u011flayan \u00f6zel bir hik\u00e2ye de yer al\u0131yor! <\/p>\n","protected":false},"excerpt":{"rendered":"<p>K\u00fc\u00e7\u00fck bir k\u00f6yde ya\u015fayan Yoshiki ve Hikaru birlikte b\u00fcy\u00fcm\u00fc\u015f, ya\u015f\u0131t iki arkada\u015ft\u0131r\u2026 Yoshiki, ba\u015fka bir \u201c\u015feye\u201d d\u00f6n\u00fc\u015fm\u00fc\u015f olsa da g\u00f6r\u00fcn\u00fc\u015f\u00fc ayn\u0131 kalan Hikaru ile arkada\u015fl\u0131\u011f\u0131n\u0131 s\u00fcrd\u00fcr\u00fcr.<span class=\"excerpt-hellip\"> [\u2026]<\/span><\/p>\n","protected":false},"featured_media":0,"template":"","meta":{"_monsterinsights_skip_tracking":false,"_monsterinsights_sitenote_active":false,"_monsterinsights_sitenote_note":"","_monsterinsights_sitenote_category":0},"product_brand":[],"product_cat":[12416,12291],"product_tag":[],"class_list":{"0":"post-776179","1":"product","2":"type-product","3":"status-publish","5":"product_cat-cizgi-roman","6":"product_cat-edebiyat","7":"pa_cilt-ciltsiz","8":"pa_tur-kitap","9":"pa_yayinevi-athica-yayinlari","10":"pa_yazar-mokumokuren","12":"first","13":"instock","14":"sale","15":"shipping-taxable","16":"purchasable","17":"product-type-simple"},"_links":{"self":[{"href":"https:\/\/roveyayinevi.com.tr\/index.php\/wp-json\/wp\/v2\/product\/776179","targetHints":{"allow":["GET"]}}],"collection":[{"href":"https:\/\/roveyayinevi.com.tr\/index.php\/wp-json\/wp\/v2\/product"}],"about":[{"href":"https:\/\/roveyayinevi.com.tr\/index.php\/wp-json\/wp\/v2\/types\/product"}],"wp:attachment":[{"href":"https:\/\/roveyayinevi.com.tr\/index.php\/wp-json\/wp\/v2\/media?parent=776179"}],"wp:term":[{"taxonomy":"product_brand","embeddable":true,"href":"https:\/\/roveyayinevi.com.tr\/index.php\/wp-json\/wp\/v2\/product_brand?post=776179"},{"taxonomy":"product_cat","embeddable":true,"href":"https:\/\/roveyayinevi.com.tr\/index.php\/wp-json\/wp\/v2\/product_cat?post=776179"},{"taxonomy":"product_tag","embeddable":true,"href":"https:\/\/roveyayinevi.com.tr\/index.php\/wp-json\/wp\/v2\/product_tag?post=776179"}],"curies":[{"name":"wp","href":"https:\/\/api.w.org\/{rel}","templated":true}]}}