{"id":776178,"date":"2025-09-20T22:40:11","date_gmt":"2025-09-20T19:40:11","guid":{"rendered":"https:\/\/roveyayinevi.com.tr\/index.php\/urun\/bal-cadisi\/"},"modified":"2026-04-15T03:42:33","modified_gmt":"2026-04-15T00:42:33","slug":"bal-cadisi","status":"publish","type":"product","link":"https:\/\/roveyayinevi.com.tr\/index.php\/urun\/bal-cadisi\/","title":{"rendered":"Bal Cad\u0131s\u0131"},"content":{"rendered":"<p>Yirmi bir ya\u015f\u0131ndaki Marigold Claude, b\u00fcy\u00fckannesi onu bir sonraki Bal Cad\u0131s\u0131 olarak e\u011fitmek istedi\u011finde bunu sevin\u00e7le kabul etmi\u015fti. Fakat b\u00fcy\u00fcn\u00fcn ve \u00f6zg\u00fcrl\u00fc\u011f\u00fcn a\u011f\u0131r bir bedeli vard\u0131: Hi\u00e7 kimse Bal Cad\u0131s\u0131\u2019na \u00e2\u015f\u0131k olamazd\u0131. Marigold, bir g\u00fcn huysuzlu\u011fu ve b\u00fcy\u00fcye inanmamas\u0131yla bilinen Lottie Burke ile tan\u0131\u015ft\u0131. Bu, sihrin ger\u00e7ek oldu\u011funu kan\u0131tlama f\u0131rsat\u0131yd\u0131. Fakat i\u015fler bamba\u015fka bir h\u00e2l ald\u0131 ve k\u0131sa s\u00fcrede Lottie ile aralar\u0131nda g\u00fc\u00e7l\u00fc bir ba\u011f olu\u015ftu. Innisfree Adas\u0131\u2019nda ise i\u015fler yolunda gitmiyordu. Aniden ortaya \u00e7\u0131kan karanl\u0131k bir b\u00fcy\u00fc ada halk\u0131n\u0131n hayat\u0131n\u0131 de\u011fi\u015ftirmek \u00fczereydi. Marigold bu sava\u015f\u0131 hem sihri hem de kalbi i\u00e7in vermek zorunda kalacak, kendini zorlu bir m\u00fccadelenin i\u00e7inde bulacakt\u0131.  \u201cBal Cad\u0131s\u0131\u2019n\u0131 okumak, g\u00fcne\u015f \u0131\u015f\u0131\u011f\u0131yla dolu mis kokulu bir bah\u00e7ede, ar\u0131lar\u0131n \u015fark\u0131s\u0131 e\u015fli\u011finde bir r\u00fcya g\u00f6rmek gibi&#8230; K\u0131r evinin b\u00fcy\u00fcleyici atmosferi, kalpleri \u0131s\u0131tan bir a\u015fk ve e\u015fsiz bir sihirle \u00f6r\u00fclm\u00fc\u015f muhte\u015fem bir kitap.\u201d \u2014INDIA HOLTON     \u201cBal Cad\u0131s\u0131, hayal g\u00fcc\u00fc ve b\u00fcy\u00fcyle zenginle\u015ftirilmi\u015f tatl\u0131 bir \u015f\u00f6len. Shields, okurlar\u0131n kalplerini \u0131s\u0131tan ve onlara ba\u015ftan sona keyif veren bir masal sunuyor.\u201d \u2014RACHEL GILLIG \u201cS\u0131cac\u0131k bir fantastik roman\u2026 Bridgerton\u2019\u0131n alternatif tarihsel d\u00fcnyas\u0131n\u0131 seven ya da \u00e7ocukken Halloweentown ve Practical Magic izlemi\u015f romans okurlar\u0131n\u0131 fazlas\u0131yla tatmin edecek.\u201d \u2014BOOKPAGE \u201cShields\u2019\u0131n samimi ve i\u00e7ten kalemi, ruh e\u015flerine inanman\u0131za, her yerde sihri g\u00f6rmenize ve kendi \u00f6zg\u00fcr yan\u0131n\u0131z\u0131 ke\u015ffetmenize ilham veriyor.\u201d \u2014S. T. GIBSON \u201cBal Cad\u0131s\u0131\u2019n\u0131 hem tad\u0131n\u0131 \u00e7\u0131kararak okumak isteyeceksiniz hem de bir \u00e7\u0131rp\u0131da bitirmek i\u00e7in sab\u0131rs\u0131zlanacaks\u0131n\u0131z. Bu kitap \u00f6nce kalbinizi k\u0131racak sonra da sizi iyile\u015ftirecek. Bir fincan \u00e7ay demleyin, i\u00e7ine biraz yerel bal damlat\u0131n ve bu g\u00f6rkemli kitab\u0131n sizi bamba\u015fka bir d\u00fcnyaya ta\u015f\u0131mas\u0131na izin verin.\u201d \u2014BREANNE RANDALL \u201cA\u015fk\u0131n, k\u00f6t\u00fcl\u00fc\u011f\u00fc yendi\u011fi unutulmaz bir kurgu.\u201d \u2014BOOKLIST \u201cBal gibi tatl\u0131, \u00e7ay gibi s\u0131cac\u0131k&#8230; Yazar, a\u015fk\u0131, kayb\u0131, yaln\u0131zl\u0131\u011f\u0131 ve en k\u00fc\u00e7\u00fck \u015feylerde bile sihri g\u00f6rebilmenin ne\u015fesini incelikle anlat\u0131yor. B\u00fcy\u00fcleyici karakterleri ve masals\u0131 atmosferiyle Bal Cad\u0131s\u0131, okurlar\u0131n kalbini kazanacak.\u201d \u2014ALLISON SAFT   Uyar\u0131: Yeti\u015fkin okurlar i\u00e7indir. <\/p>\n","protected":false},"excerpt":{"rendered":"<p>Yirmi bir ya\u015f\u0131ndaki Marigold Claude, b\u00fcy\u00fckannesi onu bir sonraki Bal Cad\u0131s\u0131 olarak e\u011fitmek istedi\u011finde bunu sevin\u00e7le kabul etmi\u015fti. Fakat b\u00fcy\u00fcn\u00fcn ve \u00f6zg\u00fcrl\u00fc\u011f\u00fcn a\u011f\u0131r bir bedeli vard\u0131:<span class=\"excerpt-hellip\"> [\u2026]<\/span><\/p>\n","protected":false},"featured_media":0,"template":"","meta":{"_monsterinsights_skip_tracking":false,"_monsterinsights_sitenote_active":false,"_monsterinsights_sitenote_note":"","_monsterinsights_sitenote_category":0},"product_brand":[],"product_cat":[141304],"product_tag":[],"class_list":{"0":"post-776178","1":"product","2":"type-product","3":"status-publish","5":"product_cat-yeni-cikanlar","6":"pa_cilt-ciltsiz","7":"pa_tur-kitap","8":"pa_yayinevi-yabanci-yayinevi","9":"pa_yazar-sydney-j-shields","11":"first","12":"instock","13":"sale","14":"shipping-taxable","15":"purchasable","16":"product-type-simple"},"_links":{"self":[{"href":"https:\/\/roveyayinevi.com.tr\/index.php\/wp-json\/wp\/v2\/product\/776178","targetHints":{"allow":["GET"]}}],"collection":[{"href":"https:\/\/roveyayinevi.com.tr\/index.php\/wp-json\/wp\/v2\/product"}],"about":[{"href":"https:\/\/roveyayinevi.com.tr\/index.php\/wp-json\/wp\/v2\/types\/product"}],"wp:attachment":[{"href":"https:\/\/roveyayinevi.com.tr\/index.php\/wp-json\/wp\/v2\/media?parent=776178"}],"wp:term":[{"taxonomy":"product_brand","embeddable":true,"href":"https:\/\/roveyayinevi.com.tr\/index.php\/wp-json\/wp\/v2\/product_brand?post=776178"},{"taxonomy":"product_cat","embeddable":true,"href":"https:\/\/roveyayinevi.com.tr\/index.php\/wp-json\/wp\/v2\/product_cat?post=776178"},{"taxonomy":"product_tag","embeddable":true,"href":"https:\/\/roveyayinevi.com.tr\/index.php\/wp-json\/wp\/v2\/product_tag?post=776178"}],"curies":[{"name":"wp","href":"https:\/\/api.w.org\/{rel}","templated":true}]}}