{"id":776174,"date":"2025-09-20T22:15:02","date_gmt":"2025-09-20T19:15:02","guid":{"rendered":"https:\/\/roveyayinevi.com.tr\/index.php\/urun\/ataturkum-dusumde\/"},"modified":"2026-04-15T03:37:16","modified_gmt":"2026-04-15T00:37:16","slug":"ataturkum-dusumde","status":"publish","type":"product","link":"https:\/\/roveyayinevi.com.tr\/index.php\/urun\/ataturkum-dusumde\/","title":{"rendered":"Atat\u00fcrk&#8217;\u00fcm D\u00fc\u015f\u00fcmde"},"content":{"rendered":"<p>Yi\u011fit, kitaplardan ve derslerden tan\u0131d\u0131\u011f\u0131 Atat\u00fcrk hakk\u0131nda daha \u00e7ok \u015fey bilmek istiyor. Bu merak\u0131, \u00f6\u011fretmeninin verdi\u011fi bir kompozisyon \u00f6deviyle onu bamba\u015fka bir ser\u00fcvene s\u00fcr\u00fckl\u00fcyor. Bu kitap, sizleri Atat\u00fcrk\u2019\u00fcn izinde heyecan verici bir tarih yolculu\u011funa davet ediyor. Bu yolculukta bazen duygulanacak bazen Atat\u00fcrk\u2019\u00fcn cesareti ve kararl\u0131l\u0131\u011f\u0131 kar\u015f\u0131s\u0131nda hayranl\u0131k duyacaks\u0131n\u0131z. \u00dcstelik fikirleri ve \u00e7al\u0131\u015fmalar\u0131yla tarihe y\u00f6n vermi\u015f Nermin Abadan Unat, Ayd\u0131n Say\u0131l\u0131, Oktay Rifat gibi \u00f6nemli isimleri de yak\u0131ndan tan\u0131yacaks\u0131n\u0131z. \u0130lkiz Kucur\u2019un kaleme ald\u0131\u011f\u0131, Serap Deliorman\u2019\u0131n resimledi\u011fi bu kitapla tarihin derinliklerinde duygu dolu bir gezintiye \u00e7\u0131kmaya haz\u0131r olun! <\/p>\n","protected":false},"excerpt":{"rendered":"<p>Yi\u011fit, kitaplardan ve derslerden tan\u0131d\u0131\u011f\u0131 Atat\u00fcrk hakk\u0131nda daha \u00e7ok \u015fey bilmek istiyor. Bu merak\u0131, \u00f6\u011fretmeninin verdi\u011fi bir kompozisyon \u00f6deviyle onu bamba\u015fka bir ser\u00fcvene s\u00fcr\u00fckl\u00fcyor. Bu kitap,<span class=\"excerpt-hellip\"> [\u2026]<\/span><\/p>\n","protected":false},"featured_media":0,"template":"","meta":{"_monsterinsights_skip_tracking":false,"_monsterinsights_sitenote_active":false,"_monsterinsights_sitenote_note":"","_monsterinsights_sitenote_category":0},"product_brand":[],"product_cat":[12274,12284],"product_tag":[],"class_list":{"0":"post-776174","1":"product","2":"type-product","3":"status-publish","5":"product_cat-cocuk-ve-genclik-kitaplari","6":"product_cat-hikayeler","7":"pa_cilt-ciltsiz","8":"pa_tur-kitap","9":"pa_yayinevi-everest-yayinlari","10":"pa_yazar-ilkiz-kucur","12":"first","13":"instock","14":"sale","15":"shipping-taxable","16":"purchasable","17":"product-type-simple"},"_links":{"self":[{"href":"https:\/\/roveyayinevi.com.tr\/index.php\/wp-json\/wp\/v2\/product\/776174","targetHints":{"allow":["GET"]}}],"collection":[{"href":"https:\/\/roveyayinevi.com.tr\/index.php\/wp-json\/wp\/v2\/product"}],"about":[{"href":"https:\/\/roveyayinevi.com.tr\/index.php\/wp-json\/wp\/v2\/types\/product"}],"wp:attachment":[{"href":"https:\/\/roveyayinevi.com.tr\/index.php\/wp-json\/wp\/v2\/media?parent=776174"}],"wp:term":[{"taxonomy":"product_brand","embeddable":true,"href":"https:\/\/roveyayinevi.com.tr\/index.php\/wp-json\/wp\/v2\/product_brand?post=776174"},{"taxonomy":"product_cat","embeddable":true,"href":"https:\/\/roveyayinevi.com.tr\/index.php\/wp-json\/wp\/v2\/product_cat?post=776174"},{"taxonomy":"product_tag","embeddable":true,"href":"https:\/\/roveyayinevi.com.tr\/index.php\/wp-json\/wp\/v2\/product_tag?post=776174"}],"curies":[{"name":"wp","href":"https:\/\/api.w.org\/{rel}","templated":true}]}}