{"id":776173,"date":"2025-09-20T22:08:54","date_gmt":"2025-09-20T19:08:54","guid":{"rendered":"https:\/\/roveyayinevi.com.tr\/index.php\/urun\/kirsal-kalkinmada-orgutlenme-ve-kooperatifcilik-aricilik-uzerine-turkiye-icin-bir-model-onerisi\/"},"modified":"2026-04-15T03:36:33","modified_gmt":"2026-04-15T00:36:33","slug":"kirsal-kalkinmada-orgutlenme-ve-kooperatifcilik-aricilik-uzerine-turkiye-icin-bir-model-onerisi","status":"publish","type":"product","link":"https:\/\/roveyayinevi.com.tr\/index.php\/urun\/kirsal-kalkinmada-orgutlenme-ve-kooperatifcilik-aricilik-uzerine-turkiye-icin-bir-model-onerisi\/","title":{"rendered":"K\u0131rsal Kalk\u0131nmada \u00d6rg\u00fctlenme ve Kooperatif\u00e7ilik: Ar\u0131c\u0131l\u0131k \u00dczerine T\u00fcrkiye \u0130\u00e7in Bir Model \u00d6nerisi"},"content":{"rendered":"<p>1. G\u0130R\u0130\u015e        2. KIRSAL KALKINMA VE ARICILIK SEKT\u00d6R\u00dcNDE \u00d6RG\u00dcTLENME        3. KIRSAL KALKINMADA YEN\u0130 YAKLA\u015eIMLAR VE \u00c7\u00d6Z\u00dcM ARAYI\u015eLARI        4. BULGULAR VE TARTI\u015eMA        5. SONU\u00c7 VE MODEL \u00d6NER\u0130S\u0130 <\/p>\n","protected":false},"excerpt":{"rendered":"<p>1. G\u0130R\u0130\u015e 2. KIRSAL KALKINMA VE ARICILIK SEKT\u00d6R\u00dcNDE \u00d6RG\u00dcTLENME 3. KIRSAL KALKINMADA YEN\u0130 YAKLA\u015eIMLAR VE \u00c7\u00d6Z\u00dcM ARAYI\u015eLARI 4. BULGULAR VE TARTI\u015eMA 5. SONU\u00c7 VE MODEL \u00d6NER\u0130S\u0130<\/p>\n","protected":false},"featured_media":0,"template":"","meta":{"_monsterinsights_skip_tracking":false,"_monsterinsights_sitenote_active":false,"_monsterinsights_sitenote_note":"","_monsterinsights_sitenote_category":0},"product_brand":[],"product_cat":[12573,12566],"product_tag":[],"class_list":{"0":"post-776173","1":"product","2":"type-product","3":"status-publish","5":"product_cat-akademik-kitaplar","6":"product_cat-egitim","7":"pa_cilt-ciltsiz","8":"pa_tur-kitap","9":"pa_yayinevi-gazi-kitabevi","10":"pa_yazar-kolektif","12":"first","13":"instock","14":"sale","15":"shipping-taxable","16":"purchasable","17":"product-type-simple"},"_links":{"self":[{"href":"https:\/\/roveyayinevi.com.tr\/index.php\/wp-json\/wp\/v2\/product\/776173","targetHints":{"allow":["GET"]}}],"collection":[{"href":"https:\/\/roveyayinevi.com.tr\/index.php\/wp-json\/wp\/v2\/product"}],"about":[{"href":"https:\/\/roveyayinevi.com.tr\/index.php\/wp-json\/wp\/v2\/types\/product"}],"wp:attachment":[{"href":"https:\/\/roveyayinevi.com.tr\/index.php\/wp-json\/wp\/v2\/media?parent=776173"}],"wp:term":[{"taxonomy":"product_brand","embeddable":true,"href":"https:\/\/roveyayinevi.com.tr\/index.php\/wp-json\/wp\/v2\/product_brand?post=776173"},{"taxonomy":"product_cat","embeddable":true,"href":"https:\/\/roveyayinevi.com.tr\/index.php\/wp-json\/wp\/v2\/product_cat?post=776173"},{"taxonomy":"product_tag","embeddable":true,"href":"https:\/\/roveyayinevi.com.tr\/index.php\/wp-json\/wp\/v2\/product_tag?post=776173"}],"curies":[{"name":"wp","href":"https:\/\/api.w.org\/{rel}","templated":true}]}}