{"id":776170,"date":"2025-09-20T21:40:47","date_gmt":"2025-09-20T18:40:47","guid":{"rendered":"https:\/\/roveyayinevi.com.tr\/index.php\/urun\/eski-turk-tarihi-cilt-1\/"},"modified":"2026-04-15T03:32:03","modified_gmt":"2026-04-15T00:32:03","slug":"eski-turk-tarihi-cilt-1","status":"publish","type":"product","link":"https:\/\/roveyayinevi.com.tr\/index.php\/urun\/eski-turk-tarihi-cilt-1\/","title":{"rendered":"Eski T\u00fcrk Tarihi Cilt 1"},"content":{"rendered":"<p>D\u00fcnyan\u0131n d\u00f6rt bir yan\u0131nda on milyonlarca kilometrekare topra\u011fa yay\u0131lan, ana yurttan \u00e7\u0131kt\u0131ktan sonra gitti\u011fi yabanc\u0131 yerleri yurt tutup T\u00fcrkle\u015ftiren, bug\u00fcnk\u00fc T\u00fcrk varl\u0131\u011f\u0131n\u0131n mevcudiyetini sa\u011flayan uzak atalar\u0131m\u0131z\u0131n devlet\u00e7ili\u011fi \u00d6t\u00fcken dedi\u011fimiz kutsal merkezde ba\u015flad\u0131.T\u00fcrk milleti yarad\u0131l\u0131\u015ftan gelen baz\u0131 \u00f6zelliklere sahiptir. Bunlardan en \u00f6nemlisi y\u00fcksek askerlik ruhu ve devlet te\u015fkilat\u00e7\u0131l\u0131\u011f\u0131d\u0131r. Bu y\u00fczden, tarihin en erken zamanlar\u0131ndan itibaren T\u00fcrkler y\u00fcksek medeniyetin temsilcileri haline geldiler. Milattan \u00f6nceki \u00e7a\u011flarda do\u011fuda Hunlar ile ba\u015flayan \u00d6t\u00fcken merkezli &#8220;devletli&#8221; tarihimiz, Uygurlar\u0131n 840 y\u0131l\u0131nda da\u011f\u0131lmalar\u0131n\u0131n ard\u0131ndan son buldu. \u00d6t\u00fcken merkezli T\u00fcrkler sonraki \u00e7a\u011flar\u0131n da belirleyicisi oldular. Halihaz\u0131rda yery\u00fcz\u00fcnde devletli veya devletsiz ya\u015fayan b\u00fct\u00fcn T\u00fcrkler, i\u015fte o \u00d6t\u00fcken\u00b7in miras\u0131n\u0131 ta\u015f\u0131maktad\u0131rlar. Her \u015fey \u00d6t\u00fcken ile ba\u015flad\u0131&#8230;D\u00f6rt cilt olarak planlanan &#8220;Eski T\u00fcrk Tarihi&#8221; serisinin \u00d6t\u00fcken: Hunlar; Xianbeiler; Tabga\u00e7lar; Juanjuanlar; G\u00f6k-T\u00fcrkler; Uygurlar ba\u015fl\u0131kl\u0131 bu ilk cildi \u00d6t\u00fcken merkezli eski tarihimiz \u00fczerinedir. Yazar burada; tarih g\u00f6r\u00fc\u015flerini, tarih bilimi \u00e7er\u00e7evesindeki kaynak ve saha ara\u015ft\u0131rmalar\u0131yla ula\u015ft\u0131\u011f\u0131 bilimsel bilgi ve yorumlar\u0131n\u0131 sunmay\u0131 ve bunu yaparken siyasi tarihi bir b\u00fct\u00fcn halinde, kronolojiye sad\u0131k kalarak, ba\u015f\u0131ndan sonuna kadar kesintisiz bir \u015fekilde vermeyi hedeflemi\u015ftir. Ana kaynaklardaki c\u00fcmleleri ve s\u00f6zleri tam kar\u015f\u0131l\u0131\u011f\u0131ndan ve ba\u011flam\u0131ndan koparmadan oldu\u011fu gibi aktarmaya, tarih\u0131 hakikatleri asl\u0131n\u0131 bozmadan sunmaya, sonras\u0131nda gerekiyorsa yorumlar yapmaya gayret etmi\u015ftir. Yazar akademik metot ve tekniklerden \u00f6d\u00fcn vermeden m\u00fcmk\u00fcn oldu\u011funca genel tarih okuyucusu taraf\u0131ndan da okunabilir, sistemli ve kategorik bilgi veren bir metin kaleme almaya; bilgiyi, T\u00fcrk bak\u0131\u015f a\u00e7\u0131s\u0131 ve ruhuyla yo\u011furmaya te\u015febb\u00fcs etmi\u015ftir.<\/p>\n","protected":false},"excerpt":{"rendered":"<p>D\u00fcnyan\u0131n d\u00f6rt bir yan\u0131nda on milyonlarca kilometrekare topra\u011fa yay\u0131lan, ana yurttan \u00e7\u0131kt\u0131ktan sonra gitti\u011fi yabanc\u0131 yerleri yurt tutup T\u00fcrkle\u015ftiren, bug\u00fcnk\u00fc T\u00fcrk varl\u0131\u011f\u0131n\u0131n mevcudiyetini sa\u011flayan uzak atalar\u0131m\u0131z\u0131n<span class=\"excerpt-hellip\"> [\u2026]<\/span><\/p>\n","protected":false},"featured_media":0,"template":"","meta":{"_monsterinsights_skip_tracking":false,"_monsterinsights_sitenote_active":false,"_monsterinsights_sitenote_note":"","_monsterinsights_sitenote_category":0},"product_brand":[],"product_cat":[12304,13650],"product_tag":[],"class_list":{"0":"post-776170","1":"product","2":"type-product","3":"status-publish","5":"product_cat-tarih","6":"product_cat-turk-tarihi-arastirmalari","7":"pa_cilt-ciltsiz","8":"pa_tur-kitap","9":"pa_yayinevi-otuken-nesriyat","10":"pa_yazar-kursat-yildirim","12":"first","13":"instock","14":"sale","15":"shipping-taxable","16":"purchasable","17":"product-type-simple"},"_links":{"self":[{"href":"https:\/\/roveyayinevi.com.tr\/index.php\/wp-json\/wp\/v2\/product\/776170","targetHints":{"allow":["GET"]}}],"collection":[{"href":"https:\/\/roveyayinevi.com.tr\/index.php\/wp-json\/wp\/v2\/product"}],"about":[{"href":"https:\/\/roveyayinevi.com.tr\/index.php\/wp-json\/wp\/v2\/types\/product"}],"wp:attachment":[{"href":"https:\/\/roveyayinevi.com.tr\/index.php\/wp-json\/wp\/v2\/media?parent=776170"}],"wp:term":[{"taxonomy":"product_brand","embeddable":true,"href":"https:\/\/roveyayinevi.com.tr\/index.php\/wp-json\/wp\/v2\/product_brand?post=776170"},{"taxonomy":"product_cat","embeddable":true,"href":"https:\/\/roveyayinevi.com.tr\/index.php\/wp-json\/wp\/v2\/product_cat?post=776170"},{"taxonomy":"product_tag","embeddable":true,"href":"https:\/\/roveyayinevi.com.tr\/index.php\/wp-json\/wp\/v2\/product_tag?post=776170"}],"curies":[{"name":"wp","href":"https:\/\/api.w.org\/{rel}","templated":true}]}}