{"id":776169,"date":"2025-09-20T21:36:25","date_gmt":"2025-09-20T18:36:25","guid":{"rendered":"https:\/\/roveyayinevi.com.tr\/index.php\/urun\/bilge-kagan-yaziti-ciltli\/"},"modified":"2026-04-15T03:30:58","modified_gmt":"2026-04-15T00:30:58","slug":"bilge-kagan-yaziti-ciltli","status":"publish","type":"product","link":"https:\/\/roveyayinevi.com.tr\/index.php\/urun\/bilge-kagan-yaziti-ciltli\/","title":{"rendered":"Bilge Ka\u011fan Yaz\u0131t\u0131 (Ciltli)"},"content":{"rendered":"<p>Bilge Ka\u011fan Yaz\u0131t\u0131, K\u00fcl Tigin Yaz\u0131t\u0131 ile birlikte Mo\u011folistan\u2019\u0131n ba\u015fkenti Ulan Bator\u2019un 300 km bat\u0131s\u0131ndaki Arhangay eyaleti s\u0131n\u0131rlar\u0131 i\u00e7inde yer al\u0131r. Yaz\u0131t, bu eyalete ba\u011fl\u0131 Karakurum \u015fehrine 60 km uzakl\u0131ktaki Ko\u015fo \u00c7aydam G\u00f6l\u00fc yak\u0131n\u0131ndad\u0131r. K\u00fcl Tigin Yaz\u0131t\u0131 gibi, 1889\u2019da Rus Co\u011frafya Derne\u011fi ad\u0131na b\u00f6lgede ara\u015ft\u0131rmalar yapan Nikolay Mihaylovi\u00e7 Yadrintsev taraf\u0131ndan ke\u015ffedilen Bilge Ka\u011fan Yaz\u0131t\u0131\u2019nda, t\u0131pk\u0131 K\u00fcl Tigin Yaz\u0131t\u0131\u2019nda K\u00fcl Tigin hakk\u0131nda yaz\u0131lanlar gibi, K\u00f6kt\u00fcrk Devleti\u2019nin tarih\u00ee s\u00fcrecinin yan\u0131 s\u0131ra Bilge Ka\u011fan\u2019\u0131n kat\u0131ld\u0131\u011f\u0131 sava\u015flar ve kahramanl\u0131klar\u0131 anlat\u0131lmaktad\u0131r. Yaz\u0131t, Bilge Ka\u011fan\u2019\u0131n o\u011flu Te\u00f1ri Ka\u011fan taraf\u0131ndan yazd\u0131r\u0131lm\u0131\u015f ve babas\u0131n\u0131n K\u00fcl Tigin Yaz\u0131t\u0131 i\u00e7in yazd\u0131rd\u0131\u011f\u0131 metne b\u00fcy\u00fck \u00f6l\u00e7\u00fcde sad\u0131k kal\u0131nm\u0131\u015ft\u0131r. Bilge Ka\u011fan\u2019\u0131n vefat\u0131n\u0131n 1290. y\u0131l\u0131nda haz\u0131rlanan ve daha \u00f6nce yay\u0131mlad\u0131\u011f\u0131m\u0131z Bilge Tonyukuk Yaz\u0131t\u0131 ve K\u00fcl Tigin Yaz\u0131t\u0131kitaplar\u0131n\u0131n yan\u0131na eklemlenen bu kitapla, K\u00f6kt\u00fcrk Ka\u011fanl\u0131k Yaz\u0131tlar\u0131 dizisi tamamlanm\u0131\u015f, T\u00fcrk dili, k\u00fclt\u00fcr\u00fc ve tarihinin en \u00f6nemli metinleri, eski kaynaklar \u0131\u015f\u0131\u011f\u0131nda yeniden de\u011ferlendirmeleriyle birlikte sunulmu\u015ftur.<\/p>\n","protected":false},"excerpt":{"rendered":"<p>Bilge Ka\u011fan Yaz\u0131t\u0131, K\u00fcl Tigin Yaz\u0131t\u0131 ile birlikte Mo\u011folistan\u2019\u0131n ba\u015fkenti Ulan Bator\u2019un 300 km bat\u0131s\u0131ndaki Arhangay eyaleti s\u0131n\u0131rlar\u0131 i\u00e7inde yer al\u0131r. Yaz\u0131t, bu eyalete ba\u011fl\u0131 Karakurum<span class=\"excerpt-hellip\"> [\u2026]<\/span><\/p>\n","protected":false},"featured_media":0,"template":"","meta":{"_monsterinsights_skip_tracking":false,"_monsterinsights_sitenote_active":false,"_monsterinsights_sitenote_note":"","_monsterinsights_sitenote_category":0},"product_brand":[],"product_cat":[12304,13650],"product_tag":[],"class_list":{"0":"post-776169","1":"product","2":"type-product","3":"status-publish","5":"product_cat-tarih","6":"product_cat-turk-tarihi-arastirmalari","7":"pa_cilt-ciltli","8":"pa_tur-kitap","9":"pa_yayinevi-otuken-nesriyat","10":"pa_yazar-ali-akar","12":"first","13":"instock","14":"sale","15":"shipping-taxable","16":"purchasable","17":"product-type-simple"},"_links":{"self":[{"href":"https:\/\/roveyayinevi.com.tr\/index.php\/wp-json\/wp\/v2\/product\/776169","targetHints":{"allow":["GET"]}}],"collection":[{"href":"https:\/\/roveyayinevi.com.tr\/index.php\/wp-json\/wp\/v2\/product"}],"about":[{"href":"https:\/\/roveyayinevi.com.tr\/index.php\/wp-json\/wp\/v2\/types\/product"}],"wp:attachment":[{"href":"https:\/\/roveyayinevi.com.tr\/index.php\/wp-json\/wp\/v2\/media?parent=776169"}],"wp:term":[{"taxonomy":"product_brand","embeddable":true,"href":"https:\/\/roveyayinevi.com.tr\/index.php\/wp-json\/wp\/v2\/product_brand?post=776169"},{"taxonomy":"product_cat","embeddable":true,"href":"https:\/\/roveyayinevi.com.tr\/index.php\/wp-json\/wp\/v2\/product_cat?post=776169"},{"taxonomy":"product_tag","embeddable":true,"href":"https:\/\/roveyayinevi.com.tr\/index.php\/wp-json\/wp\/v2\/product_tag?post=776169"}],"curies":[{"name":"wp","href":"https:\/\/api.w.org\/{rel}","templated":true}]}}