{"id":776168,"date":"2025-09-20T21:21:44","date_gmt":"2025-09-20T18:21:44","guid":{"rendered":"https:\/\/roveyayinevi.com.tr\/index.php\/urun\/gizemleri-ogrenelim-gizemli-volkanlar\/"},"modified":"2026-04-15T03:27:49","modified_gmt":"2026-04-15T00:27:49","slug":"gizemleri-ogrenelim-gizemli-volkanlar","status":"publish","type":"product","link":"https:\/\/roveyayinevi.com.tr\/index.php\/urun\/gizemleri-ogrenelim-gizemli-volkanlar\/","title":{"rendered":"Gizemleri \u00d6\u011frenelim &#8211; Gizemli Volkanlar"},"content":{"rendered":"<p>Volkanlar\u0131n gizemlerini \u00f6\u011frenelim!                      Etna\u2019dan Vez\u00fcv\u2019e, D\u00fcnya\u2019n\u0131n en harika do\u011fa olaylar\u0131na dair rehber niteli\u011finde bir kitap.<\/p>\n","protected":false},"excerpt":{"rendered":"<p>Volkanlar\u0131n gizemlerini \u00f6\u011frenelim! Etna\u2019dan Vez\u00fcv\u2019e, D\u00fcnya\u2019n\u0131n en harika do\u011fa olaylar\u0131na dair rehber niteli\u011finde bir kitap.<\/p>\n","protected":false},"featured_media":0,"template":"","meta":{"_monsterinsights_skip_tracking":false,"_monsterinsights_sitenote_active":false,"_monsterinsights_sitenote_note":"","_monsterinsights_sitenote_category":0},"product_brand":[],"product_cat":[13829,12274],"product_tag":[],"class_list":{"0":"post-776168","1":"product","2":"type-product","3":"status-publish","5":"product_cat-bilimsel-kitaplar","6":"product_cat-cocuk-ve-genclik-kitaplari","7":"pa_cilt-ciltsiz","8":"pa_tur-kitap","9":"pa_yayinevi-teleskop-populer-bilim","10":"pa_yazar-kathryn-senior","12":"first","13":"instock","14":"sale","15":"shipping-taxable","16":"purchasable","17":"product-type-simple"},"_links":{"self":[{"href":"https:\/\/roveyayinevi.com.tr\/index.php\/wp-json\/wp\/v2\/product\/776168","targetHints":{"allow":["GET"]}}],"collection":[{"href":"https:\/\/roveyayinevi.com.tr\/index.php\/wp-json\/wp\/v2\/product"}],"about":[{"href":"https:\/\/roveyayinevi.com.tr\/index.php\/wp-json\/wp\/v2\/types\/product"}],"wp:attachment":[{"href":"https:\/\/roveyayinevi.com.tr\/index.php\/wp-json\/wp\/v2\/media?parent=776168"}],"wp:term":[{"taxonomy":"product_brand","embeddable":true,"href":"https:\/\/roveyayinevi.com.tr\/index.php\/wp-json\/wp\/v2\/product_brand?post=776168"},{"taxonomy":"product_cat","embeddable":true,"href":"https:\/\/roveyayinevi.com.tr\/index.php\/wp-json\/wp\/v2\/product_cat?post=776168"},{"taxonomy":"product_tag","embeddable":true,"href":"https:\/\/roveyayinevi.com.tr\/index.php\/wp-json\/wp\/v2\/product_tag?post=776168"}],"curies":[{"name":"wp","href":"https:\/\/api.w.org\/{rel}","templated":true}]}}