{"id":776166,"date":"2025-09-20T21:13:41","date_gmt":"2025-09-20T18:13:41","guid":{"rendered":"https:\/\/roveyayinevi.com.tr\/index.php\/urun\/kralin-laneti\/"},"modified":"2026-04-15T03:27:03","modified_gmt":"2026-04-15T00:27:03","slug":"kralin-laneti","status":"publish","type":"product","link":"https:\/\/roveyayinevi.com.tr\/index.php\/urun\/kralin-laneti\/","title":{"rendered":"Kral\u0131n Laneti"},"content":{"rendered":"<p>Joseph Malderoyce \u00e7ok gen\u00e7 ya\u015fta resme ba\u015flar ama Mondrian\u2019\u0131n resimleriyle tan\u0131\u015f\u0131nca asla onun kadar iyi bir ressam olamayaca\u011f\u0131n\u0131 anlay\u0131p vazge\u00e7er. T\u00fcberk\u00fcloza tak\u0131nt\u0131l\u0131 \u015fekilde merak duyan, felsefi g\u00f6r\u00fc\u015fl\u00fc biridir Joseph. Ailesinden y\u00fckl\u00fc bir miras kal\u0131nca, \u00e7al\u0131\u015ft\u0131\u011f\u0131 hukuk firmas\u0131ndan istifa eder ve \u00fclkenin en kuzeyinde k\u00fc\u00e7\u00fck bir kasabaya yerle\u015fir. Orman kenar\u0131ndaki evinde m\u00fcnzevi bir hayat s\u00fcrerken bir sabah verandas\u0131nda uyuyan, fena halde d\u00f6v\u00fclm\u00fc\u015f bir \u00e7ocuk bulur. Kimsesiz ve yard\u0131ma muhta\u00e7 oldu\u011fu anla\u015f\u0131lan Abel, b\u00f6ylece Joseph\u2019\u0131n hayat\u0131na girer ve \u00e7ok ge\u00e7meden onun en yak\u0131n\u0131 olur. Ama ili\u015fkileri ilerledik\u00e7e, \u015feytani bir zek\u00e2ya sahip Abel\u2019\u0131n davran\u0131\u015flar\u0131 tuhafla\u015fmaya ba\u015flar. Sonunda Joseph, evinde kendi eliyle besledi\u011fi bu sorunla y\u00fczle\u015fmek zorunda kal\u0131r.  Son derece titizlikle i\u015flenmi\u015f, t\u00fcyler \u00fcrpertici bu \u00e7a\u011fda\u015f roman, insan ruhunun k\u00f6t\u00fcc\u00fcl do\u011fas\u0131n\u0131 ve karanl\u0131k k\u00f6\u015felerini ke\u015ffe \u00e7\u0131k\u0131yor. Olaylar\u0131n sadece karakterler aras\u0131nda de\u011fil, ayn\u0131 zamanda gizliden gizliye okurla karakterlerin aras\u0131nda da ge\u00e7ti\u011fi kitaplardan olan Kral\u0131n Laneti, Zeynep Enez\u2019in \u00e7evirisiyle&#8230; <\/p>\n","protected":false},"excerpt":{"rendered":"<p>Joseph Malderoyce \u00e7ok gen\u00e7 ya\u015fta resme ba\u015flar ama Mondrian\u2019\u0131n resimleriyle tan\u0131\u015f\u0131nca asla onun kadar iyi bir ressam olamayaca\u011f\u0131n\u0131 anlay\u0131p vazge\u00e7er. T\u00fcberk\u00fcloza tak\u0131nt\u0131l\u0131 \u015fekilde merak duyan, felsefi<span class=\"excerpt-hellip\"> [\u2026]<\/span><\/p>\n","protected":false},"featured_media":0,"template":"","meta":{"_monsterinsights_skip_tracking":false,"_monsterinsights_sitenote_active":false,"_monsterinsights_sitenote_note":"","_monsterinsights_sitenote_category":0},"product_brand":[],"product_cat":[12291,12711],"product_tag":[],"class_list":{"0":"post-776166","1":"product","2":"type-product","3":"status-publish","5":"product_cat-edebiyat","6":"product_cat-roman-oyku","7":"pa_cilt-ciltsiz","8":"pa_tur-kitap","9":"pa_yayinevi-jaguar-kitap","10":"pa_yazar-will-heinrich","12":"first","13":"instock","14":"sale","15":"shipping-taxable","16":"purchasable","17":"product-type-simple"},"_links":{"self":[{"href":"https:\/\/roveyayinevi.com.tr\/index.php\/wp-json\/wp\/v2\/product\/776166","targetHints":{"allow":["GET"]}}],"collection":[{"href":"https:\/\/roveyayinevi.com.tr\/index.php\/wp-json\/wp\/v2\/product"}],"about":[{"href":"https:\/\/roveyayinevi.com.tr\/index.php\/wp-json\/wp\/v2\/types\/product"}],"wp:attachment":[{"href":"https:\/\/roveyayinevi.com.tr\/index.php\/wp-json\/wp\/v2\/media?parent=776166"}],"wp:term":[{"taxonomy":"product_brand","embeddable":true,"href":"https:\/\/roveyayinevi.com.tr\/index.php\/wp-json\/wp\/v2\/product_brand?post=776166"},{"taxonomy":"product_cat","embeddable":true,"href":"https:\/\/roveyayinevi.com.tr\/index.php\/wp-json\/wp\/v2\/product_cat?post=776166"},{"taxonomy":"product_tag","embeddable":true,"href":"https:\/\/roveyayinevi.com.tr\/index.php\/wp-json\/wp\/v2\/product_tag?post=776166"}],"curies":[{"name":"wp","href":"https:\/\/api.w.org\/{rel}","templated":true}]}}