{"id":776165,"date":"2025-09-20T19:54:51","date_gmt":"2025-09-20T16:54:51","guid":{"rendered":"https:\/\/roveyayinevi.com.tr\/index.php\/urun\/kuran-meali-cep-boy-ciltli\/"},"modified":"2026-02-22T18:51:52","modified_gmt":"2026-02-22T15:51:52","slug":"kuran-meali-cep-boy-ciltli","status":"publish","type":"product","link":"https:\/\/roveyayinevi.com.tr\/index.php\/urun\/kuran-meali-cep-boy-ciltli\/","title":{"rendered":"Kur\u2019an Meali (Cep Boy) (Ciltli)"},"content":{"rendered":"<p>Kur\u2019an Meali \u00e7al\u0131\u015fmam\u0131z ile okuyucuya Kur\u2019an\u2019\u0131n mesaj\u0131yla ilgili genel anlamda bir bilin\u00e7 kazand\u0131rabilmek ve isteyen her m\u00fcsl\u00fcmana mesaj\u0131n ula\u015fabilmesini sa\u011flamak i\u00e7in \u00e7ok daha kolay okunabilecek cep boy \u015feklinde bir meal sunmay\u0131 ama\u00e7lad\u0131k. Bu do\u011frultuda ilahi mesajla bulu\u015fma ve tan\u0131\u015fma noktas\u0131nda karde\u015flerimize k\u00fc\u00e7\u00fck de olsa bir katk\u0131 sunabilirsek, dahas\u0131 bir insan\u0131n daha olsun Kur\u2019an mesaj\u0131yla tan\u0131\u015fmas\u0131na ve vahyi rehber edinmesine vesile olabilirsek bu bizim i\u00e7in en b\u00fcy\u00fck \u00f6d\u00fcl olacakt\u0131r. Arap\u00e7a bilmeyen bir ki\u015finin Kur\u2019an\u2019\u0131n anlam\u0131yla ilk bulu\u015fma a\u015famas\u0131 meal okumakt\u0131r. Ancak Kur\u2019an\u2019\u0131 derinlemesine anlama ve alternatif anlamlar\u0131 kavrama noktas\u0131nda Kur\u2019an tefsirleri hayati bir \u00f6neme sahiptir. Bu konuda okumalar yap\u0131l\u0131rken rivayet ve dirayet tefsirlerinden fay- dalan\u0131lmal\u0131d\u0131r. Bilindi\u011fi \u00fczere Kur\u2019an\u2019da yak\u0131n anlaml\u0131 ve \u00e7ok anlaml\u0131 kelimeler ile kavramlar bulunmaktad\u0131r. B\u00f6ylesi bir anlam \u00e7e\u015fitlili\u011fine ve zenginli\u011fine ra\u011fmen, Kur\u2019an meallerinde sadece bir anlam tercih edilebilmekte ve alternatif anlamlar terc\u00fcmeye do\u011frudan yans\u0131t\u0131lamamaktad\u0131r. Bu nedenle verimli bir Kur\u2019an okumas\u0131 i\u00e7in bir mealle yetinilmemeli, farkl\u0131 bak\u0131\u015f a\u00e7\u0131lar\u0131na sahip mealler okunmal\u0131d\u0131r. Kar\u015f\u0131la\u015ft\u0131rmal\u0131 bir \u015fekilde okumalar yap\u0131lmal\u0131 ve anlam farkl\u0131l\u0131klar\u0131 tespit edildi\u011finde not al\u0131nmal\u0131d\u0131r. Okuma yap\u0131l\u0131rken ini\u015f s\u0131ras\u0131ndan faydalan\u0131lmal\u0131 ve ilerleyen a\u015famada mutlaka tefsirler okunmal\u0131d\u0131r. <\/p>\n","protected":false},"excerpt":{"rendered":"<p>Kur\u2019an Meali \u00e7al\u0131\u015fmam\u0131z ile okuyucuya Kur\u2019an\u2019\u0131n mesaj\u0131yla ilgili genel anlamda bir bilin\u00e7 kazand\u0131rabilmek ve isteyen her m\u00fcsl\u00fcmana mesaj\u0131n ula\u015fabilmesini sa\u011flamak i\u00e7in \u00e7ok daha kolay okunabilecek cep<span class=\"excerpt-hellip\"> [\u2026]<\/span><\/p>\n","protected":false},"featured_media":0,"template":"","meta":{"_monsterinsights_skip_tracking":false,"_monsterinsights_sitenote_active":false,"_monsterinsights_sitenote_note":"","_monsterinsights_sitenote_category":0},"product_brand":[],"product_cat":[12718,12719,45552],"product_tag":[],"class_list":{"0":"post-776165","1":"product","2":"type-product","3":"status-publish","5":"product_cat-din","6":"product_cat-islam","7":"product_cat-meal-tefsir-hadis","8":"pa_cilt-ciltli","9":"pa_tur-kitap","10":"pa_yayinevi-halic-universitesi-yayinlari","11":"pa_yazar-mehmet-okuyan","13":"first","14":"instock","15":"sale","16":"shipping-taxable","17":"purchasable","18":"product-type-simple"},"_links":{"self":[{"href":"https:\/\/roveyayinevi.com.tr\/index.php\/wp-json\/wp\/v2\/product\/776165","targetHints":{"allow":["GET"]}}],"collection":[{"href":"https:\/\/roveyayinevi.com.tr\/index.php\/wp-json\/wp\/v2\/product"}],"about":[{"href":"https:\/\/roveyayinevi.com.tr\/index.php\/wp-json\/wp\/v2\/types\/product"}],"wp:attachment":[{"href":"https:\/\/roveyayinevi.com.tr\/index.php\/wp-json\/wp\/v2\/media?parent=776165"}],"wp:term":[{"taxonomy":"product_brand","embeddable":true,"href":"https:\/\/roveyayinevi.com.tr\/index.php\/wp-json\/wp\/v2\/product_brand?post=776165"},{"taxonomy":"product_cat","embeddable":true,"href":"https:\/\/roveyayinevi.com.tr\/index.php\/wp-json\/wp\/v2\/product_cat?post=776165"},{"taxonomy":"product_tag","embeddable":true,"href":"https:\/\/roveyayinevi.com.tr\/index.php\/wp-json\/wp\/v2\/product_tag?post=776165"}],"curies":[{"name":"wp","href":"https:\/\/api.w.org\/{rel}","templated":true}]}}