{"id":776163,"date":"2025-09-20T19:19:17","date_gmt":"2025-09-20T16:19:17","guid":{"rendered":"https:\/\/roveyayinevi.com.tr\/index.php\/urun\/erken-cocuklukta-doga-egitimi\/"},"modified":"2026-04-16T02:57:32","modified_gmt":"2026-04-15T23:57:32","slug":"erken-cocuklukta-doga-egitimi","status":"publish","type":"product","link":"https:\/\/roveyayinevi.com.tr\/index.php\/urun\/erken-cocuklukta-doga-egitimi\/","title":{"rendered":"Erken \u00c7ocuklukta Do\u011fa E\u011fitimi"},"content":{"rendered":"<p>Erken \u00e7ocukluk d\u00f6nemi, insan ya\u015fam\u0131n\u0131n temelini olu\u015fturan kritik bir d\u00f6nemdir. Bu d\u00f6nemde do\u011fa ile bulu\u015fan, do\u011fa ile bar\u0131\u015fan \u00e7ocuklar ya\u015famlar\u0131 boyu do\u011fa ile ya\u015famay\u0131 ve korumay\u0131 \u00f6\u011frenirler.   Do\u011fa, \u00e7ocuklar\u0131n b\u00fct\u00fcnsel geli\u015fimlerinde \u00f6nemli yer tutar. \u00c7ocuklar\u0131n fiziksel olarak hareket etmeleri, ince ve kaba motor becerilerini edinmeleri, sosyal olarak farkl\u0131 ya\u015flardaki insanlar (akranlar\u0131, \u00f6\u011fretmenleri, vb) ve do\u011fadaki bir\u00e7ok canl\u0131 ve cans\u0131z varl\u0131kla etkile\u015fime ge\u00e7meleri, duygusal olarak kendilerini ifade etmeleri, stres atmalar\u0131 ve rahatlamalar\u0131, bili\u015fsel olarak yarat\u0131c\u0131 d\u00fc\u015f\u00fcnme, ele\u015ftirel d\u00fc\u015f\u00fcnme ve problem \u00e7\u00f6zme gibi ya\u015famsal becerileri edinmeleri a\u00e7\u0131s\u0131ndan f\u0131rsatlar yarat\u0131r.<\/p>\n","protected":false},"excerpt":{"rendered":"<p>Erken \u00e7ocukluk d\u00f6nemi, insan ya\u015fam\u0131n\u0131n temelini olu\u015fturan kritik bir d\u00f6nemdir. Bu d\u00f6nemde do\u011fa ile bulu\u015fan, do\u011fa ile bar\u0131\u015fan \u00e7ocuklar ya\u015famlar\u0131 boyu do\u011fa ile ya\u015famay\u0131 ve korumay\u0131<span class=\"excerpt-hellip\"> [\u2026]<\/span><\/p>\n","protected":false},"featured_media":0,"template":"","meta":{"_monsterinsights_skip_tracking":false,"_monsterinsights_sitenote_active":false,"_monsterinsights_sitenote_note":"","_monsterinsights_sitenote_category":0},"product_brand":[],"product_cat":[12573,12566],"product_tag":[],"class_list":{"0":"post-776163","1":"product","2":"type-product","3":"status-publish","5":"product_cat-akademik-kitaplar","6":"product_cat-egitim","7":"pa_cilt-ciltsiz","8":"pa_tur-kitap","9":"pa_yayinevi-egiten-kitap","10":"pa_yazar-kolektif","12":"first","13":"instock","14":"sale","15":"shipping-taxable","16":"purchasable","17":"product-type-simple"},"_links":{"self":[{"href":"https:\/\/roveyayinevi.com.tr\/index.php\/wp-json\/wp\/v2\/product\/776163","targetHints":{"allow":["GET"]}}],"collection":[{"href":"https:\/\/roveyayinevi.com.tr\/index.php\/wp-json\/wp\/v2\/product"}],"about":[{"href":"https:\/\/roveyayinevi.com.tr\/index.php\/wp-json\/wp\/v2\/types\/product"}],"wp:attachment":[{"href":"https:\/\/roveyayinevi.com.tr\/index.php\/wp-json\/wp\/v2\/media?parent=776163"}],"wp:term":[{"taxonomy":"product_brand","embeddable":true,"href":"https:\/\/roveyayinevi.com.tr\/index.php\/wp-json\/wp\/v2\/product_brand?post=776163"},{"taxonomy":"product_cat","embeddable":true,"href":"https:\/\/roveyayinevi.com.tr\/index.php\/wp-json\/wp\/v2\/product_cat?post=776163"},{"taxonomy":"product_tag","embeddable":true,"href":"https:\/\/roveyayinevi.com.tr\/index.php\/wp-json\/wp\/v2\/product_tag?post=776163"}],"curies":[{"name":"wp","href":"https:\/\/api.w.org\/{rel}","templated":true}]}}