{"id":776162,"date":"2025-09-20T18:31:11","date_gmt":"2025-09-20T15:31:11","guid":{"rendered":"https:\/\/roveyayinevi.com.tr\/index.php\/urun\/satranc-ulkesine-yolculuk-2\/"},"modified":"2025-09-22T13:54:28","modified_gmt":"2025-09-22T10:54:28","slug":"satranc-ulkesine-yolculuk-2","status":"publish","type":"product","link":"https:\/\/roveyayinevi.com.tr\/index.php\/urun\/satranc-ulkesine-yolculuk-2\/","title":{"rendered":"Satran\u00e7 \u00dclkesi\u2019ne Yolculuk"},"content":{"rendered":"<p>Cesur ve Maya\u2019yla birlikte Satran\u00e7 \u00dclkesi\u2019ni ke\u015ffe \u00e7\u0131kmaya ne dersin? Bu \u00fclkede ya\u015fayanlar\u0131 yak\u0131ndan tan\u0131mak \u00e7ok e\u011flenceli olacak. Atlar, Filler, Piyonlar, Kaleler, Vezir ve \u015eah! Hepsi seni bekliyor! E\u011flenceli satran\u00e7 y\u00f6ntemiyle satranca ilgi duyacak, ad\u0131m ad\u0131m etkinliklerle bu muhte\u015fem oyunun kurallar\u0131n\u0131 kolayca \u00f6\u011freneceksin! Bili\u015fsel etkinlikler Mant\u0131k ve matematik \u00e7al\u0131\u015fmalar\u0131 Strateji oyunlar\u0131 S\u00fcrpriiiz! Kitab\u0131n\u0131n ortas\u0131nda bulaca\u011f\u0131n kartondan satran\u00e7 tahtas\u0131 ve yerlerinden kesip \u00e7\u0131karabilece\u011fin satran\u00e7 ta\u015flar\u0131yla hemen oynamaya ba\u015flayabilirsin! <\/p>\n","protected":false},"excerpt":{"rendered":"<p>Cesur ve Maya\u2019yla birlikte Satran\u00e7 \u00dclkesi\u2019ni ke\u015ffe \u00e7\u0131kmaya ne dersin? Bu \u00fclkede ya\u015fayanlar\u0131 yak\u0131ndan tan\u0131mak \u00e7ok e\u011flenceli olacak. Atlar, Filler, Piyonlar, Kaleler, Vezir ve \u015eah! Hepsi<span class=\"excerpt-hellip\"> [\u2026]<\/span><\/p>\n","protected":false},"featured_media":0,"template":"","meta":{"_monsterinsights_skip_tracking":false,"_monsterinsights_sitenote_active":false,"_monsterinsights_sitenote_note":"","_monsterinsights_sitenote_category":0},"product_brand":[],"product_cat":[12275,12274],"product_tag":[],"class_list":{"0":"post-776162","1":"product","2":"type-product","3":"status-publish","5":"product_cat-6-12-yas-kitaplari","6":"product_cat-cocuk-ve-genclik-kitaplari","7":"pa_cilt-ciltsiz","8":"pa_tur-kitap","9":"pa_yayinevi-dogan-cocuk","10":"pa_yazar-dogan-cocuk-kolektif","12":"first","13":"instock","14":"sale","15":"shipping-taxable","16":"purchasable","17":"product-type-simple"},"_links":{"self":[{"href":"https:\/\/roveyayinevi.com.tr\/index.php\/wp-json\/wp\/v2\/product\/776162","targetHints":{"allow":["GET"]}}],"collection":[{"href":"https:\/\/roveyayinevi.com.tr\/index.php\/wp-json\/wp\/v2\/product"}],"about":[{"href":"https:\/\/roveyayinevi.com.tr\/index.php\/wp-json\/wp\/v2\/types\/product"}],"wp:attachment":[{"href":"https:\/\/roveyayinevi.com.tr\/index.php\/wp-json\/wp\/v2\/media?parent=776162"}],"wp:term":[{"taxonomy":"product_brand","embeddable":true,"href":"https:\/\/roveyayinevi.com.tr\/index.php\/wp-json\/wp\/v2\/product_brand?post=776162"},{"taxonomy":"product_cat","embeddable":true,"href":"https:\/\/roveyayinevi.com.tr\/index.php\/wp-json\/wp\/v2\/product_cat?post=776162"},{"taxonomy":"product_tag","embeddable":true,"href":"https:\/\/roveyayinevi.com.tr\/index.php\/wp-json\/wp\/v2\/product_tag?post=776162"}],"curies":[{"name":"wp","href":"https:\/\/api.w.org\/{rel}","templated":true}]}}