{"id":776160,"date":"2025-09-20T18:09:53","date_gmt":"2025-09-20T15:09:53","guid":{"rendered":"https:\/\/roveyayinevi.com.tr\/index.php\/urun\/cocuklar-icin-anlayarak-hizli-okuma-3\/"},"modified":"2025-09-22T13:33:24","modified_gmt":"2025-09-22T10:33:24","slug":"cocuklar-icin-anlayarak-hizli-okuma-3","status":"publish","type":"product","link":"https:\/\/roveyayinevi.com.tr\/index.php\/urun\/cocuklar-icin-anlayarak-hizli-okuma-3\/","title":{"rendered":"\u00c7ocuklar i\u00e7in Anlayarak H\u0131zl\u0131 Okuma"},"content":{"rendered":"<p>21. y\u00fczy\u0131l becerileri aras\u0131nda yer alan &#8220;okuryazarl\u0131k&#8221; her g\u00fcn daha fazla \u00f6nem kazanmaktad\u0131r. Okuma yazma bilmek, okuryazarl\u0131k becerisine sahip olmak de\u011fildir. Okuryazarl\u0131k becerisi, \u00fcst d\u00fczey d\u00fc\u015f\u00fcnme becerilerini i\u00e7ermektedir. Bu becerileri geli\u015ftirmenin yollar\u0131ndan biri de anlayarak h\u0131zl\u0131 okuma becerisine sahip olmakt\u0131r. Evet, h\u0131zl\u0131 okumak bir beceridir. G\u00f6z kaslar\u0131n\u0131n \u00e7al\u0131\u015ft\u0131r\u0131lmas\u0131, mevcut okuma hatalar\u0131n\u0131n d\u00fczeltilmesi, dikkat ve konsantrasyonun art\u0131r\u0131lmas\u0131 ve egzersizlerin d\u00fczenli olarak yap\u0131lmas\u0131 ile her birey okuma h\u0131z\u0131n\u0131 en az iki kat\u0131na \u00e7\u0131karabilir.    \u00c7ocuklar i\u00e7in Anlayarak H\u0131zl\u0131 Okuma kitab\u0131yla \u00f6\u011frenciler, zihin temizli\u011fi tekni\u011fiyle zihinlerini me\u015fgul eden d\u00fc\u015f\u00fcncelerden uzakla\u015f\u0131p kendilerini okuduklar\u0131 metne verebilmeyi \u00f6\u011frenecekler. B\u00f6ylece okurken \u201cuykunun gelmesi, geri okuma yapma, paragraf sonuna gelindi\u011finde ilk c\u00fcmleleri unutma\u201d gibi sorunlar ortadan kalkacakt\u0131r.    Kitapta 21 g\u00fcn boyunca yap\u0131lacak olan egzersizler, \u00e7ocuklar\u0131n geli\u015fimine destek olacak \u015fekilde haz\u0131rlanm\u0131\u015ft\u0131r. Bu egzersizler arac\u0131l\u0131\u011f\u0131yla, \u00e7ocuklar hem g\u00f6z kaslar\u0131n\u0131 \u00e7al\u0131\u015ft\u0131racak hem de verilen bilgilerle okuma yaparken beyinlerinin ve g\u00f6zlerinin nas\u0131l \u00e7al\u0131\u015ft\u0131\u011f\u0131n\u0131 \u00f6\u011frenecekler. Kitab\u0131n ilerleyen b\u00f6l\u00fcmlerinde sa\u011f ve sol beynin nas\u0131l \u00e7al\u0131\u015ft\u0131\u011f\u0131n\u0131 \u00f6\u011frenmekle birlikte \u00f6\u011frenme stillerini de ke\u015ffedecekler. B\u00f6ylece verimli ders \u00e7al\u0131\u015fman\u0131n \u00f6n\u00fcndeki engelleri ortadan kald\u0131rm\u0131\u015f olacaklar.  \u00d6\u011frenciler zaman\u0131n\u0131 verimli kullanmak, okudu\u011funu h\u0131zl\u0131 bir \u015fekilde anlamak, paragraf sorular\u0131n\u0131 daha h\u0131zl\u0131 \u00e7\u00f6zmek istiyorlarsa bu kitap tam onlara g\u00f6re. G\u00fczel bir yolculuk onlar\u0131 bekliyor.    Kitap 9-12 ya\u015f aras\u0131 \u00e7ocuklar i\u00e7in yaz\u0131lmakla beraber, i\u00e7indeki al\u0131\u015ft\u0131rmalar \u00f6\u011fretmenlerin derslerinde kolayl\u0131kla uygulayabilece\u011fi nitelikte haz\u0131rlanm\u0131\u015ft\u0131r. Baz\u0131 al\u0131\u015ft\u0131rmalar\u0131n tahtaya \u00e7izilmesi ve yaz\u0131lmas\u0131 ile \u00f6\u011frencilerin dikkat ve konsantrasyonu art\u0131r\u0131labilir. Ayr\u0131ca haf\u0131za, \u00f6\u011frenme stilleri, sa\u011f ve sol beyin \u00fczerine yap\u0131lacak sohbetlerle \u00f6\u011frenciler kendileri ve ders \u00e7al\u0131\u015fma al\u0131\u015fkanl\u0131klar\u0131yla ilgili fark\u0131ndal\u0131k kazanabilir.  <\/p>\n","protected":false},"excerpt":{"rendered":"<p>21. y\u00fczy\u0131l becerileri aras\u0131nda yer alan &#8220;okuryazarl\u0131k&#8221; her g\u00fcn daha fazla \u00f6nem kazanmaktad\u0131r. Okuma yazma bilmek, okuryazarl\u0131k becerisine sahip olmak de\u011fildir. Okuryazarl\u0131k becerisi, \u00fcst d\u00fczey d\u00fc\u015f\u00fcnme<span class=\"excerpt-hellip\"> [\u2026]<\/span><\/p>\n","protected":false},"featured_media":0,"template":"","meta":{"_monsterinsights_skip_tracking":false,"_monsterinsights_sitenote_active":false,"_monsterinsights_sitenote_note":"","_monsterinsights_sitenote_category":0},"product_brand":[],"product_cat":[12275,12274],"product_tag":[],"class_list":{"0":"post-776160","1":"product","2":"type-product","3":"status-publish","5":"product_cat-6-12-yas-kitaplari","6":"product_cat-cocuk-ve-genclik-kitaplari","7":"pa_cilt-ciltsiz","8":"pa_tur-kitap","9":"pa_yayinevi-sola-unitas","10":"pa_yazar-dilek-boyraz","12":"first","13":"instock","14":"sale","15":"shipping-taxable","16":"purchasable","17":"product-type-simple"},"_links":{"self":[{"href":"https:\/\/roveyayinevi.com.tr\/index.php\/wp-json\/wp\/v2\/product\/776160","targetHints":{"allow":["GET"]}}],"collection":[{"href":"https:\/\/roveyayinevi.com.tr\/index.php\/wp-json\/wp\/v2\/product"}],"about":[{"href":"https:\/\/roveyayinevi.com.tr\/index.php\/wp-json\/wp\/v2\/types\/product"}],"wp:attachment":[{"href":"https:\/\/roveyayinevi.com.tr\/index.php\/wp-json\/wp\/v2\/media?parent=776160"}],"wp:term":[{"taxonomy":"product_brand","embeddable":true,"href":"https:\/\/roveyayinevi.com.tr\/index.php\/wp-json\/wp\/v2\/product_brand?post=776160"},{"taxonomy":"product_cat","embeddable":true,"href":"https:\/\/roveyayinevi.com.tr\/index.php\/wp-json\/wp\/v2\/product_cat?post=776160"},{"taxonomy":"product_tag","embeddable":true,"href":"https:\/\/roveyayinevi.com.tr\/index.php\/wp-json\/wp\/v2\/product_tag?post=776160"}],"curies":[{"name":"wp","href":"https:\/\/api.w.org\/{rel}","templated":true}]}}