{"id":776158,"date":"2025-09-20T17:46:07","date_gmt":"2025-09-20T14:46:07","guid":{"rendered":"https:\/\/roveyayinevi.com.tr\/index.php\/urun\/son-icadimiz-yapay-zeka-ve-insanlik-caginin-sonu\/"},"modified":"2026-04-16T02:39:01","modified_gmt":"2026-04-15T23:39:01","slug":"son-icadimiz-yapay-zeka-ve-insanlik-caginin-sonu","status":"publish","type":"product","link":"https:\/\/roveyayinevi.com.tr\/index.php\/urun\/son-icadimiz-yapay-zeka-ve-insanlik-caginin-sonu\/","title":{"rendered":"Son \u0130cad\u0131m\u0131z Yapay Zeka ve \u0130nsanl\u0131k \u00c7a\u011f\u0131n\u0131n Sonu"},"content":{"rendered":"<p>Gelecek hakk\u0131nda okuman\u0131z gereken be\u015f kitaptan biri&#8230; Elon Musk, SpaceX&#8217;in Kurucusu Y\u00fczy\u0131l\u0131m\u0131z\u0131n ve muhtemelen gelecek y\u00fczy\u0131llar\u0131m\u0131z\u0131n en \u00f6nemli konusu olan yapay zek\u00e2 hakk\u0131nda yaz\u0131lm\u0131\u015f can al\u0131c\u0131 bir kitap. T\u00fcr\u00fcm\u00fcz\u00fcn hayatta kal\u0131p kalmayaca\u011f\u0131 meselesinin bir bilimkurgu meselesi olmas\u0131n\u0131 dilerdim&#8230; ama ger\u00e7ek. Jaan Tallinn, Skype&#8217;\u0131n Kurucu Orta\u011f\u0131 Yapay zek\u00e2, on y\u0131l kadar k\u0131sa bir s\u00fcre i\u00e7inde insan zek\u00e2s\u0131n\u0131 yakalay\u0131p onu ge\u00e7ebilir. D\u00fcnyan\u0131n d\u00f6rt bir yan\u0131nda \u015firketler ve devlet kurumlar\u0131, Yapay Zek\u00e2n\u0131n Kutsal K\u00e2se&#8217;sine, ba\u015fka bir deyi\u015fle insan d\u00fczeyindeki zek\u00e2ya ula\u015fmak i\u00e7in milyarlar harc\u0131yor. Bilim insanlar\u0131na g\u00f6re yapay zek\u00e2ya ula\u015f\u0131ld\u0131\u011f\u0131nda g\u00f6r\u00fclecektir ki onun da bizim gibi hayatta kalma d\u00fcrt\u00fcs\u00fc bask\u0131n \u00e7\u0131kacak. Bu nedenle hayal edebilece\u011fimizden daha kurnaz, daha g\u00fc\u00e7l\u00fc ve daha farkl\u0131 bir rakiple m\u00fccadele etmek zorunda kalabiliriz. James Barrat, Son \u0130cad\u0131m\u0131z kitab\u0131nda teknoloji vizyonerlerinin, end\u00fcstri g\u00f6zlemcilerinin ve \u00e7\u0131\u011f\u0131r a\u00e7an yapay zek\u00e2 sistemlerinin profillerinden yararlanarak geli\u015fmi\u015f yapay zek\u00e2ya y\u00f6nelik bu pervas\u0131z \u0131srar\u0131n yarataca\u011f\u0131 tehlikeleri g\u00f6zler \u00f6n\u00fcne seriyor. \u015eimdiye kadar insan zek\u00e2s\u0131n\u0131n rakibi yoktu. Zek\u00e2s\u0131 bizim zek\u00e2m\u0131z\u0131 g\u00f6lgede b\u0131rakan varl\u0131klarla bir arada ya\u015fayabilir miyiz? Dahas\u0131 bu varl\u0131klar bizi kabul edecek mi? \u0130leri teknolojinin \u00e7ok k\u0131sa bir s\u00fcre i\u00e7inde art\u0131k g\u00f6rmezden gelemeyece\u011fimiz korkun\u00e7 ger\u00e7ekleriyle y\u00fczle\u015fmenizi sa\u011flayacak bir kitap m\u0131 ar\u0131yorsunuz? Buldunuz! The Washington Post \u00c7ok \u00e7ok \u00f6nemli bir kitap. Son \u0130cad\u0131m\u0131z, birilerini rahats\u0131z edecek! Huw Price, Cambridge \u00dcniversitesi, Varolu\u015f\u00e7u Risk Ara\u015ft\u0131rma Merkezi Kurucu Orta\u011f\u0131 Son \u0130cad\u0131m\u0131z hakk\u0131nda heyecan verici bir dedektif hik\u00e2yesi diyorlar&#8230; Do\u011fru ama eksik, bana sorarsan\u0131z yirmi birinci y\u00fczy\u0131l\u0131n en \u00f6nemli problemi hakk\u0131nda yaz\u0131lm\u0131\u015f en iyi kitap. Luke Muehlhauser, Open Philanthropy Project K\u0131demli Ara\u015ft\u0131rmac\u0131 Analist Bilimkurgu, Asimov&#8217;un Ben, Robot \u00f6rne\u011finde oldu\u011fu gibi uzun zamand\u0131r insan benzeri makinelerin etkilerini ara\u015ft\u0131r\u0131yor lakin Barrat&#8217;\u0131n derin bir tefekk\u00fcrle kaleme ald\u0131\u011f\u0131 Son \u0130cad\u0131m\u0131z, meseleye bir doz ger\u00e7eklik kat\u0131yor. Science News Okuyaca\u011f\u0131n\u0131z sat\u0131rlar\u0131n insanl\u0131\u011f\u0131n en kritik meydan okumas\u0131na y\u00f6nelik merak uyand\u0131r\u0131c\u0131 bir etkiye sahip oldu\u011funu s\u00f6ylememe izin verin l\u00fctfen. Son \u0130cad\u0131m\u0131z, yirmi birinci y\u00fczy\u0131l\u0131 de\u011fi\u015ftiren kitap olacak! Michael Vassar, Tekillik Enstit\u00fcs\u00fc Eski Ba\u015fkan\u0131 James Barrat, Son \u0130cad\u0131m\u0131z kitab\u0131nda kendini geli\u015ftiren yapay zek\u00e2n\u0131n birka\u00e7 y\u0131l i\u00e7inde hayat\u0131m\u0131za girece\u011fine dair g\u00fc\u00e7l\u00fc \u00f6rnekler veriyor. Alan\u0131nda kanaat \u00f6nderi addedilen bilim insanlar\u0131yla yapt\u0131\u011f\u0131 g\u00f6r\u00fc\u015fmelerden, yapay s\u00fcper zek\u00e2n\u0131n tehlikeleri hakk\u0131nda da derinlemesine analizler yap\u0131yor. Bu analizler, teknoloji iyimserlerini bile durup d\u00fc\u015f\u00fcnmeye sevk ediyor. Reason Son \u0130cad\u0131m\u0131z, galibiyet \u00e7anlar\u0131n\u0131n \u00e7al\u0131nd\u0131\u011f\u0131 bir d\u00f6nemde neden en az\u0131ndan biraz endi\u015felenmemiz gerekti\u011fine dair g\u00fc\u00e7l\u00fc bir \u00f6rnek. NewYorker Son \u0130cad\u0131m\u0131z, bir varolu\u015funuz oldu\u011funu hat\u0131rlaman\u0131za neden olacak. Singularity Hub Yapay zek\u00e2 alan\u0131ndaki ilerlemeler, teknoloji severleri \u00f6ylesine heyecanland\u0131r\u0131yor ki, kayg\u0131lar\u0131 giderek artan az\u0131nl\u0131\u011f\u0131n sesi duyulmuyor. Barrat, bu kayg\u0131lar\u0131 duymakla kalm\u0131yor, g\u00fcr bir sesle duyurmaya \u00e7al\u0131\u015f\u0131yor. Kirkus Reviews Birazdan okuyaca\u011f\u0131n\u0131z sat\u0131rlar, &#8216;d\u00fc\u015f\u00fcnen&#8217; makinelerin insanl\u0131k i\u00e7in nas\u0131l birer tehlike olabilece\u011fini dikkat \u00e7ekici \u00f6rneklerle ortaya koyuyor&#8230; Son \u0130cad\u0131m\u0131z, h\u0131zla geli\u015fen teknolojik becerinin renklendirdi\u011fi yak\u0131n gelece\u011fe bir g\u00f6z atmak isteyen okuyucular i\u00e7in m\u00fckemmel bir okuma sunuyor. New York Journal of Books Tamam, konu \u00e7etrefilli; \u015fimdilik her \u015fey de yolunda g\u00f6r\u00fcn\u00fcyor. Peki, ya \u0131\u015f\u0131klar g\u00f6zlerimize perde indirdiyse? Ya perde kalkt\u0131\u011f\u0131nda u\u00e7urumun k\u0131y\u0131s\u0131nda bulursak kendimizi? James Barrat, yapay zek\u00e2n\u0131n \u00f6ng\u00f6r\u00fclen sonu\u00e7lar\u0131n\u0131 \u00e7ok g\u00fczel sorgulam\u0131\u015f. Elinizden b\u0131rakamayaca\u011f\u0131n\u0131z bir kitab\u0131 okuyacaks\u0131n\u0131z. Bill Hibbard<\/p>\n","protected":false},"excerpt":{"rendered":"<p>Gelecek hakk\u0131nda okuman\u0131z gereken be\u015f kitaptan biri&#8230; Elon Musk, SpaceX&#8217;in Kurucusu Y\u00fczy\u0131l\u0131m\u0131z\u0131n ve muhtemelen gelecek y\u00fczy\u0131llar\u0131m\u0131z\u0131n en \u00f6nemli konusu olan yapay zek\u00e2 hakk\u0131nda yaz\u0131lm\u0131\u015f can al\u0131c\u0131<span class=\"excerpt-hellip\"> [\u2026]<\/span><\/p>\n","protected":false},"featured_media":0,"template":"","meta":{"_monsterinsights_skip_tracking":false,"_monsterinsights_sitenote_active":false,"_monsterinsights_sitenote_note":"","_monsterinsights_sitenote_category":0},"product_brand":[],"product_cat":[13005,37328],"product_tag":[],"class_list":{"0":"post-776158","1":"product","2":"type-product","3":"status-publish","5":"product_cat-bilim-muhendislik","6":"product_cat-diger-bilim-muhendislik","7":"pa_cilt-ciltsiz","8":"pa_tur-kitap","9":"pa_yayinevi-pegasus-yayinlari","10":"pa_yazar-james-barrat","12":"first","13":"instock","14":"sale","15":"shipping-taxable","16":"purchasable","17":"product-type-simple"},"_links":{"self":[{"href":"https:\/\/roveyayinevi.com.tr\/index.php\/wp-json\/wp\/v2\/product\/776158","targetHints":{"allow":["GET"]}}],"collection":[{"href":"https:\/\/roveyayinevi.com.tr\/index.php\/wp-json\/wp\/v2\/product"}],"about":[{"href":"https:\/\/roveyayinevi.com.tr\/index.php\/wp-json\/wp\/v2\/types\/product"}],"wp:attachment":[{"href":"https:\/\/roveyayinevi.com.tr\/index.php\/wp-json\/wp\/v2\/media?parent=776158"}],"wp:term":[{"taxonomy":"product_brand","embeddable":true,"href":"https:\/\/roveyayinevi.com.tr\/index.php\/wp-json\/wp\/v2\/product_brand?post=776158"},{"taxonomy":"product_cat","embeddable":true,"href":"https:\/\/roveyayinevi.com.tr\/index.php\/wp-json\/wp\/v2\/product_cat?post=776158"},{"taxonomy":"product_tag","embeddable":true,"href":"https:\/\/roveyayinevi.com.tr\/index.php\/wp-json\/wp\/v2\/product_tag?post=776158"}],"curies":[{"name":"wp","href":"https:\/\/api.w.org\/{rel}","templated":true}]}}