{"id":776157,"date":"2025-09-20T17:42:02","date_gmt":"2025-09-20T14:42:02","guid":{"rendered":"https:\/\/roveyayinevi.com.tr\/index.php\/urun\/peki-ama-kim-bu-armstrong\/"},"modified":"2025-09-22T13:06:21","modified_gmt":"2025-09-22T10:06:21","slug":"peki-ama-kim-bu-armstrong","status":"publish","type":"product","link":"https:\/\/roveyayinevi.com.tr\/index.php\/urun\/peki-ama-kim-bu-armstrong\/","title":{"rendered":"Peki Ama Kim Bu Armstrong ?"},"content":{"rendered":"<p>Ay g\u00f6revine televizyon ve gazetelerde geni\u015f yer verildi; so\u011fukkanl\u0131l\u0131k kavram\u0131 art\u0131k hep onun ad\u0131yla an\u0131l\u0131r oldu ve resmen yeni bir \u00e7a\u011f ba\u015flatt\u0131! Bug\u00fcn uzayda ya\u015fam ce uzaya yolculuk onun ke\u015fifleri sayesinde m\u00fcmk\u00fcn!<\/p>\n","protected":false},"excerpt":{"rendered":"<p>Ay g\u00f6revine televizyon ve gazetelerde geni\u015f yer verildi; so\u011fukkanl\u0131l\u0131k kavram\u0131 art\u0131k hep onun ad\u0131yla an\u0131l\u0131r oldu ve resmen yeni bir \u00e7a\u011f ba\u015flatt\u0131! Bug\u00fcn uzayda ya\u015fam ce<span class=\"excerpt-hellip\"> [\u2026]<\/span><\/p>\n","protected":false},"featured_media":0,"template":"","meta":{"_monsterinsights_skip_tracking":false,"_monsterinsights_sitenote_active":false,"_monsterinsights_sitenote_note":"","_monsterinsights_sitenote_category":0},"product_brand":[],"product_cat":[13829,12274],"product_tag":[],"class_list":{"0":"post-776157","1":"product","2":"type-product","3":"status-publish","5":"product_cat-bilimsel-kitaplar","6":"product_cat-cocuk-ve-genclik-kitaplari","7":"pa_cilt-ciltsiz","8":"pa_tur-kitap","9":"pa_yayinevi-dinozor-cocuk","10":"pa_yazar-giulia-calandra-buonaura","12":"first","13":"instock","14":"sale","15":"shipping-taxable","16":"purchasable","17":"product-type-simple"},"_links":{"self":[{"href":"https:\/\/roveyayinevi.com.tr\/index.php\/wp-json\/wp\/v2\/product\/776157","targetHints":{"allow":["GET"]}}],"collection":[{"href":"https:\/\/roveyayinevi.com.tr\/index.php\/wp-json\/wp\/v2\/product"}],"about":[{"href":"https:\/\/roveyayinevi.com.tr\/index.php\/wp-json\/wp\/v2\/types\/product"}],"wp:attachment":[{"href":"https:\/\/roveyayinevi.com.tr\/index.php\/wp-json\/wp\/v2\/media?parent=776157"}],"wp:term":[{"taxonomy":"product_brand","embeddable":true,"href":"https:\/\/roveyayinevi.com.tr\/index.php\/wp-json\/wp\/v2\/product_brand?post=776157"},{"taxonomy":"product_cat","embeddable":true,"href":"https:\/\/roveyayinevi.com.tr\/index.php\/wp-json\/wp\/v2\/product_cat?post=776157"},{"taxonomy":"product_tag","embeddable":true,"href":"https:\/\/roveyayinevi.com.tr\/index.php\/wp-json\/wp\/v2\/product_tag?post=776157"}],"curies":[{"name":"wp","href":"https:\/\/api.w.org\/{rel}","templated":true}]}}