{"id":776156,"date":"2025-09-20T17:40:36","date_gmt":"2025-09-20T14:40:36","guid":{"rendered":"https:\/\/roveyayinevi.com.tr\/index.php\/urun\/hayvanlarin-renkleri-bilim-ve-merak\/"},"modified":"2025-09-22T13:04:45","modified_gmt":"2025-09-22T10:04:45","slug":"hayvanlarin-renkleri-bilim-ve-merak","status":"publish","type":"product","link":"https:\/\/roveyayinevi.com.tr\/index.php\/urun\/hayvanlarin-renkleri-bilim-ve-merak\/","title":{"rendered":"Hayvanlar\u0131n Renkleri &#8211; Bilim ve Merak"},"content":{"rendered":"<p>Hayvanlar gizlenirken renklerini nas\u0131l kullan\u0131r? Neden baz\u0131 hayvanlar\u0131n renkleri \u00e7ok parlak? Bukalemunlar neden renk de\u011fi\u015ftirir? Yaren ve Burak \u00e7ok merakl\u0131 bir abla karde\u015f. Bu kitapta hayvanlar \u00e2leminin renkleriyle ilgili sorular\u0131n\u0131n cevab\u0131n\u0131 ar\u0131yorlar. Sizin de bu konuda sorular\u0131n\u0131z varsa Yaren ve Burak&#8217;a bu macerada e\u015flik edin. Hayvanlar\u0131n, renklerinden nas\u0131l faydaland\u0131\u011f\u0131n\u0131 ve daha fazlas\u0131n\u0131 birlikte \u00f6\u011frenin.,<\/p>\n","protected":false},"excerpt":{"rendered":"<p>Hayvanlar gizlenirken renklerini nas\u0131l kullan\u0131r? Neden baz\u0131 hayvanlar\u0131n renkleri \u00e7ok parlak? Bukalemunlar neden renk de\u011fi\u015ftirir? Yaren ve Burak \u00e7ok merakl\u0131 bir abla karde\u015f. Bu kitapta hayvanlar<span class=\"excerpt-hellip\"> [\u2026]<\/span><\/p>\n","protected":false},"featured_media":0,"template":"","meta":{"_monsterinsights_skip_tracking":false,"_monsterinsights_sitenote_active":false,"_monsterinsights_sitenote_note":"","_monsterinsights_sitenote_category":0},"product_brand":[],"product_cat":[13829,12274],"product_tag":[],"class_list":{"0":"post-776156","1":"product","2":"type-product","3":"status-publish","5":"product_cat-bilimsel-kitaplar","6":"product_cat-cocuk-ve-genclik-kitaplari","7":"pa_cilt-ciltsiz","8":"pa_tur-kitap","9":"pa_yayinevi-tubitak-yayinlari","10":"pa_yazar-alejandro-algarra","12":"first","13":"instock","14":"sale","15":"shipping-taxable","16":"purchasable","17":"product-type-simple"},"_links":{"self":[{"href":"https:\/\/roveyayinevi.com.tr\/index.php\/wp-json\/wp\/v2\/product\/776156","targetHints":{"allow":["GET"]}}],"collection":[{"href":"https:\/\/roveyayinevi.com.tr\/index.php\/wp-json\/wp\/v2\/product"}],"about":[{"href":"https:\/\/roveyayinevi.com.tr\/index.php\/wp-json\/wp\/v2\/types\/product"}],"wp:attachment":[{"href":"https:\/\/roveyayinevi.com.tr\/index.php\/wp-json\/wp\/v2\/media?parent=776156"}],"wp:term":[{"taxonomy":"product_brand","embeddable":true,"href":"https:\/\/roveyayinevi.com.tr\/index.php\/wp-json\/wp\/v2\/product_brand?post=776156"},{"taxonomy":"product_cat","embeddable":true,"href":"https:\/\/roveyayinevi.com.tr\/index.php\/wp-json\/wp\/v2\/product_cat?post=776156"},{"taxonomy":"product_tag","embeddable":true,"href":"https:\/\/roveyayinevi.com.tr\/index.php\/wp-json\/wp\/v2\/product_tag?post=776156"}],"curies":[{"name":"wp","href":"https:\/\/api.w.org\/{rel}","templated":true}]}}