{"id":776154,"date":"2025-09-20T17:12:09","date_gmt":"2025-09-20T14:12:09","guid":{"rendered":"https:\/\/roveyayinevi.com.tr\/index.php\/urun\/koronavirus-de-ne\/"},"modified":"2025-09-22T12:36:43","modified_gmt":"2025-09-22T09:36:43","slug":"koronavirus-de-ne","status":"publish","type":"product","link":"https:\/\/roveyayinevi.com.tr\/index.php\/urun\/koronavirus-de-ne\/","title":{"rendered":"Koronavir\u00fcs de Ne?"},"content":{"rendered":"<p>Koronavir\u00fcse kar\u015f\u0131 al\u0131nan \u00f6nlemleri anlatan bu kitap, \u00e7ocuklar\u0131n bu zor d\u00f6nemde \u00e7evrelerinde olup bitenleri anlamalar\u0131na yard\u0131mc\u0131 olabilecek bilgiler i\u00e7eriyor. <\/p>\n","protected":false},"excerpt":{"rendered":"<p>Koronavir\u00fcse kar\u015f\u0131 al\u0131nan \u00f6nlemleri anlatan bu kitap, \u00e7ocuklar\u0131n bu zor d\u00f6nemde \u00e7evrelerinde olup bitenleri anlamalar\u0131na yard\u0131mc\u0131 olabilecek bilgiler i\u00e7eriyor.<\/p>\n","protected":false},"featured_media":0,"template":"","meta":{"_monsterinsights_skip_tracking":false,"_monsterinsights_sitenote_active":false,"_monsterinsights_sitenote_note":"","_monsterinsights_sitenote_category":0},"product_brand":[],"product_cat":[13829,12274],"product_tag":[],"class_list":{"0":"post-776154","1":"product","2":"type-product","3":"status-publish","5":"product_cat-bilimsel-kitaplar","6":"product_cat-cocuk-ve-genclik-kitaplari","7":"pa_cilt-ciltsiz","8":"pa_tur-kitap","9":"pa_yayinevi-tubitak-yayinlari","10":"pa_yazar-asli-zulal","12":"first","13":"instock","14":"sale","15":"shipping-taxable","16":"purchasable","17":"product-type-simple"},"_links":{"self":[{"href":"https:\/\/roveyayinevi.com.tr\/index.php\/wp-json\/wp\/v2\/product\/776154","targetHints":{"allow":["GET"]}}],"collection":[{"href":"https:\/\/roveyayinevi.com.tr\/index.php\/wp-json\/wp\/v2\/product"}],"about":[{"href":"https:\/\/roveyayinevi.com.tr\/index.php\/wp-json\/wp\/v2\/types\/product"}],"wp:attachment":[{"href":"https:\/\/roveyayinevi.com.tr\/index.php\/wp-json\/wp\/v2\/media?parent=776154"}],"wp:term":[{"taxonomy":"product_brand","embeddable":true,"href":"https:\/\/roveyayinevi.com.tr\/index.php\/wp-json\/wp\/v2\/product_brand?post=776154"},{"taxonomy":"product_cat","embeddable":true,"href":"https:\/\/roveyayinevi.com.tr\/index.php\/wp-json\/wp\/v2\/product_cat?post=776154"},{"taxonomy":"product_tag","embeddable":true,"href":"https:\/\/roveyayinevi.com.tr\/index.php\/wp-json\/wp\/v2\/product_tag?post=776154"}],"curies":[{"name":"wp","href":"https:\/\/api.w.org\/{rel}","templated":true}]}}