{"id":776151,"date":"2025-09-20T16:28:39","date_gmt":"2025-09-20T13:28:39","guid":{"rendered":"https:\/\/roveyayinevi.com.tr\/index.php\/urun\/gencim-dogruyum-genc-olmak\/"},"modified":"2026-04-05T02:32:39","modified_gmt":"2026-04-04T23:32:39","slug":"gencim-dogruyum-genc-olmak","status":"publish","type":"product","link":"https:\/\/roveyayinevi.com.tr\/index.php\/urun\/gencim-dogruyum-genc-olmak\/","title":{"rendered":"Gencim Do\u011fruyum &#8211; Gen\u00e7 Olmak"},"content":{"rendered":"<p>Gen\u00e7lerden mesaj var! Gen\u00e7 Olmak dizisi ergenlik ve ilk gen\u00e7lik d\u00f6nemlerindeki \u00e7ocu\u011funuzu anlamak, yol g\u00f6stermek ve kendi gen\u00e7li\u011finizi sizlere hat\u0131rlatmak i\u00e7in haz\u0131rlanm\u0131\u015f rehber kitaplard\u0131r.\u201cGen\u00e7 olmak, ger\u00e7ekten hem \u00e7ok g\u00fczel hem de \u00e7ok zor. Hele, \u2018Gencim, Do\u011fruyum\u2019 diyebilmek daha da zor ama bizler ger\u00e7ekten do\u011fruyuz. S\u00f6yleyemesek de i\u00e7imize atsak da kimse bize inanmasa da do\u011frular\u0131m\u0131z i\u00e7in \u00e7aba veriyoruz. Bence do\u011fruyu arayan, yanl\u0131\u015fla bulu\u015fmaz.\u201dPsikolog, aile terapisti ve yazar \u0130lkim \u00d6z, Gencim Do\u011fruyum\u2019da mikrofonu gen\u00e7lere uzat\u0131yor ve nesiller aras\u0131nda olu\u015fan fark\u0131 ortadan kald\u0131rarak ailelere yol g\u00f6sterici olmay\u0131 anlat\u0131yor.<\/p>\n","protected":false},"excerpt":{"rendered":"<p>Gen\u00e7lerden mesaj var! Gen\u00e7 Olmak dizisi ergenlik ve ilk gen\u00e7lik d\u00f6nemlerindeki \u00e7ocu\u011funuzu anlamak, yol g\u00f6stermek ve kendi gen\u00e7li\u011finizi sizlere hat\u0131rlatmak i\u00e7in haz\u0131rlanm\u0131\u015f rehber kitaplard\u0131r.\u201cGen\u00e7 olmak, ger\u00e7ekten<span class=\"excerpt-hellip\"> [\u2026]<\/span><\/p>\n","protected":false},"featured_media":0,"template":"","meta":{"_monsterinsights_skip_tracking":false,"_monsterinsights_sitenote_active":false,"_monsterinsights_sitenote_note":"","_monsterinsights_sitenote_category":0},"product_brand":[],"product_cat":[12364,12376],"product_tag":[],"class_list":{"0":"post-776151","1":"product","2":"type-product","3":"status-publish","5":"product_cat-genel-konular","6":"product_cat-kisisel-gelisim","7":"pa_cilt-ciltsiz","8":"pa_tur-kitap","9":"pa_yayinevi-marti-yayinlari","10":"pa_yazar-ilkim-oz","12":"first","13":"instock","14":"sale","15":"shipping-taxable","16":"purchasable","17":"product-type-simple"},"_links":{"self":[{"href":"https:\/\/roveyayinevi.com.tr\/index.php\/wp-json\/wp\/v2\/product\/776151","targetHints":{"allow":["GET"]}}],"collection":[{"href":"https:\/\/roveyayinevi.com.tr\/index.php\/wp-json\/wp\/v2\/product"}],"about":[{"href":"https:\/\/roveyayinevi.com.tr\/index.php\/wp-json\/wp\/v2\/types\/product"}],"wp:attachment":[{"href":"https:\/\/roveyayinevi.com.tr\/index.php\/wp-json\/wp\/v2\/media?parent=776151"}],"wp:term":[{"taxonomy":"product_brand","embeddable":true,"href":"https:\/\/roveyayinevi.com.tr\/index.php\/wp-json\/wp\/v2\/product_brand?post=776151"},{"taxonomy":"product_cat","embeddable":true,"href":"https:\/\/roveyayinevi.com.tr\/index.php\/wp-json\/wp\/v2\/product_cat?post=776151"},{"taxonomy":"product_tag","embeddable":true,"href":"https:\/\/roveyayinevi.com.tr\/index.php\/wp-json\/wp\/v2\/product_tag?post=776151"}],"curies":[{"name":"wp","href":"https:\/\/api.w.org\/{rel}","templated":true}]}}