{"id":776149,"date":"2025-09-20T16:26:36","date_gmt":"2025-09-20T13:26:36","guid":{"rendered":"https:\/\/roveyayinevi.com.tr\/index.php\/urun\/meslegini-kendin-sec-genc-olmak\/"},"modified":"2026-04-13T02:33:52","modified_gmt":"2026-04-12T23:33:52","slug":"meslegini-kendin-sec-genc-olmak","status":"publish","type":"product","link":"https:\/\/roveyayinevi.com.tr\/index.php\/urun\/meslegini-kendin-sec-genc-olmak\/","title":{"rendered":"Mesle\u011fini Kendin Se\u00e7 &#8211; Gen\u00e7 Olmak"},"content":{"rendered":"<p>Gen\u00e7lerden mesaj var! Gen\u00e7 Olmak dizisi ergenlik ve ilk gen\u00e7lik d\u00f6nemlerindeki \u00e7ocu\u011funuzu anlamak, yol g\u00f6stermek ve kendi gen\u00e7li\u011finizi sizlere hat\u0131rlatmak i\u00e7in haz\u0131rlanm\u0131\u015f rehber kitaplard\u0131r.\u201cHayatta ilk yapaca\u011f\u0131m\u0131z\u0131 ensona b\u0131rakmak, bazen de hi\u00e7 yapmamak ne b\u00fcy\u00fck kay\u0131p&#8230;Oysa ilk ama\u00e7 olmal\u0131, kendini tan\u0131mak.\u201dPsikolog, aile terapisti ve yazar \u0130lkim \u00d6z, Mesle\u011fini Kendin Se\u00e7\u2019te hayat\u0131m\u0131z\u0131n en \u00f6nemli kararlar\u0131ndan olan meslek se\u00e7iminde gen\u00e7lere ve ailelere yol g\u00f6steriyor. \u201cBu kitap i\u00e7 d\u00fcnyan\u0131za yapaca\u011f\u0131n\u0131z bir yolculuk ve bu yolculu\u011fun sonunda da kendi kap\u0131n\u0131z\u0131 bulmak i\u00e7in size \u0131\u015f\u0131k tutabilecek bir rehber niteli\u011findedir.\u201d<\/p>\n","protected":false},"excerpt":{"rendered":"<p>Gen\u00e7lerden mesaj var! Gen\u00e7 Olmak dizisi ergenlik ve ilk gen\u00e7lik d\u00f6nemlerindeki \u00e7ocu\u011funuzu anlamak, yol g\u00f6stermek ve kendi gen\u00e7li\u011finizi sizlere hat\u0131rlatmak i\u00e7in haz\u0131rlanm\u0131\u015f rehber kitaplard\u0131r.\u201cHayatta ilk yapaca\u011f\u0131m\u0131z\u0131<span class=\"excerpt-hellip\"> [\u2026]<\/span><\/p>\n","protected":false},"featured_media":0,"template":"","meta":{"_monsterinsights_skip_tracking":false,"_monsterinsights_sitenote_active":false,"_monsterinsights_sitenote_note":"","_monsterinsights_sitenote_category":0},"product_brand":[],"product_cat":[12364,12376],"product_tag":[],"class_list":{"0":"post-776149","1":"product","2":"type-product","3":"status-publish","5":"product_cat-genel-konular","6":"product_cat-kisisel-gelisim","7":"pa_cilt-ciltsiz","8":"pa_tur-kitap","9":"pa_yayinevi-marti-yayinlari","10":"pa_yazar-iklim-oz","12":"first","13":"instock","14":"sale","15":"shipping-taxable","16":"purchasable","17":"product-type-simple"},"_links":{"self":[{"href":"https:\/\/roveyayinevi.com.tr\/index.php\/wp-json\/wp\/v2\/product\/776149","targetHints":{"allow":["GET"]}}],"collection":[{"href":"https:\/\/roveyayinevi.com.tr\/index.php\/wp-json\/wp\/v2\/product"}],"about":[{"href":"https:\/\/roveyayinevi.com.tr\/index.php\/wp-json\/wp\/v2\/types\/product"}],"wp:attachment":[{"href":"https:\/\/roveyayinevi.com.tr\/index.php\/wp-json\/wp\/v2\/media?parent=776149"}],"wp:term":[{"taxonomy":"product_brand","embeddable":true,"href":"https:\/\/roveyayinevi.com.tr\/index.php\/wp-json\/wp\/v2\/product_brand?post=776149"},{"taxonomy":"product_cat","embeddable":true,"href":"https:\/\/roveyayinevi.com.tr\/index.php\/wp-json\/wp\/v2\/product_cat?post=776149"},{"taxonomy":"product_tag","embeddable":true,"href":"https:\/\/roveyayinevi.com.tr\/index.php\/wp-json\/wp\/v2\/product_tag?post=776149"}],"curies":[{"name":"wp","href":"https:\/\/api.w.org\/{rel}","templated":true}]}}