{"id":776148,"date":"2025-09-20T11:27:24","date_gmt":"2025-09-20T08:27:24","guid":{"rendered":"https:\/\/roveyayinevi.com.tr\/index.php\/urun\/selena-gomez\/"},"modified":"2026-04-15T03:42:38","modified_gmt":"2026-04-15T00:42:38","slug":"selena-gomez","status":"publish","type":"product","link":"https:\/\/roveyayinevi.com.tr\/index.php\/urun\/selena-gomez\/","title":{"rendered":"Selena Gomez"},"content":{"rendered":"<p>Bir y\u0131ld\u0131z\u0131n g\u00f6z kama\u015ft\u0131ran \u0131\u015f\u0131\u011f\u0131 de\u011fil, g\u00f6lgelerdeki cesareti anlat\u0131l\u0131yor bu kitapta. Selena Gomez\u2019in sade bir Teksas evinde ba\u015flayan yolculu\u011fu; m\u00fczikle, oyunculukla, m\u00fccadeleyle ve umutla \u00f6r\u00fclm\u00fc\u015f ilham verici bir hik\u00e2yeye d\u00f6n\u00fc\u015ft\u00fc. \u015e\u00f6hretin \u00f6tesinde, kendi kimli\u011fini in\u015fa eden bir gen\u00e7 kad\u0131n\u0131n ger\u00e7ek, dokunakl\u0131 ve g\u00fc\u00e7l\u00fc hik\u00e2yesi&#8230; Bu sayfalarda yaln\u0131zca bir sanat\u00e7\u0131y\u0131 de\u011fil; ya\u015famla dans eden bir insan\u0131 tan\u0131yacaks\u0131n\u0131z.<\/p>\n","protected":false},"excerpt":{"rendered":"<p>Bir y\u0131ld\u0131z\u0131n g\u00f6z kama\u015ft\u0131ran \u0131\u015f\u0131\u011f\u0131 de\u011fil, g\u00f6lgelerdeki cesareti anlat\u0131l\u0131yor bu kitapta. Selena Gomez\u2019in sade bir Teksas evinde ba\u015flayan yolculu\u011fu; m\u00fczikle, oyunculukla, m\u00fccadeleyle ve umutla \u00f6r\u00fclm\u00fc\u015f ilham<span class=\"excerpt-hellip\"> [\u2026]<\/span><\/p>\n","protected":false},"featured_media":0,"template":"","meta":{"_monsterinsights_skip_tracking":false,"_monsterinsights_sitenote_active":false,"_monsterinsights_sitenote_note":"","_monsterinsights_sitenote_category":0},"product_brand":[],"product_cat":[14009,12291],"product_tag":[],"class_list":{"0":"post-776148","1":"product","2":"type-product","3":"status-publish","5":"product_cat-biyografi-otobiyografi-edebiyat","6":"product_cat-edebiyat","7":"pa_cilt-ciltsiz","8":"pa_tur-kitap","9":"pa_yayinevi-saga-kitap","10":"pa_yazar-kerem-tek","12":"first","13":"instock","14":"sale","15":"shipping-taxable","16":"purchasable","17":"product-type-simple"},"_links":{"self":[{"href":"https:\/\/roveyayinevi.com.tr\/index.php\/wp-json\/wp\/v2\/product\/776148","targetHints":{"allow":["GET"]}}],"collection":[{"href":"https:\/\/roveyayinevi.com.tr\/index.php\/wp-json\/wp\/v2\/product"}],"about":[{"href":"https:\/\/roveyayinevi.com.tr\/index.php\/wp-json\/wp\/v2\/types\/product"}],"wp:attachment":[{"href":"https:\/\/roveyayinevi.com.tr\/index.php\/wp-json\/wp\/v2\/media?parent=776148"}],"wp:term":[{"taxonomy":"product_brand","embeddable":true,"href":"https:\/\/roveyayinevi.com.tr\/index.php\/wp-json\/wp\/v2\/product_brand?post=776148"},{"taxonomy":"product_cat","embeddable":true,"href":"https:\/\/roveyayinevi.com.tr\/index.php\/wp-json\/wp\/v2\/product_cat?post=776148"},{"taxonomy":"product_tag","embeddable":true,"href":"https:\/\/roveyayinevi.com.tr\/index.php\/wp-json\/wp\/v2\/product_tag?post=776148"}],"curies":[{"name":"wp","href":"https:\/\/api.w.org\/{rel}","templated":true}]}}