{"id":776146,"date":"2025-09-20T11:27:20","date_gmt":"2025-09-20T08:27:20","guid":{"rendered":"https:\/\/roveyayinevi.com.tr\/index.php\/urun\/lil-nas-x\/"},"modified":"2026-04-15T03:42:38","modified_gmt":"2026-04-15T00:42:38","slug":"lil-nas-x","status":"publish","type":"product","link":"https:\/\/roveyayinevi.com.tr\/index.php\/urun\/lil-nas-x\/","title":{"rendered":"Lil Nas X"},"content":{"rendered":"<p>Bir bilgisayar ba\u015f\u0131nda hayal kuran bir gen\u00e7ten, d\u00fcnyan\u0131n en \u00e7ok konu\u015fulan sanat\u00e7\u0131lar\u0131ndan birine d\u00f6n\u00fc\u015fen bir hik\u00e2ye&#8230; Lil Nas X, m\u00fczikte s\u0131n\u0131r tan\u0131mayan, dijital \u00e7a\u011f\u0131n ruhunu yakalayan ve kendi sesini bulmaktan korkmayan gen\u00e7 bir sanat\u00e7\u0131.Bu kitap, onun \u00e7ocuklu\u011fundan sahne \u0131\u015f\u0131klar\u0131na uzanan yolculu\u011funu; m\u00fczikle, yarat\u0131c\u0131l\u0131kla ve kararl\u0131l\u0131kla \u00f6r\u00fclm\u00fc\u015f bir ba\u015far\u0131 \u00f6yk\u00fcs\u00fcn\u00fc anlat\u0131yor. Gen\u00e7 okuyucular i\u00e7in sade bir dille kaleme al\u0131nm\u0131\u015f bu biyografi, hayallerin hangi ko\u015fullarda olursa olsun ger\u00e7e\u011fe d\u00f6n\u00fc\u015febilece\u011fini g\u00f6steren bir ilham kayna\u011f\u0131. <\/p>\n","protected":false},"excerpt":{"rendered":"<p>Bir bilgisayar ba\u015f\u0131nda hayal kuran bir gen\u00e7ten, d\u00fcnyan\u0131n en \u00e7ok konu\u015fulan sanat\u00e7\u0131lar\u0131ndan birine d\u00f6n\u00fc\u015fen bir hik\u00e2ye&#8230; Lil Nas X, m\u00fczikte s\u0131n\u0131r tan\u0131mayan, dijital \u00e7a\u011f\u0131n ruhunu yakalayan<span class=\"excerpt-hellip\"> [\u2026]<\/span><\/p>\n","protected":false},"featured_media":0,"template":"","meta":{"_monsterinsights_skip_tracking":false,"_monsterinsights_sitenote_active":false,"_monsterinsights_sitenote_note":"","_monsterinsights_sitenote_category":0},"product_brand":[],"product_cat":[14009,12291],"product_tag":[],"class_list":{"0":"post-776146","1":"product","2":"type-product","3":"status-publish","5":"product_cat-biyografi-otobiyografi-edebiyat","6":"product_cat-edebiyat","7":"pa_cilt-ciltsiz","8":"pa_tur-kitap","9":"pa_yayinevi-saga-kitap","10":"pa_yazar-kerem-tek","12":"first","13":"instock","14":"sale","15":"shipping-taxable","16":"purchasable","17":"product-type-simple"},"_links":{"self":[{"href":"https:\/\/roveyayinevi.com.tr\/index.php\/wp-json\/wp\/v2\/product\/776146","targetHints":{"allow":["GET"]}}],"collection":[{"href":"https:\/\/roveyayinevi.com.tr\/index.php\/wp-json\/wp\/v2\/product"}],"about":[{"href":"https:\/\/roveyayinevi.com.tr\/index.php\/wp-json\/wp\/v2\/types\/product"}],"wp:attachment":[{"href":"https:\/\/roveyayinevi.com.tr\/index.php\/wp-json\/wp\/v2\/media?parent=776146"}],"wp:term":[{"taxonomy":"product_brand","embeddable":true,"href":"https:\/\/roveyayinevi.com.tr\/index.php\/wp-json\/wp\/v2\/product_brand?post=776146"},{"taxonomy":"product_cat","embeddable":true,"href":"https:\/\/roveyayinevi.com.tr\/index.php\/wp-json\/wp\/v2\/product_cat?post=776146"},{"taxonomy":"product_tag","embeddable":true,"href":"https:\/\/roveyayinevi.com.tr\/index.php\/wp-json\/wp\/v2\/product_tag?post=776146"}],"curies":[{"name":"wp","href":"https:\/\/api.w.org\/{rel}","templated":true}]}}