{"id":776141,"date":"2025-09-20T11:27:11","date_gmt":"2025-09-20T08:27:11","guid":{"rendered":"https:\/\/roveyayinevi.com.tr\/index.php\/urun\/charli-damelio\/"},"modified":"2026-04-15T03:42:37","modified_gmt":"2026-04-15T00:42:37","slug":"charli-damelio","status":"publish","type":"product","link":"https:\/\/roveyayinevi.com.tr\/index.php\/urun\/charli-damelio\/","title":{"rendered":"Charli D\u2019Amelio"},"content":{"rendered":"<p>Charli D\u2019Amelio: Sessiz G\u00fcc\u00fcn Y\u00fckseli\u015fi Bir odada ba\u015flayan dans, milyonlar\u0131n ekran\u0131na ta\u015f\u0131nd\u0131. Charli D\u2019Amelio\u2019nun hik\u00e2yesi, dijital \u00e7a\u011f\u0131n g\u00f6r\u00fcnmeyen disiplinini, sade kalman\u0131n g\u00fcc\u00fcn\u00fc ve gen\u00e7 bir insan\u0131n kendi kimli\u011finden \u00f6d\u00fcn vermeden nas\u0131l ikonla\u015fabilece\u011fini anlat\u0131yor. Bu kitap, yaln\u0131zca bir fenomeni de\u011fil; sessizli\u011fin, sadeli\u011fin ve samimiyetin nas\u0131l bir etkiye d\u00f6n\u00fc\u015febilece\u011fini g\u00f6steren ger\u00e7ek bir ya\u015fam \u00f6yk\u00fcs\u00fcd\u00fcr. Gen\u00e7ler, i\u00e7erik \u00fcreticileri ve dijital d\u00fcnyaya merak duyan herkes i\u00e7in ilham verici bir portre.<\/p>\n","protected":false},"excerpt":{"rendered":"<p>Charli D\u2019Amelio: Sessiz G\u00fcc\u00fcn Y\u00fckseli\u015fi Bir odada ba\u015flayan dans, milyonlar\u0131n ekran\u0131na ta\u015f\u0131nd\u0131. Charli D\u2019Amelio\u2019nun hik\u00e2yesi, dijital \u00e7a\u011f\u0131n g\u00f6r\u00fcnmeyen disiplinini, sade kalman\u0131n g\u00fcc\u00fcn\u00fc ve gen\u00e7 bir insan\u0131n<span class=\"excerpt-hellip\"> [\u2026]<\/span><\/p>\n","protected":false},"featured_media":0,"template":"","meta":{"_monsterinsights_skip_tracking":false,"_monsterinsights_sitenote_active":false,"_monsterinsights_sitenote_note":"","_monsterinsights_sitenote_category":0},"product_brand":[],"product_cat":[12291,18202],"product_tag":[],"class_list":{"0":"post-776141","1":"product","2":"type-product","3":"status-publish","5":"product_cat-edebiyat","6":"product_cat-hikaye","7":"pa_cilt-ciltsiz","8":"pa_tur-kitap","9":"pa_yayinevi-saga-kitap","10":"pa_yazar-kerem-tek","12":"first","13":"instock","14":"sale","15":"shipping-taxable","16":"purchasable","17":"product-type-simple"},"_links":{"self":[{"href":"https:\/\/roveyayinevi.com.tr\/index.php\/wp-json\/wp\/v2\/product\/776141","targetHints":{"allow":["GET"]}}],"collection":[{"href":"https:\/\/roveyayinevi.com.tr\/index.php\/wp-json\/wp\/v2\/product"}],"about":[{"href":"https:\/\/roveyayinevi.com.tr\/index.php\/wp-json\/wp\/v2\/types\/product"}],"wp:attachment":[{"href":"https:\/\/roveyayinevi.com.tr\/index.php\/wp-json\/wp\/v2\/media?parent=776141"}],"wp:term":[{"taxonomy":"product_brand","embeddable":true,"href":"https:\/\/roveyayinevi.com.tr\/index.php\/wp-json\/wp\/v2\/product_brand?post=776141"},{"taxonomy":"product_cat","embeddable":true,"href":"https:\/\/roveyayinevi.com.tr\/index.php\/wp-json\/wp\/v2\/product_cat?post=776141"},{"taxonomy":"product_tag","embeddable":true,"href":"https:\/\/roveyayinevi.com.tr\/index.php\/wp-json\/wp\/v2\/product_tag?post=776141"}],"curies":[{"name":"wp","href":"https:\/\/api.w.org\/{rel}","templated":true}]}}