{"id":776140,"date":"2025-09-20T11:27:08","date_gmt":"2025-09-20T08:27:08","guid":{"rendered":"https:\/\/roveyayinevi.com.tr\/index.php\/urun\/billie-eilish\/"},"modified":"2026-04-15T03:42:37","modified_gmt":"2026-04-15T00:42:37","slug":"billie-eilish","status":"publish","type":"product","link":"https:\/\/roveyayinevi.com.tr\/index.php\/urun\/billie-eilish\/","title":{"rendered":"Billie Eilish"},"content":{"rendered":"<p>Billie Eilish, sadece bir \u015fark\u0131c\u0131 de\u011fil; bir \u00e7a\u011f\u0131n sesi, bir duygunun f\u0131s\u0131lt\u0131s\u0131, bir ku\u015fa\u011f\u0131n aynas\u0131. Los Angeles\u2019ta sessiz bir evde ba\u015flayan yolculu\u011fu, d\u00fcnya sahnelerinde yank\u0131lanan bir kimlik m\u00fccadelesine d\u00f6n\u00fc\u015ft\u00fc. Bu kitap, onun \u00e7ocukluk an\u0131lar\u0131ndan k\u00fcresel zirveye uzanan yolunu, \u00f6d\u00fcllerle parlayan ama zaman zaman yaln\u0131zl\u0131kla g\u00f6lgelenen ger\u00e7ek hayat\u0131n\u0131 anlat\u0131yor. \u015e\u00f6hretin \u0131\u015f\u0131klar\u0131 alt\u0131nda k\u0131r\u0131lgan bir ruh, s\u0131radan g\u00f6r\u00fcnen bir k\u0131z \u00e7ocu\u011funun ola\u011fan\u00fcst\u00fc d\u00f6n\u00fc\u015f\u00fcm hik\u00e2yesi\u2026 Billie Eilish&#8217;in i\u00e7 d\u00fcnyas\u0131na, yarat\u0131c\u0131 dehas\u0131na ve sessiz devrimine yak\u0131ndan bakmaya haz\u0131r olun. Bu onun hik\u00e2yesi. Ve belki de biraz seninki.<\/p>\n","protected":false},"excerpt":{"rendered":"<p>Billie Eilish, sadece bir \u015fark\u0131c\u0131 de\u011fil; bir \u00e7a\u011f\u0131n sesi, bir duygunun f\u0131s\u0131lt\u0131s\u0131, bir ku\u015fa\u011f\u0131n aynas\u0131. Los Angeles\u2019ta sessiz bir evde ba\u015flayan yolculu\u011fu, d\u00fcnya sahnelerinde yank\u0131lanan bir<span class=\"excerpt-hellip\"> [\u2026]<\/span><\/p>\n","protected":false},"featured_media":0,"template":"","meta":{"_monsterinsights_skip_tracking":false,"_monsterinsights_sitenote_active":false,"_monsterinsights_sitenote_note":"","_monsterinsights_sitenote_category":0},"product_brand":[],"product_cat":[14009,12291],"product_tag":[],"class_list":{"0":"post-776140","1":"product","2":"type-product","3":"status-publish","5":"product_cat-biyografi-otobiyografi-edebiyat","6":"product_cat-edebiyat","7":"pa_cilt-ciltsiz","8":"pa_tur-kitap","9":"pa_yayinevi-saga-kitap","10":"pa_yazar-kerem-tek","12":"first","13":"instock","14":"sale","15":"shipping-taxable","16":"purchasable","17":"product-type-simple"},"_links":{"self":[{"href":"https:\/\/roveyayinevi.com.tr\/index.php\/wp-json\/wp\/v2\/product\/776140","targetHints":{"allow":["GET"]}}],"collection":[{"href":"https:\/\/roveyayinevi.com.tr\/index.php\/wp-json\/wp\/v2\/product"}],"about":[{"href":"https:\/\/roveyayinevi.com.tr\/index.php\/wp-json\/wp\/v2\/types\/product"}],"wp:attachment":[{"href":"https:\/\/roveyayinevi.com.tr\/index.php\/wp-json\/wp\/v2\/media?parent=776140"}],"wp:term":[{"taxonomy":"product_brand","embeddable":true,"href":"https:\/\/roveyayinevi.com.tr\/index.php\/wp-json\/wp\/v2\/product_brand?post=776140"},{"taxonomy":"product_cat","embeddable":true,"href":"https:\/\/roveyayinevi.com.tr\/index.php\/wp-json\/wp\/v2\/product_cat?post=776140"},{"taxonomy":"product_tag","embeddable":true,"href":"https:\/\/roveyayinevi.com.tr\/index.php\/wp-json\/wp\/v2\/product_tag?post=776140"}],"curies":[{"name":"wp","href":"https:\/\/api.w.org\/{rel}","templated":true}]}}