{"id":776139,"date":"2025-09-20T11:27:06","date_gmt":"2025-09-20T08:27:06","guid":{"rendered":"https:\/\/roveyayinevi.com.tr\/index.php\/urun\/metaforlarla-iyilestirici-masallar\/"},"modified":"2026-04-15T03:42:37","modified_gmt":"2026-04-15T00:42:37","slug":"metaforlarla-iyilestirici-masallar","status":"publish","type":"product","link":"https:\/\/roveyayinevi.com.tr\/index.php\/urun\/metaforlarla-iyilestirici-masallar\/","title":{"rendered":"Metaforlarla \u0130yile\u015ftirici Masallar"},"content":{"rendered":"<p>\u00c7ocuklara psikolojik destek ama\u00e7l\u0131 masallar\u0131n yer ald\u0131\u011f\u0131 kitap, bilgilendirici notlar\u0131 ve e\u011flenceli etkinlikleriyle tam bir rehber niteli\u011finde\u2026 \u00d6fke, alt \u0131slatma, karde\u015f k\u0131skan\u00e7l\u0131\u011f\u0131, sosyal \u00e7ekingenlik gibi \u00e7ocukluk d\u00f6nemi sorunlar\u0131n\u0131 hedef alan masallar, \u00e7ocuklar\u0131n duygular\u0131n\u0131 ke\u015ffetmelerine, zorluklarla ba\u015fa \u00e7\u0131kmalar\u0131na ve kendilerini ifade etmelerine yard\u0131mc\u0131 oluyor. Hayal g\u00fcc\u00fcyle \u00f6r\u00fcl\u00fc her hik\u00e2ye, minik kalplere dokunuyor; onlar\u0131 ne\u015feli, renkli ve iyile\u015ftirici bir yolculu\u011fa \u00e7\u0131kar\u0131yor. Ebeveynlerin, \u00f6\u011fretmenlerin ve \u00e7ocuklarla \u00e7al\u0131\u015fan herkesin yararlanabilece\u011fi bu \u00f6zel kitap, hem \u00e7ocuklara hem de i\u00e7imizdeki \u00e7ocu\u011fa iyi gelecek. <\/p>\n","protected":false},"excerpt":{"rendered":"<p>\u00c7ocuklara psikolojik destek ama\u00e7l\u0131 masallar\u0131n yer ald\u0131\u011f\u0131 kitap, bilgilendirici notlar\u0131 ve e\u011flenceli etkinlikleriyle tam bir rehber niteli\u011finde\u2026 \u00d6fke, alt \u0131slatma, karde\u015f k\u0131skan\u00e7l\u0131\u011f\u0131, sosyal \u00e7ekingenlik gibi \u00e7ocukluk<span class=\"excerpt-hellip\"> [\u2026]<\/span><\/p>\n","protected":false},"featured_media":0,"template":"","meta":{"_monsterinsights_skip_tracking":false,"_monsterinsights_sitenote_active":false,"_monsterinsights_sitenote_note":"","_monsterinsights_sitenote_category":0},"product_brand":[],"product_cat":[12679,12357],"product_tag":[],"class_list":{"0":"post-776139","1":"product","2":"type-product","3":"status-publish","5":"product_cat-cocuk-psikolojisi","6":"product_cat-psikoloji","7":"pa_cilt-ciltsiz","8":"pa_tur-kitap","9":"pa_yayinevi-caglayan-kitap","10":"pa_yazar-esra-tunc-samsa","12":"first","13":"instock","14":"sale","15":"shipping-taxable","16":"purchasable","17":"product-type-simple"},"_links":{"self":[{"href":"https:\/\/roveyayinevi.com.tr\/index.php\/wp-json\/wp\/v2\/product\/776139","targetHints":{"allow":["GET"]}}],"collection":[{"href":"https:\/\/roveyayinevi.com.tr\/index.php\/wp-json\/wp\/v2\/product"}],"about":[{"href":"https:\/\/roveyayinevi.com.tr\/index.php\/wp-json\/wp\/v2\/types\/product"}],"wp:attachment":[{"href":"https:\/\/roveyayinevi.com.tr\/index.php\/wp-json\/wp\/v2\/media?parent=776139"}],"wp:term":[{"taxonomy":"product_brand","embeddable":true,"href":"https:\/\/roveyayinevi.com.tr\/index.php\/wp-json\/wp\/v2\/product_brand?post=776139"},{"taxonomy":"product_cat","embeddable":true,"href":"https:\/\/roveyayinevi.com.tr\/index.php\/wp-json\/wp\/v2\/product_cat?post=776139"},{"taxonomy":"product_tag","embeddable":true,"href":"https:\/\/roveyayinevi.com.tr\/index.php\/wp-json\/wp\/v2\/product_tag?post=776139"}],"curies":[{"name":"wp","href":"https:\/\/api.w.org\/{rel}","templated":true}]}}