{"id":776138,"date":"2025-09-20T11:27:04","date_gmt":"2025-09-20T08:27:04","guid":{"rendered":"https:\/\/roveyayinevi.com.tr\/index.php\/urun\/bir-psikologun-sukur-guncesi\/"},"modified":"2026-04-15T03:42:37","modified_gmt":"2026-04-15T00:42:37","slug":"bir-psikologun-sukur-guncesi","status":"publish","type":"product","link":"https:\/\/roveyayinevi.com.tr\/index.php\/urun\/bir-psikologun-sukur-guncesi\/","title":{"rendered":"Bir Psikolo\u011fun \u015e\u00fck\u00fcr G\u00fcncesi"},"content":{"rendered":"<p>Psikoloji bilimi, kalbin sesiyle bulu\u015fuyor\u2026 Yap\u0131lan ara\u015ft\u0131rmalar d\u00fczenli \u015f\u00fckretmenin umut duygusunu art\u0131rd\u0131\u011f\u0131n\u0131, kayg\u0131y\u0131 azaltt\u0131\u011f\u0131n\u0131 ve olumsuz duygular\u0131 d\u00f6n\u00fc\u015ft\u00fcrd\u00fc\u011f\u00fcn\u00fc g\u00f6steriyor. Bir Psikolo\u011fun \u015e\u00fck\u00fcr G\u00fcncesi ise bu bilimsel bilgiyi ya\u015fanm\u0131\u015fl\u0131kla birle\u015ftiriyor. Bu kitap, bir uzman\u0131n hem psikolojik g\u00f6zlemleri hem de kendi i\u00e7sel yolculu\u011fu ile \u015fekillenmi\u015f, \u015f\u00fckretmenin g\u00fcc\u00fcn\u00fc anlatan samimi sat\u0131rlardan olu\u015fuyor. Kitap, \u015f\u00fckretmenin sadece bir duygu olmad\u0131\u011f\u0131n\u0131, ayn\u0131 zamanda hayat\u0131 de\u011fi\u015ftiren g\u00fc\u00e7l\u00fc bir bak\u0131\u015f a\u00e7\u0131s\u0131 oldu\u011funu hat\u0131rlat\u0131rken, okura kendi \u015f\u00fck\u00fcr yolculu\u011funa ba\u015flamak i\u00e7in bir davet sunuyor. Kitab\u0131n sayfalar\u0131 kapan\u0131rken asl\u0131nda yeni bir sayfa a\u00e7\u0131l\u0131yor: Sizin \u015f\u00fck\u00fcr g\u00fcnceniz&#8230; Unutmay\u0131n, hayat\u0131n tela\u015f\u0131 i\u00e7inde ka\u00e7\u0131rd\u0131\u011f\u0131m\u0131z k\u00fc\u00e7\u00fck ayr\u0131nt\u0131lar, asl\u0131nda bize verilmi\u015f en g\u00fczel arma\u011fanlard\u0131r: Bir nefesin ferahl\u0131\u011f\u0131, sabah\u0131n serinli\u011fi, bir bebe\u011fin g\u00fcl\u00fcmsemesi&#8230; Haydi, \u015fimdi s\u0131ra sizde\u2026 \u015e\u00fckr\u00fcn g\u00fcc\u00fcyle hayat\u0131n\u0131za yeni bir anlam katmaya haz\u0131r m\u0131s\u0131n\u0131z? <\/p>\n","protected":false},"excerpt":{"rendered":"<p>Psikoloji bilimi, kalbin sesiyle bulu\u015fuyor\u2026 Yap\u0131lan ara\u015ft\u0131rmalar d\u00fczenli \u015f\u00fckretmenin umut duygusunu art\u0131rd\u0131\u011f\u0131n\u0131, kayg\u0131y\u0131 azaltt\u0131\u011f\u0131n\u0131 ve olumsuz duygular\u0131 d\u00f6n\u00fc\u015ft\u00fcrd\u00fc\u011f\u00fcn\u00fc g\u00f6steriyor. Bir Psikolo\u011fun \u015e\u00fck\u00fcr G\u00fcncesi ise bu bilimsel<span class=\"excerpt-hellip\"> [\u2026]<\/span><\/p>\n","protected":false},"featured_media":0,"template":"","meta":{"_monsterinsights_skip_tracking":false,"_monsterinsights_sitenote_active":false,"_monsterinsights_sitenote_note":"","_monsterinsights_sitenote_category":0},"product_brand":[],"product_cat":[141304],"product_tag":[],"class_list":{"0":"post-776138","1":"product","2":"type-product","3":"status-publish","5":"product_cat-yeni-cikanlar","6":"pa_cilt-ciltsiz","7":"pa_tur-kitap","8":"pa_yayinevi-caglayan-kitap","9":"pa_yazar-nurefsan-yilmaz","11":"first","12":"instock","13":"sale","14":"shipping-taxable","15":"purchasable","16":"product-type-simple"},"_links":{"self":[{"href":"https:\/\/roveyayinevi.com.tr\/index.php\/wp-json\/wp\/v2\/product\/776138","targetHints":{"allow":["GET"]}}],"collection":[{"href":"https:\/\/roveyayinevi.com.tr\/index.php\/wp-json\/wp\/v2\/product"}],"about":[{"href":"https:\/\/roveyayinevi.com.tr\/index.php\/wp-json\/wp\/v2\/types\/product"}],"wp:attachment":[{"href":"https:\/\/roveyayinevi.com.tr\/index.php\/wp-json\/wp\/v2\/media?parent=776138"}],"wp:term":[{"taxonomy":"product_brand","embeddable":true,"href":"https:\/\/roveyayinevi.com.tr\/index.php\/wp-json\/wp\/v2\/product_brand?post=776138"},{"taxonomy":"product_cat","embeddable":true,"href":"https:\/\/roveyayinevi.com.tr\/index.php\/wp-json\/wp\/v2\/product_cat?post=776138"},{"taxonomy":"product_tag","embeddable":true,"href":"https:\/\/roveyayinevi.com.tr\/index.php\/wp-json\/wp\/v2\/product_tag?post=776138"}],"curies":[{"name":"wp","href":"https:\/\/api.w.org\/{rel}","templated":true}]}}