{"id":776137,"date":"2025-09-20T11:26:56","date_gmt":"2025-09-20T08:26:56","guid":{"rendered":"https:\/\/roveyayinevi.com.tr\/index.php\/urun\/tanrinin-antropolojisi\/"},"modified":"2026-04-15T03:42:35","modified_gmt":"2026-04-15T00:42:35","slug":"tanrinin-antropolojisi","status":"publish","type":"product","link":"https:\/\/roveyayinevi.com.tr\/index.php\/urun\/tanrinin-antropolojisi\/","title":{"rendered":"Tanr\u0131\u2019n\u0131n Antropolojisi"},"content":{"rendered":"<p>Do\u011fru ya\u015famak herkesin idealidir; \u00e7\u00fcnk\u00fc bu, her \u015feyden \u00f6nce vicdan\u0131m\u0131za ve toplumumuza kar\u015f\u0131 kendinizi savunabilmemizi, toplum i\u00e7indeki yerimizi korumam\u0131z\u0131 ve olanak buldu\u011fumuz \u00f6l\u00e7\u00fcde geli\u015ftirebilmemizi sa\u011flar. Peki, do\u011fru ya\u015fam\u0131n ne oldu\u011funu en iyi kim bilebilir? Tabii ki de her \u015feyi bilgisiyle ku\u015fatan a\u015fk\u0131n ve sonsuz, y\u00fcce Tanr\u0131. \u00d6yleyse Tanr\u0131\u2019n\u0131n nas\u0131l ya\u015famam\u0131z gerekti\u011fi konusundaki bilgisine eri\u015febilirsek bizden daha \u015fansl\u0131 kimse olamaz de\u011fil mi? \u0130nsanlar\u0131n do\u011fru ya\u015fam\u0131 Tanr\u0131\u2019dan almalar\u0131 ya da Tanr\u0131\u2019dan alma arzular\u0131 \u00e7ok eskilere gider. \u0130stanbul Arkeoloji M\u00fczelerinde bir S\u00fcmer kral\u0131n\u0131 kanun kitab\u0131n\u0131 Tanr\u0131\u2019dan al\u0131rken betimleyen bir kabartma var. Dinler tarihi kitaplar\u0131 da benzer \u00f6rneklerle duludur.  Soru \u015fudur; Tanr\u0131\u2019dan do\u011fru ya\u015fam\u0131n kurallar\u0131n\u0131 alsak ve istedi\u011fimiz her \u015feyi yapacak g\u00fcc\u00fcm\u00fcz olsa do\u011fru ya\u015fam\u0131 ger\u00e7ekle\u015ftirebilir ve iyi bir insan olabilir miyiz? Gazali, \u201cbu d\u00fcnyan\u0131n olas\u0131 d\u00fcnyalar\u0131n en iyisi oldu\u011funu\u201d temellendirdi\u011fi \u015fiirinde \u00f6zetle; Tanr\u0131, insanlara hayal edilebilecek her t\u00fcrl\u00fc bilgiyi ve g\u00fcc\u00fc verse, insanlar bu g\u00fc\u00e7 ve bilgiyle birbirleriyle yard\u0131mla\u015fsalar bile d\u00fcnyan\u0131n d\u00fczeninde, evrenin yap\u0131s\u0131nda sivrisine\u011fin kanad\u0131 kadar de\u011fi\u015fiklik yapmazlar, tek bir k\u00f6t\u00fcl\u00fc\u011f\u00fc bile de\u011fi\u015ftirmezlerdi, der. Gazali asl\u0131nda \u015f\u00f6yle demek ister: \u0130nsanlar\u0131n hepsi Tanr\u0131 olsayd\u0131 ve hepsi birbiriyle yard\u0131mla\u015fsayd\u0131 bile d\u00fcnyan\u0131n ve toplumlar\u0131n d\u00fczeninde hi\u00e7bir de\u011fi\u015fikli\u011fe gitmezlerdi. Bunun nedeni de a\u00e7\u0131kt\u0131r; Tanr\u0131\u2019n\u0131n elinden \u00e7\u0131kan her \u015fey daha iyisi yap\u0131lamayacak d\u00fczeyde m\u00fckemmeldir. \u00d6yleyse do\u011fru ya\u015fam\u0131n bilgisini Tanr\u0131\u2019dan almak ve bunu ger\u00e7ekle\u015ftirecek g\u00fcc\u00fc olmak bile ahlakl\u0131 ya\u015fam\u0131n garantisi de\u011fildir. Herakleitos\u2019un dedi\u011fi gibi \u201cTanr\u0131 i\u00e7in her \u015fey iyi, g\u00fczel ve hak\u00e7ad\u0131r\u201d ama neden insan\u0131n yapt\u0131\u011f\u0131 her \u015fey iyi g\u00fczel ve hak\u00e7a de\u011fildir? <\/p>\n","protected":false},"excerpt":{"rendered":"<p>Do\u011fru ya\u015famak herkesin idealidir; \u00e7\u00fcnk\u00fc bu, her \u015feyden \u00f6nce vicdan\u0131m\u0131za ve toplumumuza kar\u015f\u0131 kendinizi savunabilmemizi, toplum i\u00e7indeki yerimizi korumam\u0131z\u0131 ve olanak buldu\u011fumuz \u00f6l\u00e7\u00fcde geli\u015ftirebilmemizi sa\u011flar. Peki,<span class=\"excerpt-hellip\"> [\u2026]<\/span><\/p>\n","protected":false},"featured_media":0,"template":"","meta":{"_monsterinsights_skip_tracking":false,"_monsterinsights_sitenote_active":false,"_monsterinsights_sitenote_note":"","_monsterinsights_sitenote_category":0},"product_brand":[],"product_cat":[19998,12388],"product_tag":[],"class_list":{"0":"post-776137","1":"product","2":"type-product","3":"status-publish","5":"product_cat-din-felsefesi","6":"product_cat-felsefe","7":"pa_cilt-ciltsiz","8":"pa_tur-kitap","9":"pa_yayinevi-myrina-yayinlari","10":"pa_yazar-mehmet-caliskan","12":"first","13":"instock","14":"sale","15":"shipping-taxable","16":"purchasable","17":"product-type-simple"},"_links":{"self":[{"href":"https:\/\/roveyayinevi.com.tr\/index.php\/wp-json\/wp\/v2\/product\/776137","targetHints":{"allow":["GET"]}}],"collection":[{"href":"https:\/\/roveyayinevi.com.tr\/index.php\/wp-json\/wp\/v2\/product"}],"about":[{"href":"https:\/\/roveyayinevi.com.tr\/index.php\/wp-json\/wp\/v2\/types\/product"}],"wp:attachment":[{"href":"https:\/\/roveyayinevi.com.tr\/index.php\/wp-json\/wp\/v2\/media?parent=776137"}],"wp:term":[{"taxonomy":"product_brand","embeddable":true,"href":"https:\/\/roveyayinevi.com.tr\/index.php\/wp-json\/wp\/v2\/product_brand?post=776137"},{"taxonomy":"product_cat","embeddable":true,"href":"https:\/\/roveyayinevi.com.tr\/index.php\/wp-json\/wp\/v2\/product_cat?post=776137"},{"taxonomy":"product_tag","embeddable":true,"href":"https:\/\/roveyayinevi.com.tr\/index.php\/wp-json\/wp\/v2\/product_tag?post=776137"}],"curies":[{"name":"wp","href":"https:\/\/api.w.org\/{rel}","templated":true}]}}