{"id":776135,"date":"2025-09-20T11:16:49","date_gmt":"2025-09-20T08:16:49","guid":{"rendered":"https:\/\/roveyayinevi.com.tr\/index.php\/urun\/aslinda-cok-zeki-ozel-ogrenme-guclugu-disleksi-disgrafi-diskalkuli\/"},"modified":"2026-04-15T03:39:25","modified_gmt":"2026-04-15T00:39:25","slug":"aslinda-cok-zeki-ozel-ogrenme-guclugu-disleksi-disgrafi-diskalkuli","status":"publish","type":"product","link":"https:\/\/roveyayinevi.com.tr\/index.php\/urun\/aslinda-cok-zeki-ozel-ogrenme-guclugu-disleksi-disgrafi-diskalkuli\/","title":{"rendered":"Asl\u0131nda \u00c7ok Zeki\u2026 \u00d6zel \u00d6\u011frenme G\u00fc\u00e7l\u00fc\u011f\u00fc &#8220;disleksi disgrafi diskalkuli&#8221;"},"content":{"rendered":"<p>\u00c7ocukluk \u00e7a\u011f\u0131nda g\u00f6r\u00fclebilen otizm ya da erken geli\u015fimsel dil bozukluklar\u0131 gibi sorunlar zamanla daha iyiye gitse bile \u00f6zellikle okul d\u00f6neminde akademik alanda \u00e7e\u015fitli sorunlar kar\u015f\u0131m\u0131za \u00e7\u0131kmaktad\u0131r. \u00d6zel \u00f6\u011frenme g\u00fc\u00e7l\u00fc\u011f\u00fc bunlardan ba\u015fl\u0131cas\u0131 olup hen\u00fcz yeterli ilgiyi g\u00f6rmemi\u015ftir. Bu sorunlar yaln\u0131zca harfleri kar\u0131\u015ft\u0131rmak ya da \u00e7ocu\u011fun okumas\u0131n\u0131n gecikmesinden ibaret de\u011fildir. Bu alan, n\u00f6rolojik temelli ve bireysel farkl\u0131l\u0131klarla \u015fekillenen karma\u015f\u0131k bir \u00f6\u011frenme yolculu\u011funu temsil eder. Yayg\u0131n olarak bu sorunlar disleksi ba\u015fl\u0131\u011f\u0131 alt\u0131nda incelenir ama \u00e7ok daha geni\u015f kapsaml\u0131 bir sorun olup bireyin gelece\u011fini \u00e7ok etkilemektedir. S\u0131kl\u0131kla dikkat eksikli\u011fi ve hiperaktivite sendromu ile i\u00e7 i\u00e7e olup birbirini negatif etkilemektedir. \u00d6zel \u00f6\u011frenme g\u00fc\u00e7l\u00fc\u011f\u00fc ile ilgili kaynaklar\u0131n s\u0131n\u0131rl\u0131 olu\u015fu ve yap\u0131lan \u00e7al\u0131\u015fmalar\u0131n \u00e7o\u011funlukla akademik eksende kalmas\u0131, toplumun anlayabilece\u011fi yal\u0131n ama derinlikli kaynaklara olan ihtiyac\u0131 art\u0131rmaktad\u0131r.   \u00d6\u011frenme g\u00fc\u00e7l\u00fckleri konusunda yetkin, ba\u015far\u0131l\u0131 bir uzman\u0131n haz\u0131rlad\u0131\u011f\u0131 bu kitab\u0131n, s\u00f6z konusu bo\u015flu\u011fu bilin\u00e7li bir katk\u0131 sunma gayretiyle dolduraca\u011f\u0131na inan\u0131yorum. Daha fazla say\u0131da \u00fcr\u00fcn verilmesinin yolunu a\u00e7mas\u0131n\u0131 diliyorum. Sahada uzun y\u0131llar \u00e7al\u0131\u015fm\u0131\u015f bir \u00f6zel e\u011fitim uzman\u0131n\u0131n g\u00f6zlemlerini, bilimsel verilerle harmanlayarak sundu\u011fu bu eser; ailelere, \u00f6\u011fretmenlere, sa\u011fl\u0131k \u00e7al\u0131\u015fanlar\u0131na ve \u00f6zel e\u011fitim politikalar\u0131n\u0131n geli\u015ftirilmesinde s\u00f6z sahibi olan kurum ve ki\u015filere, sistemin g\u00fc\u00e7l\u00fc ve zay\u0131f yanlar\u0131n\u0131 birinci elden g\u00f6rme f\u0131rsat\u0131 sunacakt\u0131r.<\/p>\n","protected":false},"excerpt":{"rendered":"<p>\u00c7ocukluk \u00e7a\u011f\u0131nda g\u00f6r\u00fclebilen otizm ya da erken geli\u015fimsel dil bozukluklar\u0131 gibi sorunlar zamanla daha iyiye gitse bile \u00f6zellikle okul d\u00f6neminde akademik alanda \u00e7e\u015fitli sorunlar kar\u015f\u0131m\u0131za \u00e7\u0131kmaktad\u0131r.<span class=\"excerpt-hellip\"> [\u2026]<\/span><\/p>\n","protected":false},"featured_media":0,"template":"","meta":{"_monsterinsights_skip_tracking":false,"_monsterinsights_sitenote_active":false,"_monsterinsights_sitenote_note":"","_monsterinsights_sitenote_category":0},"product_brand":[],"product_cat":[12573,12566],"product_tag":[],"class_list":{"0":"post-776135","1":"product","2":"type-product","3":"status-publish","5":"product_cat-akademik-kitaplar","6":"product_cat-egitim","7":"pa_cilt-ciltsiz","8":"pa_tur-kitap","9":"pa_yayinevi-egiten-kitap","10":"pa_yazar-birol-demir","12":"first","13":"instock","14":"sale","15":"shipping-taxable","16":"purchasable","17":"product-type-simple"},"_links":{"self":[{"href":"https:\/\/roveyayinevi.com.tr\/index.php\/wp-json\/wp\/v2\/product\/776135","targetHints":{"allow":["GET"]}}],"collection":[{"href":"https:\/\/roveyayinevi.com.tr\/index.php\/wp-json\/wp\/v2\/product"}],"about":[{"href":"https:\/\/roveyayinevi.com.tr\/index.php\/wp-json\/wp\/v2\/types\/product"}],"wp:attachment":[{"href":"https:\/\/roveyayinevi.com.tr\/index.php\/wp-json\/wp\/v2\/media?parent=776135"}],"wp:term":[{"taxonomy":"product_brand","embeddable":true,"href":"https:\/\/roveyayinevi.com.tr\/index.php\/wp-json\/wp\/v2\/product_brand?post=776135"},{"taxonomy":"product_cat","embeddable":true,"href":"https:\/\/roveyayinevi.com.tr\/index.php\/wp-json\/wp\/v2\/product_cat?post=776135"},{"taxonomy":"product_tag","embeddable":true,"href":"https:\/\/roveyayinevi.com.tr\/index.php\/wp-json\/wp\/v2\/product_tag?post=776135"}],"curies":[{"name":"wp","href":"https:\/\/api.w.org\/{rel}","templated":true}]}}