{"id":776134,"date":"2025-09-20T11:12:56","date_gmt":"2025-09-20T08:12:56","guid":{"rendered":"https:\/\/roveyayinevi.com.tr\/index.php\/urun\/dahiler-sinifi-serisi-kutulu-20-kitap\/"},"modified":"2026-04-15T03:38:53","modified_gmt":"2026-04-15T00:38:53","slug":"dahiler-sinifi-serisi-kutulu-20-kitap","status":"publish","type":"product","link":"https:\/\/roveyayinevi.com.tr\/index.php\/urun\/dahiler-sinifi-serisi-kutulu-20-kitap\/","title":{"rendered":"Dahiler S\u0131n\u0131f\u0131 Serisi (Kutulu 20 Kitap)"},"content":{"rendered":"<p>D\u00c2H\u0130LER SINIFI: OKUMASI KOLAY, UNUTMASI ZORD\u00e2hiler S\u0131n\u0131f\u0131 Serisi Hakk\u0131nda:Bunlar, her biri kendi y\u00f6ntemiyle; kelimeleriyle, icatlar\u0131yla, se\u00e7imleriyle ve hatta kaderleriyle d\u00fcnyay\u0131 de\u011fi\u015ftirmi\u015f kad\u0131nlar\u0131n ve erkeklerin hayat hik\u00e2yeleri; \u015fa\u015fk\u0131nl\u0131k ve hayranl\u0131k duyman\u0131z\u0131 sa\u011flayacak, hayal g\u00fcc\u00fc ve merak duygunuzu harekete ge\u00e7irecek b\u00fcy\u00fcleyici hik\u00e2yeler. D\u00e2hiler S\u0131n\u0131f\u0131 serisi bu \u00f6zel insanlar\u0131 \u00e7ocuklarla (9 ya\u015f ve \u00fcst\u00fc) tan\u0131\u015ft\u0131rmak \u00fczere tasarland\u0131. \u0130lk olarak yay\u0131mland\u0131\u011f\u0131 \u0130talya\u2019da b\u00fcy\u00fck \u00f6vg\u00fc toplayan ve ard\u0131ndan pek \u00e7ok dile \u00e7evrilen D\u00e2hiler S\u0131n\u0131f\u0131, minik ebad\u0131, renkli ill\u00fcstrasyonlar\u0131, bilgiyi heyecan ve macerayla birle\u015ftiren anlat\u0131m\u0131yla \u00e7ocuklar\u0131n kolay okuyaca\u011f\u0131, zor unutaca\u011f\u0131, onlara \u00f6\u011frendiklerinden daha da fazlas\u0131n\u0131 merak ettirecek bir seri.9 YA\u015e VE \u00dcZER\u0130 Serinin kitaplar\u0131:Einstein \u2013 S\u0131n\u0131rs\u0131z DehaLeonardo da Vinci \u2013 Zaman\u0131n \u00d6tesinde Bir BeyinSteve Jobs \u2013 Bilgisayara Can Veren AdamMozart \u2013 M\u00fczi\u011fin D\u00e2hisiNewton \u2013 Fizik Sihirbaz\u0131Marie Curie \u2013 Atom Kad\u0131nStephen Hawking \u2013 Sonsuzlu\u011fun \u0130zinde Bir ZihinMuhammed Ali \u2013 T\u00fcm Zamanlar\u0131n En B\u00fcy\u00fc\u011f\u00fcNikola Tesla \u2013 Gelece\u011fi Ke\u015ffeden AdamPablo Picasso \u2013 S\u0131n\u0131r Tan\u0131maz Sanat\u00e7\u0131 S\u00fcfrajetler \u2013 T\u00fcm Kad\u0131nlara Oy Hakk\u0131Enzo Ferrari \u2013 H\u0131z\u0131n EfendisiAr\u015fimet \u2013 Say\u0131lar\u0131n B\u00fcy\u00fcc\u00fcs\u00fcPisagor \u2013 Ve D\u00fcnyan\u0131n En \u00dcnl\u00fc TeoremiBeatles \u2013 Efsane D\u00f6rtl\u00fcWilliam Shakespeare \u2013 Tiyatronun EfendisiGalileo Galilei \u2013 G\u00f6klerin K\u00e2\u015fifiMaradona \u2013 Alt\u0131n \u00c7ocukOle Kirk Kristiansen: LEGO&#8217;nun Yarat\u0131c\u0131s\u0131Kopernik \u2013 Astronomi Devrimi<\/p>\n","protected":false},"excerpt":{"rendered":"<p>D\u00c2H\u0130LER SINIFI: OKUMASI KOLAY, UNUTMASI ZORD\u00e2hiler S\u0131n\u0131f\u0131 Serisi Hakk\u0131nda:Bunlar, her biri kendi y\u00f6ntemiyle; kelimeleriyle, icatlar\u0131yla, se\u00e7imleriyle ve hatta kaderleriyle d\u00fcnyay\u0131 de\u011fi\u015ftirmi\u015f kad\u0131nlar\u0131n ve erkeklerin hayat hik\u00e2yeleri;<span class=\"excerpt-hellip\"> [\u2026]<\/span><\/p>\n","protected":false},"featured_media":0,"template":"","meta":{"_monsterinsights_skip_tracking":false,"_monsterinsights_sitenote_active":false,"_monsterinsights_sitenote_note":"","_monsterinsights_sitenote_category":0},"product_brand":[],"product_cat":[12274,12284],"product_tag":[],"class_list":{"0":"post-776134","1":"product","2":"type-product","3":"status-publish","5":"product_cat-cocuk-ve-genclik-kitaplari","6":"product_cat-hikayeler","7":"pa_cilt-ciltsiz","8":"pa_tur-kitap","9":"pa_yayinevi-domingo-yayinevi","10":"pa_yazar-kolektif","12":"first","13":"instock","14":"sale","15":"shipping-taxable","16":"purchasable","17":"product-type-simple"},"_links":{"self":[{"href":"https:\/\/roveyayinevi.com.tr\/index.php\/wp-json\/wp\/v2\/product\/776134","targetHints":{"allow":["GET"]}}],"collection":[{"href":"https:\/\/roveyayinevi.com.tr\/index.php\/wp-json\/wp\/v2\/product"}],"about":[{"href":"https:\/\/roveyayinevi.com.tr\/index.php\/wp-json\/wp\/v2\/types\/product"}],"wp:attachment":[{"href":"https:\/\/roveyayinevi.com.tr\/index.php\/wp-json\/wp\/v2\/media?parent=776134"}],"wp:term":[{"taxonomy":"product_brand","embeddable":true,"href":"https:\/\/roveyayinevi.com.tr\/index.php\/wp-json\/wp\/v2\/product_brand?post=776134"},{"taxonomy":"product_cat","embeddable":true,"href":"https:\/\/roveyayinevi.com.tr\/index.php\/wp-json\/wp\/v2\/product_cat?post=776134"},{"taxonomy":"product_tag","embeddable":true,"href":"https:\/\/roveyayinevi.com.tr\/index.php\/wp-json\/wp\/v2\/product_tag?post=776134"}],"curies":[{"name":"wp","href":"https:\/\/api.w.org\/{rel}","templated":true}]}}