{"id":776133,"date":"2025-09-20T10:43:27","date_gmt":"2025-09-20T07:43:27","guid":{"rendered":"https:\/\/roveyayinevi.com.tr\/index.php\/urun\/erken-cocuklukta-oyun-temelli-etkinliklerle-diskalkuli-matematik-ogrenme-guclugune-mudahale\/"},"modified":"2026-04-15T03:34:07","modified_gmt":"2026-04-15T00:34:07","slug":"erken-cocuklukta-oyun-temelli-etkinliklerle-diskalkuli-matematik-ogrenme-guclugune-mudahale","status":"publish","type":"product","link":"https:\/\/roveyayinevi.com.tr\/index.php\/urun\/erken-cocuklukta-oyun-temelli-etkinliklerle-diskalkuli-matematik-ogrenme-guclugune-mudahale\/","title":{"rendered":"Erken \u00c7ocuklukta Oyun Temelli Etkinliklerle Diskalkuli-Matematik \u00d6\u011frenme G\u00fc\u00e7l\u00fc\u011f\u00fcne M\u00fcdahale"},"content":{"rendered":"<p>Kitaptaki etkinlikler, matematik \u00f6\u011frenme s\u00fcrecini daha ilgi \u00e7ekici hale getirmenin yan\u0131 s\u0131ra diskalkuli gibi matematik g\u00fc\u00e7l\u00fc\u011f\u00fc \u00e7eken \u00e7ocuklar i\u00e7in \u00f6zel olarak tasarlanm\u0131\u015ft\u0131r. Her etkinlik \u00e7ocuklar\u0131n farkl\u0131 \u00f6\u011frenme stillerine ve h\u0131zlar\u0131na uygun olacak \u015fekilde esnek olup, onlara matematikle ilgili olumlu deneyimler ya\u015fatmay\u0131 ama\u00e7lamaktad\u0131r. Say\u0131lar\u0131 bulma, basit aritmetik hesaplamalar\u0131 \u00f6\u011frenme gibi temel beceriler, \u00e7ocuklar\u0131n gelecekteki matematiksel d\u00fc\u015f\u00fcnme becerilerini do\u011frudan etkiler.   Bu kitap, \u00e7ocuklarla \u00e7al\u0131\u015fan e\u011fitimciler, ebeveynler ve profesyonellerin matematik \u00f6\u011fretimini oyun yoluyla daha etkili bir \u015fekilde kullanmalar\u0131 i\u00e7in bir rehberdir. Bu yakla\u015f\u0131m, \u00e7ocuklar\u0131n kendilerine olan g\u00fcvenlerini art\u0131rmay\u0131 ve onlar\u0131 matematik \u00f6\u011frenme s\u00fcre\u00e7lerinde cesaretlendirmeyi, ayr\u0131ca \u00e7ocuklar\u0131n e\u011flenerek \u00f6\u011frenme mant\u0131\u011f\u0131yla matematik becerilerini kazanmalar\u0131n\u0131 sa\u011flamay\u0131 ama\u00e7lamaktad\u0131r.<\/p>\n","protected":false},"excerpt":{"rendered":"<p>Kitaptaki etkinlikler, matematik \u00f6\u011frenme s\u00fcrecini daha ilgi \u00e7ekici hale getirmenin yan\u0131 s\u0131ra diskalkuli gibi matematik g\u00fc\u00e7l\u00fc\u011f\u00fc \u00e7eken \u00e7ocuklar i\u00e7in \u00f6zel olarak tasarlanm\u0131\u015ft\u0131r. Her etkinlik \u00e7ocuklar\u0131n farkl\u0131<span class=\"excerpt-hellip\"> [\u2026]<\/span><\/p>\n","protected":false},"featured_media":0,"template":"","meta":{"_monsterinsights_skip_tracking":false,"_monsterinsights_sitenote_active":false,"_monsterinsights_sitenote_note":"","_monsterinsights_sitenote_category":0},"product_brand":[],"product_cat":[12573,12566],"product_tag":[],"class_list":{"0":"post-776133","1":"product","2":"type-product","3":"status-publish","5":"product_cat-akademik-kitaplar","6":"product_cat-egitim","7":"pa_cilt-ciltsiz","8":"pa_tur-kitap","9":"pa_yayinevi-egiten-kitap","10":"pa_yazar-kolektif","12":"first","13":"instock","14":"sale","15":"shipping-taxable","16":"purchasable","17":"product-type-simple"},"_links":{"self":[{"href":"https:\/\/roveyayinevi.com.tr\/index.php\/wp-json\/wp\/v2\/product\/776133","targetHints":{"allow":["GET"]}}],"collection":[{"href":"https:\/\/roveyayinevi.com.tr\/index.php\/wp-json\/wp\/v2\/product"}],"about":[{"href":"https:\/\/roveyayinevi.com.tr\/index.php\/wp-json\/wp\/v2\/types\/product"}],"wp:attachment":[{"href":"https:\/\/roveyayinevi.com.tr\/index.php\/wp-json\/wp\/v2\/media?parent=776133"}],"wp:term":[{"taxonomy":"product_brand","embeddable":true,"href":"https:\/\/roveyayinevi.com.tr\/index.php\/wp-json\/wp\/v2\/product_brand?post=776133"},{"taxonomy":"product_cat","embeddable":true,"href":"https:\/\/roveyayinevi.com.tr\/index.php\/wp-json\/wp\/v2\/product_cat?post=776133"},{"taxonomy":"product_tag","embeddable":true,"href":"https:\/\/roveyayinevi.com.tr\/index.php\/wp-json\/wp\/v2\/product_tag?post=776133"}],"curies":[{"name":"wp","href":"https:\/\/api.w.org\/{rel}","templated":true}]}}