{"id":776129,"date":"2025-09-20T09:58:30","date_gmt":"2025-09-20T06:58:30","guid":{"rendered":"https:\/\/roveyayinevi.com.tr\/index.php\/urun\/insanlarin-en-gizli-hatirasi\/"},"modified":"2026-04-16T03:14:56","modified_gmt":"2026-04-16T00:14:56","slug":"insanlarin-en-gizli-hatirasi","status":"publish","type":"product","link":"https:\/\/roveyayinevi.com.tr\/index.php\/urun\/insanlarin-en-gizli-hatirasi\/","title":{"rendered":"\u0130nsanlar\u0131n En Gizli Hat\u0131ras\u0131"},"content":{"rendered":"<p>Senegalli gen\u00e7 yazar Di\u00e9gane Latyr Faye, 1938\u2019de Paris\u2019te yay\u0131mland\u0131\u011f\u0131nda b\u00fcy\u00fck ses getiren fakat k\u0131sa s\u00fcre sonra t\u00fcm n\u00fcshalar\u0131 toplat\u0131lan gizemli bir roman\u0131n pe\u015fine d\u00fc\u015fer. Di\u00e9gane\u2019\u0131n \u201czenci Rimbaud\u201dnun pe\u015finde Senegal\u2019den Fransa\u2019ya, Amsterdam\u2019dan Arjantin\u2019e uzanan hik\u00e2yesi, insanl\u0131k tarihinin b\u00fcy\u00fck trajedilerinin, s\u00f6m\u00fcrgecili\u011fin, Shoah\u2019\u0131n, erotik a\u015fk\u0131n, hakikat ile kurmaca aras\u0131ndaki kanl\u0131 \u00e7eki\u015fmelerin i\u00e7 i\u00e7e ge\u00e7ti\u011fi bir \u00f6r\u00fcmcek a\u011f\u0131na d\u00f6n\u00fc\u015f\u00fcr. Yay\u0131mland\u0131\u011f\u0131 2021 y\u0131l\u0131nda Senegalli yazar Mohamed Mbougar Sarr\u2019a Goncourt \u00d6d\u00fcl\u00fc kazand\u0131ran ve hararetli edebiyat tart\u0131\u015fmalar\u0131na konu olan \u0130nsanlar\u0131n En Gizli Hat\u0131ras\u0131, intihal su\u00e7lamalar\u0131 sonras\u0131nda g\u00f6zden d\u00fc\u015fen Afrikal\u0131 bir yazar\u0131n pe\u015finde b\u00fct\u00fcn bir edebiyat ekosistemini ve edebi kanonu mercek alt\u0131na al\u0131yor. B\u00fcy\u00fcl\u00fc ger\u00e7ek\u00e7i anlat\u0131lardan tarihi romana, biyografiden polisiyeye, farkl\u0131 t\u00fcrler aras\u0131nda ustaca gezinen \u0130nsanlar\u0131n En Gizli Hat\u0131ras\u0131, Sarr\u2019\u0131n Malili yazar Yambo Ouologuem\u2019in hayat\u0131ndan ilham alarak kurgulad\u0131\u011f\u0131 d\u00f6rd\u00fcnc\u00fc ve T\u00fcrk\u00e7eye terc\u00fcme edilen ilk roman\u0131. \u201cFakat siz Afrikal\u0131 yazarlar ve entelekt\u00fceller, kendinizi baz\u0131 kimliklendirmelerden sak\u0131n\u0131n. Burjuva Fransa, vicdan\u0131n\u0131 rahat tutmak i\u00e7in elbette i\u00e7inizden birini kutsayacak. Arada bir ba\u015far\u0131ya ula\u015fan ya da model mertebesine y\u00fckseltilen bir Afrikal\u0131 \u00e7\u0131kacak ortaya. Fakat inan bana, temelde yabanc\u0131s\u0131n\u0131z ve eserleriniz ne derece de\u011ferli olursa olsun yabanc\u0131 kalacaks\u0131n\u0131z. Siz bural\u0131 de\u011filsiniz.\u201d<\/p>\n","protected":false},"excerpt":{"rendered":"<p>Senegalli gen\u00e7 yazar Di\u00e9gane Latyr Faye, 1938\u2019de Paris\u2019te yay\u0131mland\u0131\u011f\u0131nda b\u00fcy\u00fck ses getiren fakat k\u0131sa s\u00fcre sonra t\u00fcm n\u00fcshalar\u0131 toplat\u0131lan gizemli bir roman\u0131n pe\u015fine d\u00fc\u015fer. Di\u00e9gane\u2019\u0131n \u201czenci<span class=\"excerpt-hellip\"> [\u2026]<\/span><\/p>\n","protected":false},"featured_media":0,"template":"","meta":{"_monsterinsights_skip_tracking":false,"_monsterinsights_sitenote_active":false,"_monsterinsights_sitenote_note":"","_monsterinsights_sitenote_category":0},"product_brand":[],"product_cat":[12291,12711],"product_tag":[],"class_list":{"0":"post-776129","1":"product","2":"type-product","3":"status-publish","5":"product_cat-edebiyat","6":"product_cat-roman-oyku","7":"pa_cilt-ciltsiz","8":"pa_tur-kitap","9":"pa_yayinevi-everest-yayinlari","10":"pa_yazar-mohamed-mbougar-sarr","12":"first","13":"instock","14":"sale","15":"shipping-taxable","16":"purchasable","17":"product-type-simple"},"_links":{"self":[{"href":"https:\/\/roveyayinevi.com.tr\/index.php\/wp-json\/wp\/v2\/product\/776129","targetHints":{"allow":["GET"]}}],"collection":[{"href":"https:\/\/roveyayinevi.com.tr\/index.php\/wp-json\/wp\/v2\/product"}],"about":[{"href":"https:\/\/roveyayinevi.com.tr\/index.php\/wp-json\/wp\/v2\/types\/product"}],"wp:attachment":[{"href":"https:\/\/roveyayinevi.com.tr\/index.php\/wp-json\/wp\/v2\/media?parent=776129"}],"wp:term":[{"taxonomy":"product_brand","embeddable":true,"href":"https:\/\/roveyayinevi.com.tr\/index.php\/wp-json\/wp\/v2\/product_brand?post=776129"},{"taxonomy":"product_cat","embeddable":true,"href":"https:\/\/roveyayinevi.com.tr\/index.php\/wp-json\/wp\/v2\/product_cat?post=776129"},{"taxonomy":"product_tag","embeddable":true,"href":"https:\/\/roveyayinevi.com.tr\/index.php\/wp-json\/wp\/v2\/product_tag?post=776129"}],"curies":[{"name":"wp","href":"https:\/\/api.w.org\/{rel}","templated":true}]}}